{"id":38,"date":"2024-05-28T20:37:32","date_gmt":"2024-05-28T23:37:32","guid":{"rendered":"https:\/\/uenf.br\/ccta\/lrmga\/?page_id=38"},"modified":"2025-01-30T10:11:20","modified_gmt":"2025-01-30T13:11:20","slug":"reproducao-obstetricia-e-ultrassonografia-de-animais-de-companhia","status":"publish","type":"page","link":"https:\/\/uenf.br\/ccta\/lrmga\/setores\/reproducao-obstetricia-e-ultrassonografia-de-animais-de-companhia\/","title":{"rendered":"Reprodu\u00e7\u00e3o, Obstetr\u00edcia e Ultrassonografia de Animais de Companhia"},"content":{"rendered":"<table width=\"566\">\n<tbody>\n<tr>\n<td width=\"566\"><strong>Professor (a): <a href=\"http:\/\/lattes.cnpq.br\/3961597070150740\" target=\"_blank\" rel=\"noopener\">Isabel Candia Nunes da Cunha<\/a><\/strong><\/td>\n<\/tr>\n<tr>\n<td width=\"566\"><strong>Descri\u00e7\u00e3o: <\/strong>O setor iniciou seu funcionamento em outubro de 2003 e atingiu a marca de mais de 12 mil casos atendidos at\u00e9 janeiro de 2025, durante esse per\u00edodo atuamos, principalmente, na melhoria do servi\u00e7o de cl\u00ednica reprodutiva oferecido aos propriet\u00e1rios de c\u00e3es e gatos de Campos dos Goytacazes e regi\u00e3o, na transmiss\u00e3o de conhecimentos aos m\u00e9dicos veterin\u00e1rios e na compila\u00e7\u00e3o de dados que caracterizam o perfil epidemiol\u00f3gico de ocorr\u00eancia de doen\u00e7as reprodutivas em nossa regi\u00e3o. Durante essa nossa breve jornada verificamos o aumento e a diversifica\u00e7\u00e3o da casu\u00edstica e o grande aumento da procura por tecnologias que possibilitam e otimizam a reprodu\u00e7\u00e3o dos animais de companhia, n\u00e3o s\u00f3 no HV-UENF, como tamb\u00e9m nas cl\u00ednicas veterin\u00e1rias particulares de nossa cidade e regi\u00e3o. O setor oferece atendimentos e servi\u00e7os cl\u00ednico-reprodutivos que s\u00e3o prestados \u00e0 popula\u00e7\u00e3o de Campos dos Goytacazes e regi\u00e3o no Hospital Veterin\u00e1rio de segunda a sexta das 08:00 \u00e0s 18:00h.<\/td>\n<\/tr>\n<tr>\n<td width=\"566\"><strong>Estrutura: <\/strong>O setor conta com 01 ambulat\u00f3rio de atendimento com acesso ao laborat\u00f3rio de manipula\u00e7\u00e3o e preparo de quimioter\u00e1picos, 01 ambulat\u00f3rio destinado a atendimentos cl\u00ednico-reprodutivo e obst\u00e9trico com preparo adequado para realiza\u00e7\u00e3o de exame ultrassonogr\u00e1fico, 01 laborat\u00f3rio preparado para realiza\u00e7\u00e3o de insemina\u00e7\u00f5es artificiais de c\u00e3es e gatos e realiza\u00e7\u00e3o de exames histopatol\u00f3gicos de material reprodutivo e de exames androl\u00f3gicos.<\/td>\n<\/tr>\n<\/tbody>\n<\/table>\n","protected":false},"excerpt":{"rendered":"<p>Professor (a): Isabel Candia Nunes da Cunha Descri\u00e7\u00e3o: O setor iniciou seu funcionamento em outubro de 2003 e atingiu a&#8230;<\/p>\n","protected":false},"author":36,"featured_media":0,"parent":17,"menu_order":2,"comment_status":"closed","ping_status":"closed","template":"","meta":{"footnotes":""},"class_list":["post-38","page","type-page","status-publish","hentry"],"_links":{"self":[{"href":"https:\/\/uenf.br\/ccta\/lrmga\/wp-json\/wp\/v2\/pages\/38","targetHints":{"allow":["GET"]}}],"collection":[{"href":"https:\/\/uenf.br\/ccta\/lrmga\/wp-json\/wp\/v2\/pages"}],"about":[{"href":"https:\/\/uenf.br\/ccta\/lrmga\/wp-json\/wp\/v2\/types\/page"}],"author":[{"embeddable":true,"href":"https:\/\/uenf.br\/ccta\/lrmga\/wp-json\/wp\/v2\/users\/36"}],"replies":[{"embeddable":true,"href":"https:\/\/uenf.br\/ccta\/lrmga\/wp-json\/wp\/v2\/comments?post=38"}],"version-history":[{"count":0,"href":"https:\/\/uenf.br\/ccta\/lrmga\/wp-json\/wp\/v2\/pages\/38\/revisions"}],"up":[{"embeddable":true,"href":"https:\/\/uenf.br\/ccta\/lrmga\/wp-json\/wp\/v2\/pages\/17"}],"wp:attachment":[{"href":"https:\/\/uenf.br\/ccta\/lrmga\/wp-json\/wp\/v2\/media?parent=38"}],"curies":[{"name":"wp","href":"https:\/\/api.w.org\/{rel}","templated":true}]}}