{"id":41,"date":"2024-05-28T20:39:49","date_gmt":"2024-05-28T23:39:49","guid":{"rendered":"https:\/\/uenf.br\/ccta\/lrmga\/?page_id=41"},"modified":"2024-05-28T21:29:36","modified_gmt":"2024-05-29T00:29:36","slug":"tecnologia-de-embrioes","status":"publish","type":"page","link":"https:\/\/uenf.br\/ccta\/lrmga\/setores\/tecnologia-de-embrioes\/","title":{"rendered":"Tecnologia de embri\u00f5es"},"content":{"rendered":"<table width=\"566\">\n<tbody>\n<tr>\n<td width=\"566\"><strong>Professor (es):<\/strong><a href=\"http:\/\/lattes.cnpq.br\/9765923327693409\" target=\"_blank\" rel=\"noopener\">Angelo Jos\u00e9 Burla Dias<\/a>, <a href=\"http:\/\/lattes.cnpq.br\/7847199931601386\" target=\"_blank\" rel=\"noopener\">Maria Clara Caldas Bussiere<\/a><\/td>\n<\/tr>\n<tr>\n<td width=\"566\"><strong>Descri\u00e7\u00e3o: <\/strong>O Setor se dedica ao estudo da produ\u00e7\u00e3o in vitro de embri\u00f5es, estudando aspectos relacionados \u00e0 doadora e \u00e0s diferentes etapas da produ\u00e7\u00e3o in vitro de embri\u00f5es (PIVE), como matura\u00e7\u00e3o de o\u00f3citos, capacita\u00e7\u00e3o de espermatozoides, fecunda\u00e7\u00e3o &#8220;in vitro&#8221;\/desenvolvimento embrion\u00e1rio, com o objetivo de otimizar o sistema de PIVE em esp\u00e9cies de interesse zoot\u00e9cnico. Alunos volunt\u00e1rios, de Inicia\u00e7\u00e3o cient\u00edfica, extens\u00e3o, mestrado e doutorado acompanham todos os processos relacionados ao setor. As atividades s\u00e3o suportadas pela equipe de 4 professores e 3 t\u00e9cnicos.<\/td>\n<\/tr>\n<tr>\n<td width=\"566\"><strong>Estrutura: <\/strong>O setor conta com todos os equipamentos para a coleta de o\u00f3citos in vivo, ou de abatedouro, assim como a estrutura necess\u00e1ria para as diferentes etapas da PIVE. Adicionalmente, conta com micromanipulador de c\u00e9lulas e microsc\u00f3pio de fluoresc\u00eancia para avalia\u00e7\u00e3o celular<\/td>\n<\/tr>\n<\/tbody>\n<\/table>\n","protected":false},"excerpt":{"rendered":"<p>Professor (es):Angelo Jos\u00e9 Burla Dias, Maria Clara Caldas Bussiere Descri\u00e7\u00e3o: O Setor se dedica ao estudo da produ\u00e7\u00e3o in vitro&#8230;<\/p>\n","protected":false},"author":36,"featured_media":0,"parent":17,"menu_order":3,"comment_status":"closed","ping_status":"closed","template":"","meta":{"footnotes":""},"class_list":["post-41","page","type-page","status-publish","hentry"],"_links":{"self":[{"href":"https:\/\/uenf.br\/ccta\/lrmga\/wp-json\/wp\/v2\/pages\/41","targetHints":{"allow":["GET"]}}],"collection":[{"href":"https:\/\/uenf.br\/ccta\/lrmga\/wp-json\/wp\/v2\/pages"}],"about":[{"href":"https:\/\/uenf.br\/ccta\/lrmga\/wp-json\/wp\/v2\/types\/page"}],"author":[{"embeddable":true,"href":"https:\/\/uenf.br\/ccta\/lrmga\/wp-json\/wp\/v2\/users\/36"}],"replies":[{"embeddable":true,"href":"https:\/\/uenf.br\/ccta\/lrmga\/wp-json\/wp\/v2\/comments?post=41"}],"version-history":[{"count":0,"href":"https:\/\/uenf.br\/ccta\/lrmga\/wp-json\/wp\/v2\/pages\/41\/revisions"}],"up":[{"embeddable":true,"href":"https:\/\/uenf.br\/ccta\/lrmga\/wp-json\/wp\/v2\/pages\/17"}],"wp:attachment":[{"href":"https:\/\/uenf.br\/ccta\/lrmga\/wp-json\/wp\/v2\/media?parent=41"}],"curies":[{"name":"wp","href":"https:\/\/api.w.org\/{rel}","templated":true}]}}