{"id":44,"date":"2024-05-28T20:41:22","date_gmt":"2024-05-28T23:41:22","guid":{"rendered":"https:\/\/uenf.br\/ccta\/lrmga\/?page_id=44"},"modified":"2025-01-30T10:01:20","modified_gmt":"2025-01-30T13:01:20","slug":"tecnologia-de-semen","status":"publish","type":"page","link":"https:\/\/uenf.br\/ccta\/lrmga\/setores\/tecnologia-de-semen\/","title":{"rendered":"Tecnologia de S\u00eamen"},"content":{"rendered":"<table width=\"566\">\n<tbody>\n<tr>\n<td width=\"566\"><strong>Professor (es):<\/strong> <a href=\"http:\/\/lattes.cnpq.br\/1845406575748415\" target=\"_blank\" rel=\"noopener\">Jos\u00e9 Frederico Straggiotti Silva<\/a>, <a href=\"http:\/\/lattes.cnpq.br\/3961597070150740\" target=\"_blank\" rel=\"noopener\">Isabel Candia Nunes da Cunha<\/a><\/td>\n<\/tr>\n<tr>\n<td width=\"566\"><strong>Descri\u00e7\u00e3o: <\/strong>O setor oferece presta\u00e7\u00e3o de servi\u00e7os da \u00e1rea de andrologia e de biot\u00e9cnicas aplicadas \u00e0 reprodu\u00e7\u00e3o dos machos de esp\u00e9cies dom\u00e9sticas e selvagens.<\/td>\n<\/tr>\n<tr>\n<td width=\"566\"><strong>Estrutura: l<\/strong>ocalizado no Hospital Veterin\u00e1rio, o Setor conta com um analisador de motilidade seminal computadorizado, ultra congelador \u201370 \u00baC, osm\u00f4metro, potenci\u00f4metros port\u00e1til e de bancada, microsc\u00f3pio de fluoresc\u00eancia TE 200 Nikon, sistema de foto-documenta\u00e7\u00e3o e imagem, software de an\u00e1lise de imagem.<\/td>\n<\/tr>\n<\/tbody>\n<\/table>\n","protected":false},"excerpt":{"rendered":"<p>Professor (es): Jos\u00e9 Frederico Straggiotti Silva, Isabel Candia Nunes da Cunha Descri\u00e7\u00e3o: O setor oferece presta\u00e7\u00e3o de servi\u00e7os da \u00e1rea&#8230;<\/p>\n","protected":false},"author":36,"featured_media":0,"parent":17,"menu_order":4,"comment_status":"closed","ping_status":"closed","template":"","meta":{"footnotes":""},"class_list":["post-44","page","type-page","status-publish","hentry"],"_links":{"self":[{"href":"https:\/\/uenf.br\/ccta\/lrmga\/wp-json\/wp\/v2\/pages\/44","targetHints":{"allow":["GET"]}}],"collection":[{"href":"https:\/\/uenf.br\/ccta\/lrmga\/wp-json\/wp\/v2\/pages"}],"about":[{"href":"https:\/\/uenf.br\/ccta\/lrmga\/wp-json\/wp\/v2\/types\/page"}],"author":[{"embeddable":true,"href":"https:\/\/uenf.br\/ccta\/lrmga\/wp-json\/wp\/v2\/users\/36"}],"replies":[{"embeddable":true,"href":"https:\/\/uenf.br\/ccta\/lrmga\/wp-json\/wp\/v2\/comments?post=44"}],"version-history":[{"count":0,"href":"https:\/\/uenf.br\/ccta\/lrmga\/wp-json\/wp\/v2\/pages\/44\/revisions"}],"up":[{"embeddable":true,"href":"https:\/\/uenf.br\/ccta\/lrmga\/wp-json\/wp\/v2\/pages\/17"}],"wp:attachment":[{"href":"https:\/\/uenf.br\/ccta\/lrmga\/wp-json\/wp\/v2\/media?parent=44"}],"curies":[{"name":"wp","href":"https:\/\/api.w.org\/{rel}","templated":true}]}}