{"id":47,"date":"2024-05-28T20:43:49","date_gmt":"2024-05-28T23:43:49","guid":{"rendered":"https:\/\/uenf.br\/ccta\/lrmga\/?page_id=47"},"modified":"2025-04-07T09:54:34","modified_gmt":"2025-04-07T12:54:34","slug":"melhoramento-genetico-animal","status":"publish","type":"page","link":"https:\/\/uenf.br\/ccta\/lrmga\/setores\/melhoramento-genetico-animal\/","title":{"rendered":"Melhoramento gen\u00e9tico animal"},"content":{"rendered":"<table width=\"566\">\n<tbody>\n<tr>\n<td width=\"566\"><strong>Professor (es): <\/strong><a href=\"http:\/\/lattes.cnpq.br\/2171851706040729\" target=\"_blank\" rel=\"noopener\">Celia Raquel Quirino<\/a>; <a href=\"http:\/\/lattes.cnpq.br\/7737203994066205\" target=\"_blank\" rel=\"noopener\">Wilder Hernando Ortiz Vega<\/a><\/td>\n<\/tr>\n<tr>\n<td width=\"566\"><strong>Descri\u00e7\u00e3o: <\/strong>O setor atende alunos de diversas \u00e1reas da ci\u00eancia animal, trabalhando com todas as esp\u00e9cies de produ\u00e7\u00e3o, com \u00eanfase em Gen\u00e9tica e Melhoramento de ovinos, b\u00fafalos, bovinos e equinos. Trabalhamos com estima\u00e7\u00e3o de par\u00e2metros gen\u00e9ticos de caracter\u00edsticas de produ\u00e7\u00e3o e reprodu\u00e7\u00e3o assim como na \u00e1rea de conserva\u00e7\u00e3o de recursos gen\u00e9ticos.<\/td>\n<\/tr>\n<tr>\n<td width=\"566\"><strong>Estrutura: <\/strong>o Setor de Melhoramento Gen\u00e9tico Animal est\u00e1 localizado no Hospital Veterin\u00e1rio, \u00e9 dividido em dois sub-setores, o de An\u00e1lise de Dados e o setor de Gen\u00e9tica Molecular Aplicada \u00e0 Produ\u00e7\u00e3o Animal. A sala de an\u00e1lise de dados \u00e9 utilizada para an\u00e1lise de dados de experimentos com animais a campo e registros de dados obtidos em fazenda e associa\u00e7\u00f5es de criadores. A sala possui ramal telef\u00f4nico e conex\u00e3o para quatro pontos de internet e abriga 02 computadores PC, 02 impressoras e 01 Notebook e Scanner. J\u00e1 o setor de Gen\u00e9tica Molecular Aplicada \u00e0 Produ\u00e7\u00e3o Animal ocupa quatro salas (extra\u00e7\u00e3o de DNA, PCR, Almoxarifado e sala do fotodocumentador), com uma estrutura para extra\u00e7\u00e3o de DNA de amostras de sangue e pelo, onde encontram-se os seguintes equipamentos: geladeira duplex, freezer, forno micro-ondas, ultra-centr\u00edfuga, banho-maria, fotodocumentador, termociclador, termociclador em Tempo Real, balan\u00e7a de precis\u00e3o eletr\u00f4nica, pipetas digitais multicanal .<\/td>\n<\/tr>\n<\/tbody>\n<\/table>\n<p>&nbsp;<\/p>\n<table style=\"height: 652px\" width=\"598\">\n<tbody>\n<tr>\n<td width=\"283\"><strong>Grupo de Estudo<\/strong><\/td>\n<td width=\"283\">Reprodu\u00e7\u00e3o e Melhoramento Animal de Precis\u00e3o- <strong>REMAP-UENF<\/strong><\/td>\n<\/tr>\n<tr>\n<td width=\"283\"><strong>Coordenador<\/strong><\/td>\n<td width=\"283\">Wilder Hernando Ortiz Vega<\/td>\n<\/tr>\n<tr>\n<td width=\"283\"><\/td>\n<td width=\"283\"><\/td>\n<\/tr>\n<tr>\n<td width=\"283\"><strong>Integrantes<\/strong><\/td>\n<td width=\"283\"><strong>Nossa Logo<\/strong><\/td>\n<\/tr>\n<tr>\n<td width=\"283\">B\u00e1rbara do Carmo Malta<\/td>\n<td rowspan=\"6\" width=\"283\"><img loading=\"lazy\" decoding=\"async\" class=\"alignleft wp-image-368\" src=\"http:\/\/uenf.br\/ccta\/lrmga\/files\/2025\/04\/logo-remap-263x300.jpeg\" alt=\"\" width=\"264\" height=\"301\" srcset=\"https:\/\/uenf.br\/ccta\/lrmga\/files\/2025\/04\/logo-remap-263x300.jpeg 263w, https:\/\/uenf.br\/ccta\/lrmga\/files\/2025\/04\/logo-remap-898x1024.jpeg 898w, https:\/\/uenf.br\/ccta\/lrmga\/files\/2025\/04\/logo-remap-768x876.jpeg 768w, https:\/\/uenf.br\/ccta\/lrmga\/files\/2025\/04\/logo-remap.jpeg 1122w\" sizes=\"auto, (max-width: 264px) 100vw, 264px\" \/><\/td>\n<\/tr>\n<tr>\n<td width=\"283\">Luisa Fernanda Cipagauta<\/td>\n<\/tr>\n<tr>\n<td width=\"283\">Ana Clara Pena Lima<\/td>\n<\/tr>\n<tr>\n<td width=\"283\">Sarah Portela Gomes da Silva<\/td>\n<\/tr>\n<tr>\n<td width=\"283\">Ayla Beatriz Costa da Silva<\/td>\n<\/tr>\n<tr>\n<td width=\"283\"><\/td>\n<\/tr>\n<tr>\n<td width=\"283\"><strong>Contato:<\/strong> <a href=\"https:\/\/www.instagram.com\/remap_uenf?igsh=MXg0b3VsY2VxZHFh\" target=\"_blank\" rel=\"noopener\">@remap_uenf<\/a><\/p>\n<p>&nbsp;<\/p>\n<p>&nbsp;<\/td>\n<td width=\"283\"><a href=\"https:\/\/www.instagram.com\/remap_uenf?igsh=MXg0b3VsY2VxZHFh\" target=\"_blank\" rel=\"noopener\"><img loading=\"lazy\" decoding=\"async\" class=\"alignleft wp-image-363\" src=\"http:\/\/uenf.br\/ccta\/lrmga\/files\/2025\/04\/png-intsa.png\" alt=\"\" width=\"132\" height=\"132\" srcset=\"https:\/\/uenf.br\/ccta\/lrmga\/files\/2025\/04\/png-intsa.png 225w, https:\/\/uenf.br\/ccta\/lrmga\/files\/2025\/04\/png-intsa-150x150.png 150w\" sizes=\"auto, (max-width: 132px) 100vw, 132px\" \/><\/a><\/td>\n<\/tr>\n<\/tbody>\n<\/table>\n","protected":false},"excerpt":{"rendered":"<p>Professor (es): Celia Raquel Quirino; Wilder Hernando Ortiz Vega Descri\u00e7\u00e3o: O setor atende alunos de diversas \u00e1reas da ci\u00eancia animal,&#8230;<\/p>\n","protected":false},"author":36,"featured_media":0,"parent":17,"menu_order":5,"comment_status":"closed","ping_status":"closed","template":"","meta":{"footnotes":""},"class_list":["post-47","page","type-page","status-publish","hentry"],"_links":{"self":[{"href":"https:\/\/uenf.br\/ccta\/lrmga\/wp-json\/wp\/v2\/pages\/47","targetHints":{"allow":["GET"]}}],"collection":[{"href":"https:\/\/uenf.br\/ccta\/lrmga\/wp-json\/wp\/v2\/pages"}],"about":[{"href":"https:\/\/uenf.br\/ccta\/lrmga\/wp-json\/wp\/v2\/types\/page"}],"author":[{"embeddable":true,"href":"https:\/\/uenf.br\/ccta\/lrmga\/wp-json\/wp\/v2\/users\/36"}],"replies":[{"embeddable":true,"href":"https:\/\/uenf.br\/ccta\/lrmga\/wp-json\/wp\/v2\/comments?post=47"}],"version-history":[{"count":0,"href":"https:\/\/uenf.br\/ccta\/lrmga\/wp-json\/wp\/v2\/pages\/47\/revisions"}],"up":[{"embeddable":true,"href":"https:\/\/uenf.br\/ccta\/lrmga\/wp-json\/wp\/v2\/pages\/17"}],"wp:attachment":[{"href":"https:\/\/uenf.br\/ccta\/lrmga\/wp-json\/wp\/v2\/media?parent=47"}],"curies":[{"name":"wp","href":"https:\/\/api.w.org\/{rel}","templated":true}]}}