{"id":50,"date":"2024-05-28T20:45:26","date_gmt":"2024-05-28T23:45:26","guid":{"rendered":"https:\/\/uenf.br\/ccta\/lrmga\/?page_id=50"},"modified":"2024-05-28T21:34:46","modified_gmt":"2024-05-29T00:34:46","slug":"unidade-de-pesquisa-em-clonagem-e-transgenese-animal","status":"publish","type":"page","link":"https:\/\/uenf.br\/ccta\/lrmga\/setores\/unidade-de-pesquisa-em-clonagem-e-transgenese-animal\/","title":{"rendered":"Unidade de Pesquisa em Clonagem e transg\u00eanese animal"},"content":{"rendered":"<table width=\"566\">\n<tbody>\n<tr>\n<td width=\"566\"><strong>Professor (es):<\/strong><a href=\"http:\/\/lattes.cnpq.br\/9765923327693409\" target=\"_blank\" rel=\"noopener\">Angelo Jos\u00e9 Burla Dia<\/a>s, <a href=\"http:\/\/lattes.cnpq.br\/7847199931601386\" target=\"_blank\" rel=\"noopener\">Maria Clara Caldas Bussiere<\/a>, <a href=\"http:\/\/lattes.cnpq.br\/9488133154533517\" target=\"_blank\" rel=\"noopener\">Luis Fonseca Matos<\/a> e <a href=\"http:\/\/lattes.cnpq.br\/7737203994066205\" target=\"_blank\" rel=\"noopener\">Wilder Hernando Ortiz Vega<\/a><\/td>\n<\/tr>\n<tr>\n<td width=\"566\"><strong>Descri\u00e7\u00e3o: <\/strong>A Unidade de Pesquisa em Clonagem e Transg\u00eanese Animal, trabalha com pesquisa voltada para a para a gera\u00e7\u00e3o de biorreatores animais geneticamente modificados, e gera\u00e7\u00e3o de modelos experimentais para produ\u00e7\u00e3o de biof\u00e1rmacos. Adicionalmente aborda pesquisas para o aumento da produtividade animal a partir das novas abordagens gen\u00f4micas e moleculares do melhoramento gen\u00e9tico como CRISPR e edi\u00e7\u00e3o g\u00eanica O Setor conta com o Certificado de Qualidade em Biosseguran\u00e7a (CQB) para instala\u00e7\u00f5es com n\u00edvel de biosseguran\u00e7a 1 (NB-1). A interdisciplinaridade com alunos de diferentes \u00e1reas da biologia e medicina veterin\u00e1ria \u00e9 uma caracter\u00edstica do setor.<\/td>\n<\/tr>\n<tr>\n<td width=\"566\"><strong>Estrutura: <\/strong>A \u00e1rea laboratorial \u00e9 dividida em tr\u00eas setores: biologia molecular, produ\u00e7\u00e3o e micromanipula\u00e7\u00e3o de zigotos e embri\u00f5es, e cultivo celular. A biologia molecular \u00e9 equipada com um termociclador, um equipamento de PCR (Real Time StepOne Plus &#8211; Applied), um Nanodrop (One-C, Thermo Scientific), um espectr\u00f4metro que permite a an\u00e1lise quantitativa de \u00e1cidos nucleicos e prote\u00ednas, um sistema de eletroforese para g\u00e9is de agarose e acrilamida, um transiluminador para a visualiza\u00e7\u00e3o dos g\u00e9is, capela de exaust\u00e3o e uma estrutura para produ\u00e7\u00e3o de mol\u00e9culas recombinantes e clonagem e isolamento de vetores plasmidiais.<\/p>\n<p>O setor de produ\u00e7\u00e3o e micromanipula\u00e7\u00e3o de embri\u00f5es possui cabine de fluxo laminar, incubadora de bancada para produ\u00e7\u00e3o in vitro de embri\u00f5es, microsc\u00f3pio de epifluoresc\u00eancia associado ao sistema de micromanipula\u00e7\u00e3o e um Femtojet, equipamento que permite a microinje\u00e7\u00e3o intracitoplasm\u00e1tica ou intranuclear de volumes extremamente pequenos (at\u00e9 picolitros) em ov\u00f3citos e zigotos. A Unidade conta ainda com um equipamento de eletropora\u00e7\u00e3o (BTX 830).<\/td>\n<\/tr>\n<\/tbody>\n<\/table>\n","protected":false},"excerpt":{"rendered":"<p>Professor (es):Angelo Jos\u00e9 Burla Dias, Maria Clara Caldas Bussiere, Luis Fonseca Matos e Wilder Hernando Ortiz Vega Descri\u00e7\u00e3o: A Unidade&#8230;<\/p>\n","protected":false},"author":36,"featured_media":0,"parent":17,"menu_order":6,"comment_status":"closed","ping_status":"closed","template":"","meta":{"footnotes":""},"class_list":["post-50","page","type-page","status-publish","hentry"],"_links":{"self":[{"href":"https:\/\/uenf.br\/ccta\/lrmga\/wp-json\/wp\/v2\/pages\/50","targetHints":{"allow":["GET"]}}],"collection":[{"href":"https:\/\/uenf.br\/ccta\/lrmga\/wp-json\/wp\/v2\/pages"}],"about":[{"href":"https:\/\/uenf.br\/ccta\/lrmga\/wp-json\/wp\/v2\/types\/page"}],"author":[{"embeddable":true,"href":"https:\/\/uenf.br\/ccta\/lrmga\/wp-json\/wp\/v2\/users\/36"}],"replies":[{"embeddable":true,"href":"https:\/\/uenf.br\/ccta\/lrmga\/wp-json\/wp\/v2\/comments?post=50"}],"version-history":[{"count":0,"href":"https:\/\/uenf.br\/ccta\/lrmga\/wp-json\/wp\/v2\/pages\/50\/revisions"}],"up":[{"embeddable":true,"href":"https:\/\/uenf.br\/ccta\/lrmga\/wp-json\/wp\/v2\/pages\/17"}],"wp:attachment":[{"href":"https:\/\/uenf.br\/ccta\/lrmga\/wp-json\/wp\/v2\/media?parent=50"}],"curies":[{"name":"wp","href":"https:\/\/api.w.org\/{rel}","templated":true}]}}