{"id":59,"date":"2024-05-28T20:50:45","date_gmt":"2024-05-28T23:50:45","guid":{"rendered":"https:\/\/uenf.br\/ccta\/lrmga\/?page_id=59"},"modified":"2025-02-03T09:20:29","modified_gmt":"2025-02-03T12:20:29","slug":"chefia-do-laboratorio","status":"publish","type":"page","link":"https:\/\/uenf.br\/ccta\/lrmga\/chefia-do-laboratorio\/","title":{"rendered":"Chefia do Laborat\u00f3rio"},"content":{"rendered":"<p><img loading=\"lazy\" decoding=\"async\" class=\"size-medium wp-image-274 aligncenter\" src=\"http:\/\/uenf.br\/ccta\/lrmga\/files\/2024\/06\/IMG_6970-281x300.jpeg\" alt=\"\" width=\"281\" height=\"300\" srcset=\"https:\/\/uenf.br\/ccta\/lrmga\/files\/2024\/06\/IMG_6970-281x300.jpeg 281w, https:\/\/uenf.br\/ccta\/lrmga\/files\/2024\/06\/IMG_6970-958x1024.jpeg 958w, https:\/\/uenf.br\/ccta\/lrmga\/files\/2024\/06\/IMG_6970-768x821.jpeg 768w, https:\/\/uenf.br\/ccta\/lrmga\/files\/2024\/06\/IMG_6970-1437x1536.jpeg 1437w, https:\/\/uenf.br\/ccta\/lrmga\/files\/2024\/06\/IMG_6970.jpeg 1892w\" sizes=\"auto, (max-width: 281px) 100vw, 281px\" \/><\/p>\n<p><strong>Prof Dr. Reginaldo da Silva Fontes<\/strong><\/p>\n<p><strong>Chefe do LRMGA (2024-2027)<\/strong><\/p>\n<p>Possui gradua\u00e7\u00e3o em Medicina Veterin\u00e1ria pela Universidade Federal de Vi\u00e7osa (1988) e doutorado em Ci\u00eancias Veterin\u00e1rias &#8211; Universite de lEtat a Liege (B\u00e9lgica) (1993). Atualmente \u00e9 professor associado-I da Universidade Estadual do Norte Fluminense Darcy Ribeiro. Tem experi\u00eancia na \u00e1rea de Biotecnologia da Reprodu\u00e7\u00e3o, com \u00eanfase em Controle do Ciclo estral, Transfer\u00eancia de Embri\u00f5es, Fertiliza\u00e7\u00e3o In Vitro e Clonagem em Bovinos, atuando principalmente nos seguintes temas: controle da din\u00e2mica folicular, cultivo in vitro de embri\u00f5es, cultivo de c\u00e9lulas do oviduto, cultivo de c\u00e9lulas som\u00e1ticas. Durante seus dois per\u00edodos a cargo do LRMGA (2000-2003) e (2019-atual), tem contribu\u00eddo com grande parte da estrutura dos atuais setores do LRMGA assim como nos segmentos de ensino, pesquisa e extens\u00e3o.<\/p>\n<p><strong>Email: <\/strong>rfontes@uenf.br<\/p>\n<p><strong>Telefone:\u00a0 <\/strong>(32) 998226161<\/p>\n<p><strong>Nossos Chefes:<\/strong><\/p>\n<p>Responderam pela chefia do LRMGA nestes 30 anos, em ordem cronol\u00f3gica, os seguintes professores:<\/p>\n<p>* Marcos Fernando de Rezende Matta\u00a0 &#8211; 1993 a 1997<\/p>\n<p>* Martinho de Almeida e Silva\u2013 1997 a 1999<\/p>\n<p>* Reginaldo Silva Fontes \u2013 2000 a 2003<\/p>\n<p>* Jos\u00e9 Frederico Straggiotti Silva \u2013 2003 a 2006<\/p>\n<p>* Isabel C\u00e2ndia Nunes da Cunha\u2013 2006 a 2009<\/p>\n<p>* Angelo Jos\u00e9 Burla Dias \u2013 2006 a 2007 (interino)<\/p>\n<p>* Reginaldo Silva Fontes 2009 a 2011<\/p>\n<p>* C\u00e9lia Raquel Quirino \u2013 2011 a novembro de 2019<\/p>\n<p>* Reginaldo da Silva Fontes \u2013 novembro de 2019 at\u00e9 o momento<\/p>\n","protected":false},"excerpt":{"rendered":"<p>Prof Dr. Reginaldo da Silva Fontes Chefe do LRMGA (2024-2027) Possui gradua\u00e7\u00e3o em Medicina Veterin\u00e1ria pela Universidade Federal de Vi\u00e7osa&#8230;<\/p>\n","protected":false},"author":36,"featured_media":0,"parent":0,"menu_order":1,"comment_status":"closed","ping_status":"closed","template":"","meta":{"footnotes":""},"class_list":["post-59","page","type-page","status-publish","hentry"],"_links":{"self":[{"href":"https:\/\/uenf.br\/ccta\/lrmga\/wp-json\/wp\/v2\/pages\/59","targetHints":{"allow":["GET"]}}],"collection":[{"href":"https:\/\/uenf.br\/ccta\/lrmga\/wp-json\/wp\/v2\/pages"}],"about":[{"href":"https:\/\/uenf.br\/ccta\/lrmga\/wp-json\/wp\/v2\/types\/page"}],"author":[{"embeddable":true,"href":"https:\/\/uenf.br\/ccta\/lrmga\/wp-json\/wp\/v2\/users\/36"}],"replies":[{"embeddable":true,"href":"https:\/\/uenf.br\/ccta\/lrmga\/wp-json\/wp\/v2\/comments?post=59"}],"version-history":[{"count":0,"href":"https:\/\/uenf.br\/ccta\/lrmga\/wp-json\/wp\/v2\/pages\/59\/revisions"}],"wp:attachment":[{"href":"https:\/\/uenf.br\/ccta\/lrmga\/wp-json\/wp\/v2\/media?parent=59"}],"curies":[{"name":"wp","href":"https:\/\/api.w.org\/{rel}","templated":true}]}}