{"id":103,"date":"2015-04-20T11:16:10","date_gmt":"2015-04-20T14:16:10","guid":{"rendered":"http:\/\/uenf.br\/ccta\/lsa\/?page_id=103"},"modified":"2024-10-08T09:39:46","modified_gmt":"2024-10-08T12:39:46","slug":"disciplinas","status":"publish","type":"page","link":"https:\/\/uenf.br\/ccta\/lsa\/disciplinas\/","title":{"rendered":"Disciplinas"},"content":{"rendered":"<table>\n<tbody>\n<tr>\n<td colspan=\"7\" width=\"948\"><strong>DISCIPLINAS DO LABORAT\u00d3RIO DE SANIDADE ANIMAL\/ABRIL 2018<\/strong><\/td>\n<\/tr>\n<tr>\n<td width=\"116\"><b>\u00a0<\/b><\/td>\n<td style=\"text-align: center\" width=\"113\"><\/td>\n<td style=\"text-align: center\" width=\"177\"><strong>DISCIPLINA\/<\/strong><\/p>\n<p><strong>C\u00d3DIGO<\/strong><\/p>\n<p><b>\u00a0<\/b><\/td>\n<td style=\"text-align: center\" width=\"172\"><strong>CURSO\/PROGRAMA<\/strong><\/td>\n<td style=\"text-align: center\" width=\"133\"><strong>OBRIGAT\u00d3RIA\/<\/strong><\/p>\n<p><strong>OPTATIVA<\/strong><\/td>\n<td style=\"text-align: center\" width=\"148\"><strong>COORDENADOR<\/strong><\/p>\n<p><strong>\/<\/strong><strong>COLABORADOR<\/strong><\/td>\n<td style=\"text-align: center\" width=\"89\"><strong>CARGA<\/strong><\/p>\n<p><strong>HOR\u00c1RIA<\/strong><\/td>\n<\/tr>\n<tr>\n<td style=\"text-align: center\" rowspan=\"3\" width=\"116\"><b>\u00a0<\/b><\/td>\n<td style=\"text-align: center\" width=\"113\"><\/td>\n<td style=\"text-align: center\" width=\"177\">Epidemiologia<\/p>\n<p>LSA033010<\/td>\n<td style=\"text-align: center\" width=\"172\">Medicina Veterin\u00e1ria<\/td>\n<td style=\"text-align: center\" width=\"133\">Obrigat\u00f3ria<\/td>\n<td style=\"text-align: center\" width=\"148\">Carlos Eurico Pires Ferreira Travassos<\/p>\n<p>Coordenador<\/td>\n<td width=\"89\">\n<p style=\"text-align: center\"><strong>51h<\/strong><\/p>\n<p>&nbsp;<\/td>\n<\/tr>\n<tr>\n<td width=\"113\">\n<p style=\"text-align: center\">\n<\/td>\n<td style=\"text-align: center\" width=\"177\">Medicina Veterin\u00e1ria Preventiva e Sa\u00fade P\u00fablica<\/p>\n<p>LSA033026<\/td>\n<td style=\"text-align: center\" width=\"172\">Medicina Veterin\u00e1ria<\/td>\n<td style=\"text-align: center\" width=\"133\">Obrigat\u00f3ria<\/td>\n<td style=\"text-align: center\" width=\"148\">Carlos Eurico Pires Ferreira Travassos<\/p>\n<p>Coordenador<\/td>\n<td style=\"text-align: center\" width=\"89\"><strong>51h<\/strong><\/td>\n<\/tr>\n<tr>\n<td style=\"text-align: center\" width=\"113\"><\/td>\n<td style=\"text-align: center\" width=\"177\">T\u00f3picos Especiais em Virologia<\/p>\n<p>LSA3735<\/td>\n<td style=\"text-align: center\" width=\"172\">Programa de P\u00f3s-gradua\u00e7\u00e3o em Ci\u00eancia Animal<\/td>\n<td style=\"text-align: center\" width=\"133\">Obrigat\u00f3ria<\/td>\n<td style=\"text-align: center\" width=\"148\">Carlos Eurico Pires Ferreira Travassos<\/p>\n<p>Coordenador<\/td>\n<td width=\"89\">\n<p style=\"text-align: center\"><strong>85h<\/strong><\/p>\n<\/td>\n<\/tr>\n<tr>\n<td width=\"116\">\n<p style=\"text-align: center\"><b>\u00a0<\/b><\/p>\n<\/td>\n<td width=\"113\">\n<p style=\"text-align: center\">\n<\/td>\n<td style=\"text-align: center\" width=\"177\">Vacinas para<\/p>\n<p>Parasitas<\/p>\n<p>LSA3829<\/td>\n<td style=\"text-align: center\" width=\"172\">Programa de P\u00f3s-gradua\u00e7\u00e3o em Ci\u00eancia Animal<\/td>\n<td style=\"text-align: center\" width=\"133\">Obrigat\u00f3ria<\/td>\n<td style=\"text-align: center\" width=\"148\">Carlos Jorge Logullo de Oliveira<\/p>\n<p>Coordenador<\/td>\n<td style=\"text-align: center\" width=\"89\"><strong>17h<\/strong><\/td>\n<\/tr>\n<tr>\n<td style=\"text-align: center\" rowspan=\"3\" width=\"116\"><strong>\u00a0<\/strong><\/p>\n<p><strong>\u00a0<\/strong><\/p>\n<p><strong>\u00a0<\/strong><\/p>\n<p><strong>\u00a0<\/strong><strong>\u00a0<\/strong><\/td>\n<td style=\"text-align: center\" width=\"113\"><\/td>\n<td style=\"text-align: center\" width=\"177\">Parasitologia Veterin\u00e1ria<\/p>\n<p>LSA03204<\/td>\n<td style=\"text-align: center\" width=\"172\">Medicina Veterin\u00e1ria<\/td>\n<td style=\"text-align: center\" width=\"133\">Obrigat\u00f3ria<\/td>\n<td style=\"text-align: center\" width=\"148\">Francisco Carlos Rodrigues de Oliveira<\/p>\n<p>Coordenador<\/td>\n<td width=\"89\">\n<p style=\"text-align: center\"><strong>102h<\/strong><\/p>\n<\/td>\n<\/tr>\n<tr>\n<td width=\"113\">\n<p style=\"text-align: center\">\n<\/td>\n<td style=\"text-align: center\" width=\"177\">Controle e Profilaxia das Doen\u00e7as Infectocontagiosas e Parasit\u00e1rias dos Animais Dom\u00e9sticos<\/p>\n<p>LSA03429<\/td>\n<td style=\"text-align: center\" width=\"172\">Zootecnia<\/td>\n<td style=\"text-align: center\" width=\"133\">Obrigat\u00f3ria<\/td>\n<td style=\"text-align: center\" width=\"148\">Francisco Carlos Rodrigues de Oliveira<\/p>\n<p>Colaborador<\/td>\n<td style=\"text-align: center\" width=\"89\"><strong>17h<\/strong><\/td>\n<\/tr>\n<tr>\n<td style=\"text-align: center\" width=\"113\"><\/td>\n<td style=\"text-align: center\" width=\"177\">T\u00f3picos Avan\u00e7ados em Biologia, Morfologia e Diagn\u00f3stico de Protozo\u00e1rios de Import\u00e2ncia em Medicina Veterin\u00e1ria e Sa\u00fade P\u00fablica.<\/p>\n<p>LSA3828<\/td>\n<td style=\"text-align: center\" width=\"172\">Programa de P\u00f3s-gradua\u00e7\u00e3o em Ci\u00eancia Animal<\/td>\n<td style=\"text-align: center\" width=\"133\">Obrigat\u00f3ria<\/td>\n<td style=\"text-align: center\" width=\"148\">Francisco Carlos Rodrigues de Oliveira<\/p>\n<p>Coordenador<\/td>\n<td width=\"89\">\n<p style=\"text-align: center\"><strong>68h<\/strong><\/p>\n<\/td>\n<\/tr>\n<tr>\n<td rowspan=\"3\" width=\"116\">\n<p style=\"text-align: center\"><b>\u00a0<\/b><\/p>\n<\/td>\n<td style=\"text-align: center\" width=\"113\"><\/td>\n<td style=\"text-align: center\" width=\"177\">Bacteriologia Veterin\u00e1ria<\/p>\n<p>LSA03206<\/td>\n<td style=\"text-align: center\" width=\"172\">Medicina Veterin\u00e1ria<\/td>\n<td style=\"text-align: center\" width=\"133\">Obrigat\u00f3ria<\/td>\n<td style=\"text-align: center\" width=\"148\">M\u00e1rcio Manh\u00e3es Folly<\/p>\n<p>Coordenador<\/td>\n<td style=\"text-align: center\" width=\"89\"><strong>68h<\/strong><\/td>\n<\/tr>\n<tr>\n<td style=\"text-align: center\" width=\"113\"><\/td>\n<td style=\"text-align: center\" width=\"177\">Doen\u00e7as Infectocontagiosas dos Animais Dom\u00e9sticos<\/p>\n<p>LSA03422<\/td>\n<td style=\"text-align: center\" width=\"172\">Medicina Veterin\u00e1ria<\/td>\n<td style=\"text-align: center\" width=\"133\">Obrigat\u00f3ria<\/td>\n<td style=\"text-align: center\" width=\"148\">M\u00e1rcio Manh\u00e3es Folly<\/p>\n<p>Colaborador<\/td>\n<td width=\"89\">\n<p style=\"text-align: center\"><strong>34h<\/strong><\/p>\n<\/td>\n<\/tr>\n<tr>\n<td width=\"113\">\n<p style=\"text-align: center\">\n<\/td>\n<td style=\"text-align: center\" width=\"177\">Controle e Profilaxia das Doen\u00e7as Infectocontagiosas e Parasit\u00e1rias dos Animais Dom\u00e9sticos<\/p>\n<p>LSA03429<\/td>\n<td style=\"text-align: center\" width=\"172\">Zootecnia<\/td>\n<td style=\"text-align: center\" width=\"133\">Obrigat\u00f3ria<\/td>\n<td style=\"text-align: center\" width=\"148\">Marcio Manh\u00e3es Folly<\/p>\n<p>Coordenador<\/td>\n<td style=\"text-align: center\" width=\"89\"><strong>17h<\/strong><\/td>\n<\/tr>\n<tr>\n<td style=\"text-align: center\" width=\"116\"><b>\u00a0<\/b><\/td>\n<td style=\"text-align: center\" width=\"113\"><\/td>\n<td style=\"text-align: center\" width=\"177\">Doen\u00e7as Parasit\u00e1rias dos Animais Dom\u00e9sticos<\/p>\n<p>LSA03321<\/td>\n<td style=\"text-align: center\" width=\"172\">Medicina Veterin\u00e1ria<\/td>\n<td style=\"text-align: center\" width=\"133\">Obrigat\u00f3ria<\/td>\n<td style=\"text-align: center\" width=\"148\">Maria Ang\u00e9lica Vieira da Costa Pereira<\/p>\n<p>Coordenador<\/td>\n<td width=\"89\">\n<p style=\"text-align: center\"><strong>85h<\/strong><\/p>\n<\/td>\n<\/tr>\n<tr>\n<td rowspan=\"3\" width=\"116\"><strong>\u00a0<\/strong><\/p>\n<p style=\"text-align: center\"><strong>\u00a0 \u00a0<\/strong><\/p>\n<p style=\"text-align: center\"><strong>\u00a0<\/strong><strong>\u00a0<\/strong><\/p>\n<\/td>\n<td style=\"text-align: center\" width=\"113\"><\/td>\n<td style=\"text-align: center\" width=\"177\">Micologia Veterin\u00e1ria<\/p>\n<p>LSA03207<\/td>\n<td style=\"text-align: center\" width=\"172\">Medicina Veterin\u00e1ria<\/td>\n<td style=\"text-align: center\" width=\"133\">Obrigat\u00f3ria<\/td>\n<td style=\"text-align: center\" width=\"148\">Olney Vieira da Motta<\/p>\n<p>Coordenador<\/td>\n<td style=\"text-align: center\" width=\"89\"><strong>\u00a0<\/strong><strong>51h<\/strong><\/td>\n<\/tr>\n<tr>\n<td style=\"text-align: center\" width=\"113\"><\/td>\n<td style=\"text-align: center\" width=\"177\">Doen\u00e7as Infectocontagiosas dos Animais Dom\u00e9sticos<\/p>\n<p>LSA03422<\/td>\n<td style=\"text-align: center\" width=\"172\">Medicina Veterin\u00e1ria<\/td>\n<td style=\"text-align: center\" width=\"133\">Obrigat\u00f3ria<\/td>\n<td style=\"text-align: center\" width=\"148\">Olney Vieira da Motta<\/p>\n<p>Colaborador<\/td>\n<td width=\"89\">\n<p style=\"text-align: center\"><strong>34h<\/strong><\/p>\n<\/td>\n<\/tr>\n<tr>\n<td width=\"113\">\n<p style=\"text-align: center\">\n<\/td>\n<td style=\"text-align: center\" width=\"177\">Micologia Especial em Medicina Veterin\u00e1ria<\/p>\n<p>LSA 3738<\/td>\n<td style=\"text-align: center\" width=\"172\">Programa de P\u00f3s-gradua\u00e7\u00e3o em Ci\u00eancia Animal<\/td>\n<td style=\"text-align: center\" width=\"133\">Obrigat\u00f3ria<\/td>\n<td style=\"text-align: center\" width=\"148\">Olney Vieira da Motta<\/p>\n<p>Coordenador<\/td>\n<td style=\"text-align: center\" width=\"89\"><strong>34h<\/strong><\/td>\n<\/tr>\n<tr>\n<td style=\"text-align: center\" rowspan=\"3\" width=\"116\"><\/td>\n<td style=\"text-align: center\" width=\"113\"><\/td>\n<td style=\"text-align: center\" width=\"177\">Virologia Veterin\u00e1ria<\/p>\n<p>LSA03205<\/td>\n<td style=\"text-align: center\" width=\"172\">Medicina Veterin\u00e1ria<\/td>\n<td style=\"text-align: center\" width=\"133\">Obrigat\u00f3ria<\/td>\n<td style=\"text-align: center\" width=\"148\">S\u00edlvia Regina Ferreira Gon\u00e7alves Pereira<\/p>\n<p>Coordenador<\/td>\n<td width=\"89\">\n<p style=\"text-align: center\"><strong>\u00a0<\/strong><\/p>\n<p style=\"text-align: center\"><strong>68h<\/strong><\/p>\n<p>&nbsp;<\/td>\n<\/tr>\n<tr>\n<td width=\"113\">\n<p style=\"text-align: center\">\n<\/td>\n<td style=\"text-align: center\" width=\"177\">Doen\u00e7as Infectocontagiosas dos Animais Dom\u00e9sticos<\/p>\n<p>LSA03422<\/td>\n<td style=\"text-align: center\" width=\"172\">Medicina Veterin\u00e1ria<\/td>\n<td style=\"text-align: center\" width=\"133\">Obrigat\u00f3ria<\/td>\n<td style=\"text-align: center\" width=\"148\">S\u00edlvia Ferreira Gon\u00e7alves Pereira<\/p>\n<p>Coordenador<\/td>\n<td style=\"text-align: center\" width=\"89\"><strong>34h<\/strong><\/td>\n<\/tr>\n<tr>\n<td style=\"text-align: center\" width=\"113\"><\/td>\n<td style=\"text-align: center\" width=\"177\">Controle e Profilaxia das Doen\u00e7as Infectocontagiosas e Parasit\u00e1rias dos Animais Dom\u00e9sticos<\/p>\n<p>LSA03429<\/td>\n<td style=\"text-align: center\" width=\"172\">Zootecnia<\/td>\n<td style=\"text-align: center\" width=\"133\">Obrigat\u00f3ria<\/td>\n<td style=\"text-align: center\" width=\"148\">S\u00edlvia Ferreira Gon\u00e7alves Pereira Colaborador<\/td>\n<td width=\"89\">\n<p style=\"text-align: center\"><strong>17h<\/strong><\/p>\n<\/td>\n<\/tr>\n<tr>\n<td colspan=\"7\" width=\"948\"><strong>CARGA HOR\u00c1RIA TOTAL LSA 833 horas <\/strong><\/td>\n<\/tr>\n<\/tbody>\n<\/table>\n<p>&nbsp;<\/p>\n<p style=\"text-align: center\">\n","protected":false},"excerpt":{"rendered":"<p>DISCIPLINAS DO LABORAT\u00d3RIO DE SANIDADE ANIMAL\/ABRIL 2018 \u00a0 DISCIPLINA\/ C\u00d3DIGO \u00a0 CURSO\/PROGRAMA OBRIGAT\u00d3RIA\/ OPTATIVA COORDENADOR \/COLABORADOR CARGA HOR\u00c1RIA \u00a0 Epidemiologia&#8230;<\/p>\n","protected":false},"author":3,"featured_media":0,"parent":0,"menu_order":2,"comment_status":"closed","ping_status":"closed","template":"","meta":{"_seopress_robots_primary_cat":"","_seopress_titles_title":"","_seopress_titles_desc":"","_seopress_robots_index":"","footnotes":""},"class_list":["post-103","page","type-page","status-publish"],"_links":{"self":[{"href":"https:\/\/uenf.br\/ccta\/lsa\/wp-json\/wp\/v2\/pages\/103","targetHints":{"allow":["GET"]}}],"collection":[{"href":"https:\/\/uenf.br\/ccta\/lsa\/wp-json\/wp\/v2\/pages"}],"about":[{"href":"https:\/\/uenf.br\/ccta\/lsa\/wp-json\/wp\/v2\/types\/page"}],"author":[{"embeddable":true,"href":"https:\/\/uenf.br\/ccta\/lsa\/wp-json\/wp\/v2\/users\/3"}],"replies":[{"embeddable":true,"href":"https:\/\/uenf.br\/ccta\/lsa\/wp-json\/wp\/v2\/comments?post=103"}],"version-history":[{"count":0,"href":"https:\/\/uenf.br\/ccta\/lsa\/wp-json\/wp\/v2\/pages\/103\/revisions"}],"wp:attachment":[{"href":"https:\/\/uenf.br\/ccta\/lsa\/wp-json\/wp\/v2\/media?parent=103"}],"curies":[{"name":"wp","href":"https:\/\/api.w.org\/{rel}","templated":true}]}}