{"id":125,"date":"2015-04-22T10:18:53","date_gmt":"2015-04-22T13:18:53","guid":{"rendered":"http:\/\/uenf.br\/ccta\/lsa\/?page_id=125"},"modified":"2019-02-20T16:56:04","modified_gmt":"2019-02-20T19:56:04","slug":"atividades","status":"publish","type":"page","link":"https:\/\/uenf.br\/ccta\/lsa\/atividades\/","title":{"rendered":"Atividades"},"content":{"rendered":"<p><strong>Laborat\u00f3rio de Sanidade Animal (LSA)<\/strong><\/p>\n<div id=\"attachment_250\" style=\"width: 163px\" class=\"wp-caption alignleft\"><img alt=\"\" loading=\"lazy\" decoding=\"async\" aria-describedby=\"caption-attachment-250\" class=\"wp-image-250\" src=\"http:\/\/uenf.br\/ccta\/lsa\/files\/2018\/07\/LD4A6721.jpg\" alt=\"\" width=\"153\" height=\"230\" \/><p id=\"caption-attachment-250\" class=\"wp-caption-text\">Setor de Parasitologia<\/p><\/div>\n<p>Realizar atividades de ensino, pesquisa e extens\u00e3o em sanidade animal nas \u00e1reas de microbiologia e doen\u00e7as infectocontagiosas e parasit\u00e1rias, abrangendo o diagn\u00f3stico laboratorial e epidemiol\u00f3gico.<\/p>\n<div id=\"attachment_237\" style=\"width: 174px\" class=\"wp-caption alignright\"><img alt=\"\" loading=\"lazy\" decoding=\"async\" aria-describedby=\"caption-attachment-237\" class=\"wp-image-237\" src=\"http:\/\/uenf.br\/ccta\/lsa\/files\/2018\/07\/LD4A6700.jpg\" alt=\"\" width=\"164\" height=\"246\" \/><p id=\"caption-attachment-237\" class=\"wp-caption-text\">Setor de Micologia<\/p><\/div>\n<p>&nbsp;<\/p>\n<p>&nbsp;<\/p>\n<p>&nbsp;<\/p>\n<p>&nbsp;<\/p>\n<p>O LSA atua em linhas de pesquisa envolvendo as principais doen\u00e7as de import\u00e2ncia zoon\u00f3tica e de impacto no agroneg\u00f3cio, medicina veterin\u00e1ria preventiva e sa\u00fade p\u00fablica.<\/p>\n<div id=\"attachment_218\" style=\"width: 154px\" class=\"wp-caption alignleft\"><img alt=\"\" loading=\"lazy\" decoding=\"async\" aria-describedby=\"caption-attachment-218\" class=\"wp-image-218\" src=\"http:\/\/uenf.br\/ccta\/lsa\/files\/2018\/05\/IMG_1263.jpg\" alt=\"\" width=\"144\" height=\"216\" \/><p id=\"caption-attachment-218\" class=\"wp-caption-text\">Secretaria<\/p><\/div>\n<p>&nbsp;<\/p>\n<p>&nbsp;<\/p>\n<p>&nbsp;<\/p>\n<p>\u00c9 respons\u00e1vel por 595 horas aula nos cursos de gradua\u00e7\u00e3o de Medicina Veterin\u00e1ria e de Zootecnia e oito disciplinas no Programa de P\u00f3s-gradua\u00e7\u00e3o em Ci\u00eancia Animal<\/p>\n<div id=\"attachment_221\" style=\"width: 155px\" class=\"wp-caption alignright\"><img alt=\"\" loading=\"lazy\" decoding=\"async\" aria-describedby=\"caption-attachment-221\" class=\"wp-image-221\" src=\"http:\/\/uenf.br\/ccta\/lsa\/files\/2018\/05\/IMG_1247-1.jpg\" alt=\"\" width=\"145\" height=\"217\" \/><p id=\"caption-attachment-221\" class=\"wp-caption-text\">Sala de Reuni\u00f5es<\/p><\/div>\n<div id=\"attachment_216\" style=\"width: 265px\" class=\"wp-caption alignleft\"><img alt=\"\" loading=\"lazy\" decoding=\"async\" aria-describedby=\"caption-attachment-216\" class=\"wp-image-216\" src=\"http:\/\/uenf.br\/ccta\/lsa\/files\/2018\/05\/IMG_1242.jpg\" alt=\"\" width=\"255\" height=\"170\" \/><p id=\"caption-attachment-216\" class=\"wp-caption-text\">Secretaria<\/p><\/div>\n<div id=\"attachment_332\" style=\"width: 261px\" class=\"wp-caption alignleft\"><img alt=\"\" loading=\"lazy\" decoding=\"async\" aria-describedby=\"caption-attachment-332\" class=\"wp-image-332\" src=\"http:\/\/uenf.br\/ccta\/lsa\/files\/2019\/02\/IMG_20180830_143316.jpg\" alt=\"\" width=\"251\" height=\"188\" \/><p id=\"caption-attachment-332\" class=\"wp-caption-text\">&#8220;Coral da UENF&#8221;<\/p><\/div>\n<p>&nbsp;<\/p>\n<p>&nbsp;<\/p>\n<p>&nbsp;<\/p>\n<p>&nbsp;<\/p>\n<p>&nbsp;<\/p>\n<p>&nbsp;<\/p>\n<p>&nbsp;<\/p>\n<p>&nbsp;<\/p>\n<p>O LSA participa tamb\u00e9m das atividades relacionadas ao &#8220;Coral da UENF&#8221;, desde 1\u00ba de junho de 2018, atrav\u00e9s do &#8220;Programa CulturARTE&#8221; tendo como coordenador do coral o Prof. M\u00e1rcio Manh\u00e3es Folly.<\/p>\n<p>&nbsp;<\/p>\n<p>&nbsp;<\/p>\n<p>&nbsp;<\/p>\n<p>&nbsp;<\/p>\n","protected":false},"excerpt":{"rendered":"<p>Laborat\u00f3rio de Sanidade Animal (LSA) Realizar atividades de ensino, pesquisa e extens\u00e3o em sanidade animal nas \u00e1reas de microbiologia e&#8230;<\/p>\n","protected":false},"author":3,"featured_media":0,"parent":0,"menu_order":2,"comment_status":"closed","ping_status":"open","template":"","meta":{"_seopress_robots_primary_cat":"","_seopress_titles_title":"","_seopress_titles_desc":"","_seopress_robots_index":"","footnotes":""},"class_list":["post-125","page","type-page","status-publish"],"_links":{"self":[{"href":"https:\/\/uenf.br\/ccta\/lsa\/wp-json\/wp\/v2\/pages\/125","targetHints":{"allow":["GET"]}}],"collection":[{"href":"https:\/\/uenf.br\/ccta\/lsa\/wp-json\/wp\/v2\/pages"}],"about":[{"href":"https:\/\/uenf.br\/ccta\/lsa\/wp-json\/wp\/v2\/types\/page"}],"author":[{"embeddable":true,"href":"https:\/\/uenf.br\/ccta\/lsa\/wp-json\/wp\/v2\/users\/3"}],"replies":[{"embeddable":true,"href":"https:\/\/uenf.br\/ccta\/lsa\/wp-json\/wp\/v2\/comments?post=125"}],"version-history":[{"count":0,"href":"https:\/\/uenf.br\/ccta\/lsa\/wp-json\/wp\/v2\/pages\/125\/revisions"}],"wp:attachment":[{"href":"https:\/\/uenf.br\/ccta\/lsa\/wp-json\/wp\/v2\/media?parent=125"}],"curies":[{"name":"wp","href":"https:\/\/api.w.org\/{rel}","templated":true}]}}