{"id":135,"date":"2018-04-26T11:37:05","date_gmt":"2018-04-26T14:37:05","guid":{"rendered":"http:\/\/uenf.br\/ccta\/lsa\/?page_id=135"},"modified":"2024-10-15T11:23:23","modified_gmt":"2024-10-15T14:23:23","slug":"formularios","status":"publish","type":"page","link":"https:\/\/uenf.br\/ccta\/lsa\/formularios\/","title":{"rendered":"Formul\u00e1rios"},"content":{"rendered":"<p><strong>Formul\u00e1rios:<\/strong><\/p>\n<ul>\n<li><a href=\"http:\/\/uenf.br\/ccta\/lsa\/files\/2024\/10\/Form.Abono-de-permanencia.pdf\">Formul\u00e1rio de Abono de Perman\u00eancia<\/a><\/li>\n<li><a href=\"http:\/\/uenf.br\/ccta\/lsa\/files\/2024\/10\/auxsaude.pdf\">Auxilio de Sa\u00fade<\/a><\/li>\n<\/ul>\n<p>&nbsp;<\/p>\n<p>Link para o <a href=\"https:\/\/uenf.br\/dga\/grh\/gerencia-de-recursos-humanos\/auxilios\/auxilio-saude\/\" target=\"_blank\" rel=\"noopener\">Site do GRH<\/a><\/p>\n","protected":false},"excerpt":{"rendered":"<p>Formul\u00e1rios: Formul\u00e1rio de Abono de Perman\u00eancia Auxilio de Sa\u00fade &nbsp; Link para o Site do GRH<\/p>\n","protected":false},"author":16,"featured_media":0,"parent":0,"menu_order":4,"comment_status":"closed","ping_status":"closed","template":"","meta":{"_seopress_robots_primary_cat":"","_seopress_titles_title":"","_seopress_titles_desc":"","_seopress_robots_index":"","footnotes":""},"class_list":["post-135","page","type-page","status-publish"],"_links":{"self":[{"href":"https:\/\/uenf.br\/ccta\/lsa\/wp-json\/wp\/v2\/pages\/135","targetHints":{"allow":["GET"]}}],"collection":[{"href":"https:\/\/uenf.br\/ccta\/lsa\/wp-json\/wp\/v2\/pages"}],"about":[{"href":"https:\/\/uenf.br\/ccta\/lsa\/wp-json\/wp\/v2\/types\/page"}],"author":[{"embeddable":true,"href":"https:\/\/uenf.br\/ccta\/lsa\/wp-json\/wp\/v2\/users\/16"}],"replies":[{"embeddable":true,"href":"https:\/\/uenf.br\/ccta\/lsa\/wp-json\/wp\/v2\/comments?post=135"}],"version-history":[{"count":0,"href":"https:\/\/uenf.br\/ccta\/lsa\/wp-json\/wp\/v2\/pages\/135\/revisions"}],"wp:attachment":[{"href":"https:\/\/uenf.br\/ccta\/lsa\/wp-json\/wp\/v2\/media?parent=135"}],"curies":[{"name":"wp","href":"https:\/\/api.w.org\/{rel}","templated":true}]}}