{"id":163,"date":"2018-04-27T09:38:13","date_gmt":"2018-04-27T12:38:13","guid":{"rendered":"http:\/\/uenf.br\/ccta\/lsa\/?page_id=163"},"modified":"2024-10-17T12:04:30","modified_gmt":"2024-10-17T15:04:30","slug":"servicos","status":"publish","type":"page","link":"https:\/\/uenf.br\/ccta\/lsa\/servicos\/","title":{"rendered":"Servi\u00e7os"},"content":{"rendered":"<h2 style=\"text-align: center\">Laborat\u00f3rio de Sanidade Animal &#8211; LSA<\/h2>\n<h3><\/h3>\n<h3 style=\"text-align: left\">O Laborat\u00f3rio de Sanidade Animal &#8211; LSA teve sua origem formal estabelecida em 1994 junto ao Centro de Ci\u00eancias e Tecnologias Agropecu\u00e1rias &#8211; CCTA da Universidade Estadual do Norte Fluminense Darcy Ribeiro &#8211; UENF. No ano de 2007 o LSA transferiu as suas atividades para o Hospital Veterin\u00e1rio da UENF, onde est\u00e3o localizados os setores de Bacteriologia, Micologia, Parasitologia, N\u00facleo de Parasitologia de Produ\u00e7\u00e3o Animal e Virologia.<\/h3>\n<p>&nbsp;<\/p>\n<div id=\"attachment_195\" style=\"width: 1290px\" class=\"wp-caption aligncenter\"><img alt=\"\" loading=\"lazy\" decoding=\"async\" aria-describedby=\"caption-attachment-195\" class=\"wp-image-195 size-full\" src=\"http:\/\/uenf.br\/ccta\/lsa\/files\/2018\/05\/Hospital-Veterin\u00e1rio-anoitecendo-Sess\u00e3o-Solene-do-Consuni-08-2006-108.jpg\" alt=\"\" width=\"1280\" height=\"960\" \/><p id=\"caption-attachment-195\" class=\"wp-caption-text\"><strong>Laborat\u00f3rio de Sanidade Animal &#8211; Hospital Veterin\u00e1rio &#8211; UENF<\/strong><\/p><\/div>\n<h3 style=\"text-align: left\">O LSA\u00a0 \u00e9 consciente do seu papel de atua\u00e7\u00e3o como centro produtor, disseminador do conhecimento e, acima de tudo, transformador no que se refere \u00e0 excel\u00eancia na forma\u00e7\u00e3o profissional de seu corpo discente.<\/h3>\n<p>&nbsp;<\/p>\n<div id=\"attachment_226\" style=\"width: 2256px\" class=\"wp-caption aligncenter\"><img alt=\"\" loading=\"lazy\" decoding=\"async\" aria-describedby=\"caption-attachment-226\" class=\"wp-image-226 size-full\" src=\"http:\/\/uenf.br\/ccta\/lsa\/files\/2018\/05\/IMG_1306.jpg\" alt=\"\" width=\"2246\" height=\"1498\" \/><p id=\"caption-attachment-226\" class=\"wp-caption-text\"><strong>Setor de Micologia LSA<\/strong><\/p><\/div>\n<p>&nbsp;<\/p>\n<h3>A busca constante de melhoria na qualidade dos servi\u00e7os educacionais prestado pelo LSA, tem sido a\u00e7\u00e3o primordial da atual gest\u00e3o. Para cumprir sua miss\u00e3o os docentes do Laborat\u00f3rio tem suas principais atividade centradas em:<\/h3>\n<h3><\/h3>\n<ul>\n<li>\n<h3><strong>Ensino<\/strong>: ministrar disciplinas nos cursos de gradua\u00e7\u00e3o de Medicina Veterin\u00e1ria e Zootecnia, orientar estudantes em trabalhos de conclus\u00e3o de curso (monografias), inicia\u00e7\u00e3o cient\u00edfica, mestrado e doutorado;<\/h3>\n<\/li>\n<\/ul>\n<div class=\"mceTemp\"><\/div>\n<div id=\"attachment_227\" style=\"width: 2256px\" class=\"wp-caption aligncenter\"><img alt=\"\" loading=\"lazy\" decoding=\"async\" aria-describedby=\"caption-attachment-227\" class=\"wp-image-227 size-full\" src=\"http:\/\/uenf.br\/ccta\/lsa\/files\/2018\/05\/IMG_1339.jpg\" alt=\"\" width=\"2246\" height=\"1498\" \/><p id=\"caption-attachment-227\" class=\"wp-caption-text\"><strong>Setor de Parasitologia<\/strong><\/p><\/div>\n<p>&nbsp;<\/p>\n<ul>\n<li>\n<h3><strong>Pesquisa<\/strong>: coordenar e executar atividades e projetos de pesquisa de interesse regional, nacional em conson\u00e2ncia aos movimentos internacionais quanto ao desenvolvimento cient\u00edfico e tecnol\u00f3gico.<\/h3>\n<\/li>\n<\/ul>\n<p>&nbsp;<\/p>\n<div id=\"attachment_228\" style=\"width: 2256px\" class=\"wp-caption alignnone\"><img alt=\"\" loading=\"lazy\" decoding=\"async\" aria-describedby=\"caption-attachment-228\" class=\"wp-image-228 size-full\" src=\"http:\/\/uenf.br\/ccta\/lsa\/files\/2018\/05\/IMG_1364.jpg\" alt=\"\" width=\"2246\" height=\"1498\" \/><p id=\"caption-attachment-228\" class=\"wp-caption-text\"><strong>N\u00facleo de Parasitologia em Produ\u00e7\u00e3o Animal<\/strong><\/p><\/div>\n<p>&nbsp;<\/p>\n<ul>\n<li>\n<h3><strong>Extens\u00e3o<\/strong>: exercer atividades de extens\u00e3o, atrav\u00e9s da presta\u00e7\u00e3o de servi\u00e7os \u00e0 comunidade atrav\u00e9s do Hospital Veterin\u00e1rio, execu\u00e7\u00e3o de trabalhos t\u00e9cnicos e cient\u00edficos, difus\u00e3o dos conhecimentos gerados, buscando o aprimoramento do ensino e do conhecimento.<\/h3>\n<\/li>\n<\/ul>\n<p>&nbsp;<\/p>\n<div id=\"attachment_229\" style=\"width: 2256px\" class=\"wp-caption aligncenter\"><img alt=\"\" loading=\"lazy\" decoding=\"async\" aria-describedby=\"caption-attachment-229\" class=\"wp-image-229 size-full\" src=\"http:\/\/uenf.br\/ccta\/lsa\/files\/2018\/05\/IMG_1274-1.jpg\" alt=\"\" width=\"2246\" height=\"1498\" \/><p id=\"caption-attachment-229\" class=\"wp-caption-text\"><strong>Setor de Virologia <\/strong><\/p><\/div>\n<p>&nbsp;<\/p>\n<div id=\"attachment_247\" style=\"width: 2026px\" class=\"wp-caption aligncenter\"><img alt=\"\" loading=\"lazy\" decoding=\"async\" aria-describedby=\"caption-attachment-247\" class=\"size-full wp-image-247\" src=\"http:\/\/uenf.br\/ccta\/lsa\/files\/2018\/07\/LD4A6711.jpg\" alt=\"\" width=\"2016\" height=\"1344\" \/><p id=\"caption-attachment-247\" class=\"wp-caption-text\"><strong>Setor de Bacteriologia<\/strong><\/p><\/div>\n","protected":false},"excerpt":{"rendered":"<p>Laborat\u00f3rio de Sanidade Animal &#8211; LSA O Laborat\u00f3rio de Sanidade Animal &#8211; LSA teve sua origem formal estabelecida em 1994&#8230;<\/p>\n","protected":false},"author":16,"featured_media":0,"parent":0,"menu_order":5,"comment_status":"closed","ping_status":"closed","template":"","meta":{"_seopress_robots_primary_cat":"","_seopress_titles_title":"","_seopress_titles_desc":"","_seopress_robots_index":"","footnotes":""},"class_list":["post-163","page","type-page","status-publish"],"_links":{"self":[{"href":"https:\/\/uenf.br\/ccta\/lsa\/wp-json\/wp\/v2\/pages\/163","targetHints":{"allow":["GET"]}}],"collection":[{"href":"https:\/\/uenf.br\/ccta\/lsa\/wp-json\/wp\/v2\/pages"}],"about":[{"href":"https:\/\/uenf.br\/ccta\/lsa\/wp-json\/wp\/v2\/types\/page"}],"author":[{"embeddable":true,"href":"https:\/\/uenf.br\/ccta\/lsa\/wp-json\/wp\/v2\/users\/16"}],"replies":[{"embeddable":true,"href":"https:\/\/uenf.br\/ccta\/lsa\/wp-json\/wp\/v2\/comments?post=163"}],"version-history":[{"count":0,"href":"https:\/\/uenf.br\/ccta\/lsa\/wp-json\/wp\/v2\/pages\/163\/revisions"}],"wp:attachment":[{"href":"https:\/\/uenf.br\/ccta\/lsa\/wp-json\/wp\/v2\/media?parent=163"}],"curies":[{"name":"wp","href":"https:\/\/api.w.org\/{rel}","templated":true}]}}