{"id":2,"date":"2010-09-15T14:07:14","date_gmt":"2010-09-15T17:07:14","guid":{"rendered":"http:\/\/uenf.br\/ccta\/lsa\/?page_id=2"},"modified":"2024-10-24T11:59:41","modified_gmt":"2024-10-24T14:59:41","slug":"apresentacao","status":"publish","type":"page","link":"https:\/\/uenf.br\/ccta\/lsa\/","title":{"rendered":"Apresenta\u00e7\u00e3o"},"content":{"rendered":"<div id=\"attachment_188\" style=\"width: 810px\" class=\"wp-caption aligncenter\"><img loading=\"lazy\" decoding=\"async\" aria-describedby=\"caption-attachment-188\" class=\"wp-image-188 size-full\" src=\"http:\/\/uenf.br\/ccta\/lsa\/files\/2018\/04\/Imagem-2-1.jpg\" alt=\"Laborat\u00f3rio de Sanidade Animal\" width=\"800\" height=\"434\" \/><p id=\"caption-attachment-188\" class=\"wp-caption-text\">Laborat\u00f3rio de Sanidade Animal<\/p><\/div>\n<p>&nbsp;<\/p>\n<p>&nbsp;<\/p>\n<h1 style=\"text-align: center\"><strong>Laborat\u00f3rio de Sanidade Animal &#8211; LSA<\/strong><\/h1>\n<h4>O Laborat\u00f3rio de Sanidade Animal (LSA) foi criado em julho de 1994 juntamente com os trabalhos de estrutura\u00e7\u00e3o f\u00edsica da Universidade Estadual do Norte Fluminense Darcy Ribeiro (UENF), tendo como principais objetivos executar as atividades de ensino, pesquisa e extens\u00e3o, sobretudo as de &#8220;extens\u00e3o assistencial&#8221;.<\/h4>\n<h4>A Universidade Estadual do Norte Fluminense Darcy Ribeiro (UENF), localizada no munic\u00edpio de Campos dos Goytacazes no Estado do Rio de Janeiro, tem como c\u00e9lula institucional o &#8220;Laborat\u00f3rio&#8221;, composto por v\u00e1rios profissionais em \u00e1reas de conhecimento espec\u00edficas.<\/h4>\n<h4 style=\"text-align: left\">O LSA esteve, at\u00e9 o advento do Hospital Veterin\u00e1rio, instalado no pr\u00e9dio anexo do Centro de Ci\u00eancias e Tecnologias Agropecu\u00e1rias (CCTA). Em 2007 iniciou-se a transfer\u00eancia do LSA para as depend\u00eancias do Hospital Veterin\u00e1rio. Atualmente, com espa\u00e7o f\u00edsico adequado totalmente estabelecido no Hospital Veterin\u00e1rio\/UENF est\u00e1 constitu\u00eddo pelas se\u00e7\u00f5es de: Doen\u00e7as Infecciosas (Virologia e Viroses, Bacteriologia e Bacterioses, Micologia e Micoses), Parasitologia e Doen\u00e7as Parasit\u00e1rias.<\/h4>\n<h4>Nas atividades assistenciais \u00e0 comunidade vem realizando o diagn\u00f3stico, o controle e o tratamento das principais enfermidades infectocontagiosas e parasit\u00e1rias,\u00a0 dos animais dom\u00e9sticos de produ\u00e7\u00e3o e de companhia, nas mesorregi\u00f5es Centro, Norte e Noroeste Fluminense, o que tem permitido esclarecer e, ao mesmo tempo, estabelecer, com bases t\u00e9cnico-cient\u00edficas, o perfil das patologias regionais (Enzootias). Este perfil permite direcionar melhor as tem\u00e1ticas de maior ocorr\u00eancia e interesse da comunidade local, constituindo em projetos isolados e\/ou linhas de pesquisas do Laborat\u00f3rio.<\/h4>\n<h4>No momento o LSA, desenvolve pesquisas particularmente envolvendo as principais doen\u00e7as de import\u00e2ncia zoon\u00f3tica que acarretam grandes perdas financeiras para o agroneg\u00f3cio nacional nas linhas de raiva, mastite bovina e caprina, tristeza parasit\u00e1ria bovina, fasciolose bovina, diarreia viral bovina, diarreia em bezerros, pitiose equina, les\u00f5es por fungos e micotoxicoses, artrite encefalite caprina, criptosporidiose, esporotricose, dentre outras.<\/h4>\n<h4>O LSA tem interagido tamb\u00e9m junto \u00e0s micro usinas e cooperativas de leite nos munic\u00edpios de Campos dos Goytacazes, Macuco, S\u00e3o Jo\u00e3o da Barra e Quissam\u00e3 com o intuito de melhorar o estado sanit\u00e1rio e a produtividade dos rebanhos leiteiros, atuando na an\u00e1lise microbiol\u00f3gica e identifica\u00e7\u00e3o de res\u00edduos de antibi\u00f3ticos presentes no leite, contribuindo para a melhoria da qualidade do leite destinado ao consumo humano e a produ\u00e7\u00e3o de seus derivados.<\/h4>\n<h4>Cursos de extens\u00e3o universit\u00e1ria t\u00eam sido oferecidos \u00e0 comunidade acad\u00eamica e aos profissionais da \u00e1rea, ressaltando sempre temas voltados para os problemas regionais, no que tange ao diagn\u00f3stico e tratamento das patologias de interesse m\u00e9dico veterin\u00e1rio.<\/h4>\n<h4>O LSA tem como prioridade melhorar o atendimento laboratorial\u00a0 ao Hospital Veterin\u00e1rio da UENF e \u00e0s cl\u00ednicas veterin\u00e1rias das mesorregi\u00f5es Norte, Centro e Noroeste Fluminense, e principalmente, intensificar os servi\u00e7os de apoio ao ensino, \u00e0 pesquisa e \u00e0 pesquisa assistencial.<\/h4>\n<h4><\/h4>\n<h4 style=\"text-align: center\">Chefia do LSA: Prof. Carlos Eurico Pires Ferreira Travassos<\/h4>\n<h4>E-mail: cakatrav@uenf.br, cacaetravassos@gmail.com<\/h4>\n<p>&nbsp;<\/p>\n<div id=\"attachment_239\" style=\"width: 510px\" class=\"wp-caption aligncenter\"><img alt=\"\" loading=\"lazy\" decoding=\"async\" aria-describedby=\"caption-attachment-239\" class=\"wp-image-239 size-full\" src=\"http:\/\/uenf.br\/ccta\/lsa\/files\/2018\/07\/LD4A6683-1-e1729780796636.jpg\" alt=\"\" width=\"500\" height=\"750\" \/><p id=\"caption-attachment-239\" class=\"wp-caption-text\"><strong>Setor de Bacteriologia<\/strong><\/p><\/div>\n<div id=\"attachment_249\" style=\"width: 810px\" class=\"wp-caption aligncenter\"><img alt=\"\" loading=\"lazy\" decoding=\"async\" aria-describedby=\"caption-attachment-249\" class=\"wp-image-249 size-full\" src=\"http:\/\/uenf.br\/ccta\/lsa\/files\/2018\/07\/LD4A6713-e1729780896419.jpg\" alt=\"\" width=\"800\" height=\"533\" \/><p id=\"caption-attachment-249\" class=\"wp-caption-text\"><strong>Setor de Bacteriologia<\/strong><\/p><\/div>\n<div id=\"attachment_242\" style=\"width: 810px\" class=\"wp-caption aligncenter\"><img alt=\"\" loading=\"lazy\" decoding=\"async\" aria-describedby=\"caption-attachment-242\" class=\"wp-image-242 size-full\" src=\"http:\/\/uenf.br\/ccta\/lsa\/files\/2018\/07\/LD4A6696-1-e1729780962803.jpg\" alt=\"\" width=\"800\" height=\"533\" \/><p id=\"caption-attachment-242\" class=\"wp-caption-text\"><strong>Setor de Micologia<\/strong><\/p><\/div>\n<div id=\"attachment_246\" style=\"width: 510px\" class=\"wp-caption aligncenter\"><img alt=\"\" loading=\"lazy\" decoding=\"async\" aria-describedby=\"caption-attachment-246\" class=\"wp-image-246 size-full\" src=\"http:\/\/uenf.br\/ccta\/lsa\/files\/2018\/07\/LD4A6709-e1729781008832.jpg\" alt=\"\" width=\"500\" height=\"750\" \/><p id=\"caption-attachment-246\" class=\"wp-caption-text\"><strong>Setor de Micologia<\/strong><\/p><\/div>\n<div id=\"attachment_245\" style=\"width: 810px\" class=\"wp-caption aligncenter\"><img alt=\"\" loading=\"lazy\" decoding=\"async\" aria-describedby=\"caption-attachment-245\" class=\"wp-image-245 size-full\" src=\"http:\/\/uenf.br\/ccta\/lsa\/files\/2018\/07\/LD4A6708-e1729781099353.jpg\" alt=\"\" width=\"800\" height=\"533\" \/><p id=\"caption-attachment-245\" class=\"wp-caption-text\"><strong>Setor de Micologia<\/strong><\/p><\/div>\n<div id=\"attachment_257\" style=\"width: 610px\" class=\"wp-caption aligncenter\"><img loading=\"lazy\" decoding=\"async\" aria-describedby=\"caption-attachment-257\" class=\"wp-image-257 size-full\" src=\"http:\/\/uenf.br\/ccta\/lsa\/files\/2018\/07\/LD4A6747-e1729781136436.jpg\" alt=\"Setor de Parasitologia\" width=\"600\" height=\"900\" \/><p id=\"caption-attachment-257\" class=\"wp-caption-text\"><strong>Setor de Parasitologia<\/strong><\/p><\/div>\n<div id=\"attachment_251\" style=\"width: 810px\" class=\"wp-caption aligncenter\"><img alt=\"\" loading=\"lazy\" decoding=\"async\" aria-describedby=\"caption-attachment-251\" class=\"wp-image-251 size-full\" src=\"http:\/\/uenf.br\/ccta\/lsa\/files\/2018\/07\/LD4A6722-e1729781906373.jpg\" alt=\"\" width=\"800\" height=\"533\" \/><p id=\"caption-attachment-251\" class=\"wp-caption-text\"><strong>Setor de Parasitologia<\/strong><\/p><\/div>\n<div id=\"attachment_250\" style=\"width: 610px\" class=\"wp-caption aligncenter\"><img alt=\"\" loading=\"lazy\" decoding=\"async\" aria-describedby=\"caption-attachment-250\" class=\"wp-image-250 size-full\" src=\"http:\/\/uenf.br\/ccta\/lsa\/files\/2018\/07\/LD4A6721-e1729781648104.jpg\" alt=\"\" width=\"600\" height=\"900\" \/><p id=\"caption-attachment-250\" class=\"wp-caption-text\"><strong>Setor de Parasitologia<\/strong><\/p><\/div>\n<div id=\"attachment_229\" style=\"width: 810px\" class=\"wp-caption aligncenter\"><img alt=\"\" loading=\"lazy\" decoding=\"async\" aria-describedby=\"caption-attachment-229\" class=\"wp-image-229 size-full\" src=\"http:\/\/uenf.br\/ccta\/lsa\/files\/2018\/05\/IMG_1274-1-e1729781785474.jpg\" alt=\"\" width=\"800\" height=\"534\" \/><p id=\"caption-attachment-229\" class=\"wp-caption-text\"><strong>Setor de Virologia <\/strong><\/p><\/div>\n<div id=\"attachment_272\" style=\"width: 610px\" class=\"wp-caption aligncenter\"><img alt=\"\" loading=\"lazy\" decoding=\"async\" aria-describedby=\"caption-attachment-272\" class=\"wp-image-272 size-full\" src=\"http:\/\/uenf.br\/ccta\/lsa\/files\/2019\/02\/LD4A6823-1-e1729781749211.jpg\" alt=\"\" width=\"600\" height=\"900\" \/><p id=\"caption-attachment-272\" class=\"wp-caption-text\"><strong>N\u00facleo de Parasitologia em Produ\u00e7\u00e3o Animal<\/strong><\/p><\/div>\n<div id=\"attachment_228\" style=\"width: 810px\" class=\"wp-caption aligncenter\"><img alt=\"\" loading=\"lazy\" decoding=\"async\" aria-describedby=\"caption-attachment-228\" class=\"wp-image-228 size-full\" src=\"http:\/\/uenf.br\/ccta\/lsa\/files\/2018\/05\/IMG_1364-e1729781823121.jpg\" alt=\"\" width=\"800\" height=\"534\" \/><p id=\"caption-attachment-228\" class=\"wp-caption-text\"><strong>N\u00facleo de Parasitologia em Produ\u00e7\u00e3o Animal<\/strong><\/p><\/div>\n<p>&nbsp;<\/p>\n<p><strong>INFORMA\u00c7\u00d5ES<\/strong>:<\/p>\n<p>L<strong>aborat\u00f3rio de Sanidade Animal<\/strong><\/p>\n<p><strong>Av. Alberto Lamego, 2.000 &#8211; Parque Calif\u00f3rnia &#8211; CEP 28.013-602 &#8211; Campos dos Goytacazes &#8211; RJ<\/strong><\/p>\n<h4 style=\"text-align: left\">Telefone Secretaria LSA: + 55 (22) 2739-7056<\/h4>\n<div id=\"attachment_177\" style=\"width: 970px\" class=\"wp-caption aligncenter\"><img alt=\"\" loading=\"lazy\" decoding=\"async\" aria-describedby=\"caption-attachment-177\" class=\"size-full wp-image-177\" src=\"http:\/\/uenf.br\/ccta\/lsa\/files\/2018\/04\/Imagem.jpg\" alt=\"\" width=\"960\" height=\"539\" \/><p id=\"caption-attachment-177\" class=\"wp-caption-text\"><strong>Laborat\u00f3rio de Sanidade Animal &#8211; Hospital Veterin\u00e1rio<\/strong><\/p><\/div>\n","protected":false},"excerpt":{"rendered":"<p>&nbsp; &nbsp; Laborat\u00f3rio de Sanidade Animal &#8211; LSA O Laborat\u00f3rio de Sanidade Animal (LSA) foi criado em julho de 1994&#8230;<\/p>\n","protected":false},"author":15,"featured_media":0,"parent":0,"menu_order":1,"comment_status":"closed","ping_status":"closed","template":"","meta":{"_seopress_robots_primary_cat":"","_seopress_titles_title":"","_seopress_titles_desc":"","_seopress_robots_index":"","footnotes":""},"class_list":["post-2","page","type-page","status-publish"],"_links":{"self":[{"href":"https:\/\/uenf.br\/ccta\/lsa\/wp-json\/wp\/v2\/pages\/2","targetHints":{"allow":["GET"]}}],"collection":[{"href":"https:\/\/uenf.br\/ccta\/lsa\/wp-json\/wp\/v2\/pages"}],"about":[{"href":"https:\/\/uenf.br\/ccta\/lsa\/wp-json\/wp\/v2\/types\/page"}],"author":[{"embeddable":true,"href":"https:\/\/uenf.br\/ccta\/lsa\/wp-json\/wp\/v2\/users\/15"}],"replies":[{"embeddable":true,"href":"https:\/\/uenf.br\/ccta\/lsa\/wp-json\/wp\/v2\/comments?post=2"}],"version-history":[{"count":0,"href":"https:\/\/uenf.br\/ccta\/lsa\/wp-json\/wp\/v2\/pages\/2\/revisions"}],"wp:attachment":[{"href":"https:\/\/uenf.br\/ccta\/lsa\/wp-json\/wp\/v2\/media?parent=2"}],"curies":[{"name":"wp","href":"https:\/\/api.w.org\/{rel}","templated":true}]}}