{"id":1074,"date":"2019-10-22T14:01:52","date_gmt":"2019-10-22T14:01:52","guid":{"rendered":"http:\/\/uenf.br\/ccta\/lsol\/?page_id=1074"},"modified":"2024-04-10T20:11:06","modified_gmt":"2024-04-10T20:11:06","slug":"artigos-recentes-prof-claudio-roberto","status":"publish","type":"page","link":"https:\/\/uenf.br\/ccta\/lsol\/corpo-docente\/artigos-recentes-prof-claudio-roberto\/","title":{"rendered":"Artigos &#8211; Prof. Cl\u00e1udio Roberto Marciano &#8211; 2018 a 2024"},"content":{"rendered":"<p><a href=\"https:\/\/www.scielo.br\/j\/rbcs\/a\/dDrWGhP5VBkWbfmJDfGVfwj\/?lang=en#\"><span style=\"color: #993300\"><strong>Biochar decreases nutrient leaching in KCl-fertilized Podzols grown with black mucuna;<\/strong><\/span><\/a><\/p>\n<p><a href=\"https:\/\/www.scielo.br\/j\/eagri\/a\/bKT5T4WWbVHQdmmH3ZTQKdd\/?lang=en#\"><span style=\"color: #993300\"><strong>Application of artificial intelligence for irrigation management: a systematic review;<\/strong><\/span><\/a><\/p>\n<p><a href=\"https:\/\/revistas.ufpr.br\/floresta\/article\/view\/69591\/43214\"><span style=\"color: #993300\"><strong>Analysis of the chemical attributes of a Typic Hapludult soil under forest systems;<\/strong><\/span><\/a><\/p>\n<p><a href=\"https:\/\/periodicos.ufsm.br\/cienciaflorestal\/article\/view\/33474\/pdf\"><span style=\"color: #993300\"><strong>Intervalo h\u00eddrico \u00f3timo e valores cr\u00edticos de densidade como indicadores de recupera\u00e7\u00e3o de um solo sob sistemas florestais e pasto;<\/strong><\/span><\/a><\/p>\n<p><a href=\"https:\/\/www.scielo.br\/j\/pab\/a\/Yz3Mq4ndGtTSXpqXc6wFGmR\/?lang=en#\"><span style=\"color: #993300\"><strong>Physical quality of soil under secondary forest, leguminous trees, and degraded pasture;<\/strong><\/span><\/a><\/p>\n<p><span style=\"color: #993300\"><strong>Crescimento, fisiologia e compostos vol\u00e1teis de cebolinha em resposta a diferentes n\u00edveis de restri\u00e7\u00e3o h\u00eddrica;<\/strong><\/span><\/p>\n<p><a href=\"https:\/\/www.sciencedirect.com\/science\/article\/pii\/S235200942100050X\"><span style=\"color: #993300\"><strong>Hydrodynamic attributes and potential hydrophobicity of a Typic Hapludult soil under secondary Atlantic forest, degraded pasture and leguminous trees, in Southeastern Brazil;<\/strong><\/span><\/a><\/p>\n<p><a href=\"https:\/\/www.sciencedirect.com\/science\/article\/pii\/S037837741932027X\"><span style=\"color: #993300\"><strong>Using a crop water stress index based on a sap flow method to estimate water status in conilon coffee plants;<\/strong><\/span><\/a><\/p>\n<p><a href=\"https:\/\/www.sciencedirect.com\/science\/article\/pii\/S2352009420300997\"><span style=\"color: #993300\"><strong>Morphometry and size distribution of aggregates from a Typic Hapludult soil under natural secondary forest, implanted leguminous trees and degraded pasture in the Atlantic coast of Brazil;<\/strong><\/span><\/a><\/p>\n<p><a href=\"https:\/\/www.scielo.br\/j\/cflo\/a\/RpPPXCRVHpDSVNCYp8H9T8p\/?lang=pt\"><span style=\"color: #993300\"><strong>Lodo de esgoto tratado na composi\u00e7\u00e3o de substrato para produ\u00e7\u00e3o de mudas de <em>Plathymenia reticulata <\/em>Benth;<\/strong><\/span><\/a><\/p>\n<p><a href=\"https:\/\/link.springer.com\/article\/10.1007\/s10661-019-7242-5\"><span style=\"color: #993300\"><strong>Bioconcentration and translocation of Cd and Hg in a tomato (Solanum lycopersicum) from cultivated soils in southeastern Brazil;<\/strong><\/span><\/a><\/p>\n<p><a href=\"https:\/\/www.sciencedirect.com\/science\/article\/pii\/S0341816219302814\"><span style=\"color: #993300\"><strong>Organic carbon within soil aggregates under forestry systems and pasture in a southeast region of Brazil;<\/strong><\/span><\/a><\/p>\n<p><a href=\"https:\/\/periodicos.ufv.br\/reveng\/article\/view\/8091\"><span style=\"color: #993300\"><strong>Calibra\u00e7\u00e3o de equipamento de TDR em condi\u00e7\u00f5es de laborat\u00f3rio e campo para dois tipos de tubos de acesso;<\/strong><\/span><\/a><\/p>\n<p><a href=\"https:\/\/link.springer.com\/article\/10.1007\/s40003-018-0356-0\"><span style=\"color: #993300\"><strong>Soil Class, Mechanical Impedance and Irrigation: Impact on Physiological Performance in Green Dwarf Coconut;<\/strong><\/span><\/a><\/p>\n<p><a href=\"https:\/\/revistas.ufpr.br\/floresta\/article\/view\/55795\/35196\"><span style=\"color: #993300\"><strong>Lodo de Esgoto Tratado na Composi\u00e7\u00e3o de Substrato para Produ\u00e7\u00e3o de Mudas de Lafoensia Glyptocarpa;<\/strong><\/span><\/a><\/p>\n<p><a href=\"https:\/\/www.floram.org\/journal\/floram\/article\/doi\/10.1590\/2179-8087.040017\"><span style=\"color: #993300\"><strong>Physical Quality of a Typic Hapludult Soil Under Forest Leguminous Trees and Pasture;<\/strong><\/span><\/a><\/p>\n<p><span style=\"color: #993300\"><strong>Eros\u00e3o e valora\u00e7\u00e3o econ\u00f4mica de reposi\u00e7\u00e3o nutricional em solo cultivado com cana queimada e n\u00e3o queimada em Campos dos Goytacazes &#8211; RJ.<\/strong><\/span><\/p>\n<p>&nbsp;<\/p>\n<p>&nbsp;<\/p>\n","protected":false},"excerpt":{"rendered":"<p>Biochar decreases nutrient leaching in KCl-fertilized Podzols grown with black mucuna; Application of artificial intelligence for irrigation management: a systematic&#8230;<\/p>\n","protected":false},"author":10,"featured_media":0,"parent":66,"menu_order":1,"comment_status":"closed","ping_status":"closed","template":"","meta":{"footnotes":""},"class_list":["post-1074","page","type-page","status-publish","hentry"],"_links":{"self":[{"href":"https:\/\/uenf.br\/ccta\/lsol\/wp-json\/wp\/v2\/pages\/1074","targetHints":{"allow":["GET"]}}],"collection":[{"href":"https:\/\/uenf.br\/ccta\/lsol\/wp-json\/wp\/v2\/pages"}],"about":[{"href":"https:\/\/uenf.br\/ccta\/lsol\/wp-json\/wp\/v2\/types\/page"}],"author":[{"embeddable":true,"href":"https:\/\/uenf.br\/ccta\/lsol\/wp-json\/wp\/v2\/users\/10"}],"replies":[{"embeddable":true,"href":"https:\/\/uenf.br\/ccta\/lsol\/wp-json\/wp\/v2\/comments?post=1074"}],"version-history":[{"count":0,"href":"https:\/\/uenf.br\/ccta\/lsol\/wp-json\/wp\/v2\/pages\/1074\/revisions"}],"up":[{"embeddable":true,"href":"https:\/\/uenf.br\/ccta\/lsol\/wp-json\/wp\/v2\/pages\/66"}],"wp:attachment":[{"href":"https:\/\/uenf.br\/ccta\/lsol\/wp-json\/wp\/v2\/media?parent=1074"}],"curies":[{"name":"wp","href":"https:\/\/api.w.org\/{rel}","templated":true}]}}