{"id":1076,"date":"2019-10-22T14:06:41","date_gmt":"2019-10-22T14:06:41","guid":{"rendered":"http:\/\/uenf.br\/ccta\/lsol\/?page_id=1076"},"modified":"2025-07-04T14:25:17","modified_gmt":"2025-07-04T14:25:17","slug":"artigos-recentes-profa-emanuela","status":"publish","type":"page","link":"https:\/\/uenf.br\/ccta\/lsol\/corpo-docente\/artigos-recentes-profa-emanuela\/","title":{"rendered":"Prof\u00aa Emanuela F. da Gama-Rodrigues &#8211; Artigos (2018-2024) &#8211; Livro 2006"},"content":{"rendered":"<p style=\"text-align: center\"><span style=\"color: #800000\"><strong>LIVRO<\/strong><\/span><\/p>\n<p><a href=\"http:\/\/uenf.br\/ccta\/lsol\/files\/2024\/12\/Tony-Livro-Sistemas-Agroflorestais-2006.pdf\"><strong><span style=\"color: #993300\">Sistemas Agroflorestais &#8211; Bases Cient\u00edficas para o Desenvolvimento Sustent\u00e1vel<\/span><\/strong><\/a><\/p>\n<p style=\"text-align: center\"><span style=\"color: #800000\"><strong>ARTIGOS<\/strong><\/span><\/p>\n<p><a href=\"http:\/\/uenf.br\/ccta\/lsol\/files\/2025\/07\/Tony_Agroforestry-Systems_2025-Cocoa-agroforests-Amazonia-floodplains.pdf\"><strong><span style=\"color: #993300\">Cocoa agroforests in the Brazilian Amazonia floodplains: a review.<\/span><\/strong><\/a><\/p>\n<p><a href=\"https:\/\/link.springer.com\/article\/10.1007\/s10457-023-00802-w\"><strong><span style=\"color: #993300\">Carbon functional groups of leaf litter in cacao and rubber agroforestry systems in southern Bahia, Brazil<\/span><\/strong><\/a>;<\/p>\n<p><a href=\"https:\/\/link.springer.com\/article\/10.1007\/s42729-022-01083-5\"><strong><span style=\"color: #993300\">Chemical Composition of Organic Carbon in Aggregate Density Fractions Under Cacao Agroforestry Systems in South Bahia, Brazil;<\/span><\/strong><\/a><\/p>\n<p><a href=\"https:\/\/link.springer.com\/article\/10.1007\/s11368-023-03434-w\"><strong><span style=\"color: #993300\">Interconnection between pedogenesis and phosphorus cycle in temperate soils;<\/span><\/strong><\/a><\/p>\n<p><span style=\"color: #993300\"><strong><a style=\"color: #993300\" href=\"https:\/\/link.springer.com\/article\/10.1007\/s10705-023-10260-6\">Interrelationships between soil phosphorus compounds and their dependence on soil chemical and physical attributes<\/a>;<\/strong><\/span><\/p>\n<p><a href=\"https:\/\/link.springer.com\/article\/10.1007\/s10457-023-00901-8\"><strong><span style=\"color: #993300\">Chemical characterization of organic matter in soil aggregates under cacao agroforestry systems assessed by solid-state 13 C CPMAS NMR;<\/span><\/strong><\/a><\/p>\n<p><a href=\"https:\/\/link.springer.com\/article\/10.1007\/s42729-021-00734-3\"><strong><span style=\"color: #993300\">Carbon and Nitrogen Occluded in Soil Aggregates Under Cacao-Based Agroforestry Systems in Southern Bahia, Brazil;<\/span><\/strong><\/a><\/p>\n<p><strong><span style=\"color: #993300\"><a href=\"https:\/\/www.oaepublish.com\/articles\/cf.2022.01\"><span style=\"color: #993300\">Perspectives on carbon footprint of agricultural land-use in Brazil<\/span><\/a>;<\/span><\/strong><\/p>\n<p><a href=\"https:\/\/www.scielo.br\/j\/cr\/a\/RcgbDYz4WDZxstk8DZRhrSm\/?lang=en#\"><strong><span style=\"color: #993300\">Oxidizable organic carbon fractions in soils under leguminous nitrogen-fixing trees in a degraded pasture;<\/span><\/strong><\/a><\/p>\n<p><a href=\"https:\/\/www.floram.org\/journal\/floram\/article\/doi\/10.1590\/2179-8087-FLORAM-2021-0098\"><strong><span style=\"color: #993300\">Fluoridic Acid in the Infrared Spectroscopy Analysis of Chemical Composition of Organic Matter;<\/span><\/strong><\/a><\/p>\n<p><a href=\"https:\/\/link.springer.com\/article\/10.1007\/s42729-022-00890-0\"><strong><span style=\"color: #993300\">Does Structural Equation Modeling Provide a Holistic View of Phosphorus Acquisition Strategies in Soils of Amazon Forest?<\/span><\/strong><\/a><\/p>\n<p><a href=\"https:\/\/link.springer.com\/article\/10.1007\/s10705-021-10139-4\"><strong><span style=\"color: #993300\">31P NMR spectroscopy and structural models of soil organic phosphorus under Eucalyptus;<\/span><\/strong><\/a><\/p>\n<p><a href=\"https:\/\/www.sciencedirect.com\/science\/article\/pii\/S0308521X21002237\"><strong><span style=\"color: #993300\">Cacao-based agroforestry systems in the Atlantic Forest and Amazon Biomes: An ecoregional analysis of land use;<\/span><\/strong><\/a><\/p>\n<p><a href=\"https:\/\/link.springer.com\/article\/10.1007\/s40974-021-00231-4\"><strong><span style=\"color: #993300\">Short-term effects of forest management on litter decomposition in Caatinga dry forest;<\/span><\/strong><\/a><\/p>\n<p><a href=\"https:\/\/www.sciencedirect.com\/science\/article\/pii\/S0048969719364010\"><strong><span style=\"color: #993300\">Can soil phosphorus availability in tropical forest systems be increased by nitrogen-fixing leguminous trees?<\/span><\/strong><\/a><\/p>\n<p><a href=\"https:\/\/www.tandfonline.com\/doi\/full\/10.1080\/10934529.2020.1726695\"><strong><span style=\"color: #993300\">Use of plant materials for the bioremediation of soil from an industrial site;<\/span><\/strong><\/a><\/p>\n<p><strong><span style=\"color: #993300\">Efeito de rota\u00e7\u00f5es sucessivas de eucalipto na mineraliza\u00e7\u00e3o de nitrog\u00eanio e carbono do solo e suprimento de nitrog\u00eanio, no Sudoeste da Bahia, Brasil;<\/span><\/strong><\/p>\n<p><a href=\"https:\/\/www.sciencedirect.com\/science\/article\/pii\/S0378112720315590\"><strong><span style=\"color: #993300\">Short-term effects of forest management on soil microbial biomass and activity in Caatinga dry forest, Brazil;<\/span><\/strong><\/a><\/p>\n<p><a href=\"https:\/\/www.sciencedirect.com\/science\/article\/pii\/S2665972720300726\"><strong><span style=\"color: #993300\">Glomalin in soil aggregates under different forest and pasture systems in the North of Rio de Janeiro state, Brazil;<\/span><\/strong><\/a><\/p>\n<p><a href=\"https:\/\/www.floram.org\/journal\/floram\/article\/doi\/10.1590\/2179-8087.020417\"><strong><span style=\"color: #993300\">Nutrient Cycling in Corymbia citriodora in the State of Rio de Janeiro, Brazil;<\/span><\/strong><\/a><\/p>\n<p><strong><span style=\"color: #993300\">Carbon and nitrogen stock of Acrisols and Nitisols in South Bahia, Brazil;<\/span><\/strong><\/p>\n<p><a href=\"https:\/\/www.sciencedirect.com\/science\/article\/pii\/S2352009418302943\"><strong><span style=\"color: #993300\">Organic phosphorus of soils under cacao agroforests in the Atlantic coast of Brazil;<\/span><\/strong><\/a><\/p>\n<p><strong><span style=\"color: #993300\">Stable carbon in soils under rubber tree (Hevea brasiliensis) agroforestry systems in the south of Bahia, Brazil;<\/span><\/strong><\/p>\n<p><span style=\"color: #993300\"><span style=\"color: #993300\"><strong>Organic carbon within soil aggregates under forestry systems and pasture in a southeast region of Brazil;<\/strong><\/span><\/span><\/p>\n<p><a href=\"https:\/\/www.scielo.br\/j\/floram\/a\/YrbMsCc6tBGBCBx7v43jMmn\/?lang=en#\"><strong><span style=\"color: #993300\">Soil Microbial Biomass as an Edge Effect Indicator in Semi-Deciduous Seasonal Forest Fragments;<\/span><\/strong><\/a><\/p>\n<p><strong><span style=\"color: #993300\"><span style=\"color: #993300\"><strong>Litter and Soil-related variation in Functional Group Abundances in Cacao Agroforests Using Structural Equation Modeling.<\/strong><\/span><\/span><\/strong><\/p>\n<ul>\n<li style=\"list-style-type: none\"><\/li>\n<\/ul>\n","protected":false},"excerpt":{"rendered":"<p>LIVRO Sistemas Agroflorestais &#8211; Bases Cient\u00edficas para o Desenvolvimento Sustent\u00e1vel ARTIGOS Cocoa agroforests in the Brazilian Amazonia floodplains: a review&#8230;.<\/p>\n","protected":false},"author":10,"featured_media":0,"parent":66,"menu_order":3,"comment_status":"closed","ping_status":"closed","template":"","meta":{"footnotes":""},"class_list":["post-1076","page","type-page","status-publish","hentry"],"_links":{"self":[{"href":"https:\/\/uenf.br\/ccta\/lsol\/wp-json\/wp\/v2\/pages\/1076","targetHints":{"allow":["GET"]}}],"collection":[{"href":"https:\/\/uenf.br\/ccta\/lsol\/wp-json\/wp\/v2\/pages"}],"about":[{"href":"https:\/\/uenf.br\/ccta\/lsol\/wp-json\/wp\/v2\/types\/page"}],"author":[{"embeddable":true,"href":"https:\/\/uenf.br\/ccta\/lsol\/wp-json\/wp\/v2\/users\/10"}],"replies":[{"embeddable":true,"href":"https:\/\/uenf.br\/ccta\/lsol\/wp-json\/wp\/v2\/comments?post=1076"}],"version-history":[{"count":0,"href":"https:\/\/uenf.br\/ccta\/lsol\/wp-json\/wp\/v2\/pages\/1076\/revisions"}],"up":[{"embeddable":true,"href":"https:\/\/uenf.br\/ccta\/lsol\/wp-json\/wp\/v2\/pages\/66"}],"wp:attachment":[{"href":"https:\/\/uenf.br\/ccta\/lsol\/wp-json\/wp\/v2\/media?parent=1076"}],"curies":[{"name":"wp","href":"https:\/\/api.w.org\/{rel}","templated":true}]}}