{"id":116,"date":"2012-11-29T21:49:05","date_gmt":"2012-11-29T21:49:05","guid":{"rendered":"http:\/\/uenf.br\/ccta\/lsol\/?page_id=116"},"modified":"2019-10-22T18:12:07","modified_gmt":"2019-10-22T18:12:07","slug":"disciplinas-da-pos-graduacao","status":"publish","type":"page","link":"https:\/\/uenf.br\/ccta\/lsol\/disciplinas\/disciplinas-da-pos-graduacao\/","title":{"rendered":"P\u00f3s-Gradua\u00e7\u00e3o"},"content":{"rendered":"<p><span style=\"color: #993300\"><strong>O LSOL oferece as seguintes disciplinas na P\u00f3s-Gradua\u00e7\u00e3o:<\/strong><\/span><\/p>\n<p>&nbsp;<\/p>\n<ul>\n<li><span style=\"color: #993300\">Espectroscopia na Caracteriza\u00e7\u00e3o da Mat\u00e9ria Org\u00e2nica (SOL 3712) &#8211; 3 cr\u00e9ditos;<\/span><\/li>\n<li><span style=\"color: #993300\">Fertilidade do Solo (SOL 3705) &#8211; 3 cr\u00e9ditos;<\/span><\/li>\n<li><span style=\"color: #993300\">F\u00edsica do Solo (SOL 3740) &#8211; 3 cr\u00e9ditos;<\/span><\/li>\n<li><span style=\"color: #993300\">Forma\u00e7\u00e3o e Classifica\u00e7\u00e3o dos Solos (SOL 3701) &#8211; 3 cr\u00e9ditos;<\/span><\/li>\n<li><span style=\"color: #993300\">Mat\u00e9ria Org\u00e2nica do Solo (SOL 3711) &#8211; 3 cr\u00e9ditos;<\/span><\/li>\n<li><span style=\"color: #993300\">Microbiologia do Solo (SOL 3710) &#8211; 3 cr\u00e9ditos;<\/span><\/li>\n<li><span style=\"color: #993300\">Mineralogia do Solo (SOL 3732) &#8211; 4 cr\u00e9ditos;<\/span><\/li>\n<li><span style=\"color: #993300\">Qu\u00edmica do Solo (SOL 3730) &#8211; 4 cr\u00e9ditos;<\/span><\/li>\n<li><span style=\"color: #993300\">Rela\u00e7\u00e3o Solo-Planta (SOL 3708) \u2013 3 cr\u00e9ditos;<\/span><\/li>\n<\/ul>\n<p>&nbsp;<\/p>\n","protected":false},"excerpt":{"rendered":"<p>O LSOL oferece as seguintes disciplinas na P\u00f3s-Gradua\u00e7\u00e3o: &nbsp; Espectroscopia na Caracteriza\u00e7\u00e3o da Mat\u00e9ria Org\u00e2nica (SOL 3712) &#8211; 3 cr\u00e9ditos;&#8230;<\/p>\n","protected":false},"author":10,"featured_media":0,"parent":121,"menu_order":2,"comment_status":"closed","ping_status":"closed","template":"","meta":{"footnotes":""},"class_list":["post-116","page","type-page","status-publish","hentry"],"_links":{"self":[{"href":"https:\/\/uenf.br\/ccta\/lsol\/wp-json\/wp\/v2\/pages\/116","targetHints":{"allow":["GET"]}}],"collection":[{"href":"https:\/\/uenf.br\/ccta\/lsol\/wp-json\/wp\/v2\/pages"}],"about":[{"href":"https:\/\/uenf.br\/ccta\/lsol\/wp-json\/wp\/v2\/types\/page"}],"author":[{"embeddable":true,"href":"https:\/\/uenf.br\/ccta\/lsol\/wp-json\/wp\/v2\/users\/10"}],"replies":[{"embeddable":true,"href":"https:\/\/uenf.br\/ccta\/lsol\/wp-json\/wp\/v2\/comments?post=116"}],"version-history":[{"count":0,"href":"https:\/\/uenf.br\/ccta\/lsol\/wp-json\/wp\/v2\/pages\/116\/revisions"}],"up":[{"embeddable":true,"href":"https:\/\/uenf.br\/ccta\/lsol\/wp-json\/wp\/v2\/pages\/121"}],"wp:attachment":[{"href":"https:\/\/uenf.br\/ccta\/lsol\/wp-json\/wp\/v2\/media?parent=116"}],"curies":[{"name":"wp","href":"https:\/\/api.w.org\/{rel}","templated":true}]}}