{"id":129,"date":"2012-11-29T22:09:04","date_gmt":"2012-11-29T22:09:04","guid":{"rendered":"http:\/\/uenf.br\/ccta\/lsol\/?page_id=129"},"modified":"2019-10-22T18:13:54","modified_gmt":"2019-10-22T18:13:54","slug":"softwares","status":"publish","type":"page","link":"https:\/\/uenf.br\/ccta\/lsol\/softwares\/","title":{"rendered":"Softwares"},"content":{"rendered":"<p>&nbsp;<\/p>\n<p><a href=\"http:\/\/uenf.br\/ccta\/lsol\/files\/2012\/11\/LSOL_459_1062541910.zip\"><span style=\"color: #008000\">Textura.exe<\/span><\/a> <span style=\"color: #993300\">&#8211; software para identifica\u00e7\u00e3o da classe textural de solos, pelos tri\u00e2ngulos completo e simplificado<\/span>;<\/p>\n<p><a href=\"http:\/\/uenf.br\/ccta\/lsol\/files\/2012\/11\/LSOL_459_1103108083.zip\"><span style=\"color: #008000\">Munsell.exe<\/span><\/a>\u00a0<span style=\"color: #993300\">&#8211; software para identifica\u00e7\u00e3o da nomenclatura das cores de solo (Ingl\u00eas\/Portugu\u00eas);<\/span><\/p>\n<p>&nbsp;<\/p>\n<p>&nbsp;<\/p>\n","protected":false},"excerpt":{"rendered":"<p>&nbsp; Textura.exe &#8211; software para identifica\u00e7\u00e3o da classe textural de solos, pelos tri\u00e2ngulos completo e simplificado; Munsell.exe\u00a0&#8211; software para identifica\u00e7\u00e3o&#8230;<\/p>\n","protected":false},"author":10,"featured_media":0,"parent":0,"menu_order":10,"comment_status":"closed","ping_status":"open","template":"","meta":{"footnotes":""},"class_list":["post-129","page","type-page","status-publish","hentry"],"_links":{"self":[{"href":"https:\/\/uenf.br\/ccta\/lsol\/wp-json\/wp\/v2\/pages\/129","targetHints":{"allow":["GET"]}}],"collection":[{"href":"https:\/\/uenf.br\/ccta\/lsol\/wp-json\/wp\/v2\/pages"}],"about":[{"href":"https:\/\/uenf.br\/ccta\/lsol\/wp-json\/wp\/v2\/types\/page"}],"author":[{"embeddable":true,"href":"https:\/\/uenf.br\/ccta\/lsol\/wp-json\/wp\/v2\/users\/10"}],"replies":[{"embeddable":true,"href":"https:\/\/uenf.br\/ccta\/lsol\/wp-json\/wp\/v2\/comments?post=129"}],"version-history":[{"count":0,"href":"https:\/\/uenf.br\/ccta\/lsol\/wp-json\/wp\/v2\/pages\/129\/revisions"}],"wp:attachment":[{"href":"https:\/\/uenf.br\/ccta\/lsol\/wp-json\/wp\/v2\/media?parent=129"}],"curies":[{"name":"wp","href":"https:\/\/api.w.org\/{rel}","templated":true}]}}