{"id":1487,"date":"2024-03-26T19:55:57","date_gmt":"2024-03-26T19:55:57","guid":{"rendered":"https:\/\/uenf.br\/ccta\/lsol\/?page_id=1487"},"modified":"2024-03-27T18:57:17","modified_gmt":"2024-03-27T18:57:17","slug":"artigos-publicados","status":"publish","type":"page","link":"https:\/\/uenf.br\/ccta\/lsol\/artigos-publicados\/","title":{"rendered":"Artigos Publicados"},"content":{"rendered":"<p><span style=\"color: #993300\">Artigos publicados pelos docentes do Laborat\u00f3rio de Solos, no per\u00edodo de 2018 at\u00e9 o presente momento:<\/span><\/p>\n<ul>\n<li><span style=\"color: #008000\"><a style=\"color: #008000\" href=\"https:\/\/uenf.br\/ccta\/lsol\/corpo-docente\/artigos-recentes-prof-antonio-carlos\/\">Prof. Antonio Carlos da Gama-Rodrigues<\/a>;<\/span><\/li>\n<li><a href=\"https:\/\/uenf.br\/ccta\/lsol\/corpo-docente\/artigos-recentes-prof-claudio-roberto\/\"><span style=\"color: #008000\">Prof. Cl\u00e1udio Roberto Marciano;<\/span><\/a><\/li>\n<li><a href=\"https:\/\/uenf.br\/ccta\/lsol\/corpo-docente\/artigos-recentes-profa-emanuela\/\"><span style=\"color: #008000\">Prof\u00aa Emanuela Forestieri da Gama-Rodrigues;<\/span><\/a><\/li>\n<li><a href=\"https:\/\/uenf.br\/ccta\/lsol\/corpo-docente\/artigos-recentes-prof-gabriel\/\"><span style=\"color: #008000\">Prof. Gabriel Ramatis Pugliese Andrade;<\/span><\/a><\/li>\n<li><span style=\"color: #008000\">Prof\u00aa Luciana Aparecida Rodrigues;<\/span><\/li>\n<li><span style=\"color: #008000\">Prof. Luciano Pasqualoto Canellas;<\/span><\/li>\n<li><span style=\"color: #008000\">Prof. Marco Antonio Martins.<\/span><\/li>\n<\/ul>\n","protected":false},"excerpt":{"rendered":"<p>Artigos publicados pelos docentes do Laborat\u00f3rio de Solos, no per\u00edodo de 2018 at\u00e9 o presente momento: Prof. Antonio Carlos da&#8230;<\/p>\n","protected":false},"author":10,"featured_media":0,"parent":0,"menu_order":6,"comment_status":"closed","ping_status":"closed","template":"","meta":{"footnotes":""},"class_list":["post-1487","page","type-page","status-publish","hentry"],"_links":{"self":[{"href":"https:\/\/uenf.br\/ccta\/lsol\/wp-json\/wp\/v2\/pages\/1487","targetHints":{"allow":["GET"]}}],"collection":[{"href":"https:\/\/uenf.br\/ccta\/lsol\/wp-json\/wp\/v2\/pages"}],"about":[{"href":"https:\/\/uenf.br\/ccta\/lsol\/wp-json\/wp\/v2\/types\/page"}],"author":[{"embeddable":true,"href":"https:\/\/uenf.br\/ccta\/lsol\/wp-json\/wp\/v2\/users\/10"}],"replies":[{"embeddable":true,"href":"https:\/\/uenf.br\/ccta\/lsol\/wp-json\/wp\/v2\/comments?post=1487"}],"version-history":[{"count":0,"href":"https:\/\/uenf.br\/ccta\/lsol\/wp-json\/wp\/v2\/pages\/1487\/revisions"}],"wp:attachment":[{"href":"https:\/\/uenf.br\/ccta\/lsol\/wp-json\/wp\/v2\/media?parent=1487"}],"curies":[{"name":"wp","href":"https:\/\/api.w.org\/{rel}","templated":true}]}}