{"id":173,"date":"2012-12-05T13:11:32","date_gmt":"2012-12-05T13:11:32","guid":{"rendered":"http:\/\/uenf.br\/ccta\/lsol\/?page_id=173"},"modified":"2019-10-22T18:44:45","modified_gmt":"2019-10-22T18:44:45","slug":"doutorado-1997-2006","status":"publish","type":"page","link":"https:\/\/uenf.br\/ccta\/lsol\/teses-e-dissertacoes\/doutorado-1997-2006\/","title":{"rendered":"Doutorado (1998-2006)"},"content":{"rendered":"<p><span style=\"color: #5a3e30;font-family: Arial, Helvetica, sans-serif;font-size: small\"><span style=\"font-family: verdana, arial, helvetica\"><strong><span style=\"color: #993300\">Marihus Alto\u00e9 Baldotto (Agosto\/2006).<\/span>\u00a0<\/strong><br \/>\n<span style=\"color: #008000;font-family: Arial, Helvetica, sans-serif;font-size: small\"><span style=\"font-family: verdana, arial, helvetica\"><a style=\"color: #008000\" href=\"http:\/\/www.uenf.br\/Uenf\/Downloads\/PRODVEGETAL_3434_1161290815.pdf\">Propriedades Redox e grupos funcionais de \u00e1cidos h\u00famicos.<\/a><strong>\u00a0<\/strong><br \/>\n<span style=\"font-family: Arial, Helvetica, sans-serif;font-size: small\"><span style=\"font-family: verdana, arial, helvetica\"><strong>Orientador: Prof. Ary Carlos Xavier Velloso.<\/strong><\/span><\/span><\/span><\/span><\/span><\/span><\/p>\n<p><span style=\"color: #5a3e30;font-family: Arial, Helvetica, sans-serif;font-size: small\"><span style=\"font-family: verdana, arial, helvetica\"><strong><span style=\"color: #993300\">Alexandre Gomes Fontes (Fevereiro\/2006).<\/span>\u00a0<\/strong><br \/>\n<a href=\"http:\/\/www.uenf.br\/Uenf\/Downloads\/PRODVEGETAL_3434_1189536755.pdf\"><span style=\"color: #006600\"><span style=\"color: #008000\">Ciclagem de Nutrientes em Sistemas Agroflorestais de Cacau no Sul da Bahia.<\/span><\/span><\/a><br \/>\n<span style=\"color: #008000;font-family: Arial, Helvetica, sans-serif;font-size: small\"><span style=\"font-family: verdana, arial, helvetica\"><strong>Orientador: Prof. Antonio Carlos da Gama-Rodrigues.<\/strong><\/span><\/span><\/span><\/span><\/p>\n<p style=\"text-align: justify\"><span style=\"color: #5a3e30;font-family: Arial, Helvetica, sans-serif;font-size: small\"><span style=\"font-family: verdana, arial, helvetica\"><strong><span style=\"color: #993300\">Jolimar Antonio Schiavo (Mar\u00e7o\/2005).<\/span>\u00a0<\/strong><br \/>\n<a href=\"http:\/\/uenf.br\/ccta\/lsol\/files\/2019\/10\/Jolimar-Prof.-Marco-Antonio.pdf\"><span style=\"color: #008000\">Revegeta\u00e7\u00e3o de \u00e1reas degradadas pela\u00a0extra\u00e7\u00e3o de argila, com esp\u00e9cies micorrizadas de Acacia mangium, Sesbania virgata e Eucalyptus camaldulensis<\/span><\/a><span style=\"color: #008000\">.<strong>\u00a0<\/strong><\/span><br \/>\n<span style=\"color: #008000;font-family: Arial, Helvetica, sans-serif;font-size: small\"><span style=\"font-family: verdana, arial, helvetica\"><strong>Orientador: Prof. Marco Antonio Martins.<\/strong><\/span><\/span><\/span><\/span><\/p>\n<p style=\"text-align: justify\"><span style=\"color: #5a3e30;font-family: Arial, Helvetica, sans-serif;font-size: small\"><span style=\"font-family: verdana, arial, helvetica\"><span style=\"color: #993300\"><strong>Romero Francisco Vieira Carneiro (Fevereiro\/2004).<\/strong><\/span><br \/>\n<span style=\"color: #993300\">Crescimento de plantas forrageiras, em resposta \u00e0 inocula\u00e7\u00e3o com fungos micorr\u00edzicos arbusculares, em substrato n\u00e3o est\u00e9ril<\/span>.<br \/>\n<span style=\"color: #008000;font-family: Arial, Helvetica, sans-serif;font-size: small\"><span style=\"font-family: verdana, arial, helvetica\"><strong>Orientador: Prof. Marco Antonio Martins.<\/strong><\/span><\/span><\/span><\/span><\/p>\n<p style=\"text-align: justify\"><span style=\"color: #5a3e30;font-family: Arial, Helvetica, sans-serif;font-size: small\"><span style=\"font-family: verdana, arial, helvetica\"><span style=\"color: #993300\"><strong>Adauto Zago Pralon\u00a0(Agosto\/2003).<\/strong><\/span><br \/>\n<span style=\"color: #993300\">Potencial da utiliza\u00e7\u00e3o de res\u00edduos agro-industriais na produ\u00e7\u00e3o de inoculante de fungos micorr\u00edzicos arbusculares<\/span>.<br \/>\n<span style=\"color: #008000;font-family: Arial, Helvetica, sans-serif;font-size: small\"><span style=\"font-family: verdana, arial, helvetica\"><strong>Orientador: Prof. Marco Antonio Martins.<\/strong><\/span><\/span><\/span><\/span><\/p>\n<p style=\"text-align: justify\"><span style=\"color: #5a3e30;font-family: Arial, Helvetica, sans-serif;font-size: small\"><span style=\"font-family: verdana, arial, helvetica\"><span style=\"color: #993300\"><strong>Gustavo Adolfo Schmidt Suarez\u00a0(Agosto\/2003).<\/strong><\/span><br \/>\n<span style=\"color: #993300\">Minimiza\u00e7\u00e3o das restri\u00e7\u00f5es f\u00edsicas da camada adensada dos solos de tabuleiro e seus efeitos no desenvolvimento do sistema radicular da cana-de-a\u00e7\u00facar.<\/span><br \/>\n<span style=\"color: #008000;font-family: Arial, Helvetica, sans-serif;font-size: small\"><span style=\"font-family: verdana, arial, helvetica\"><strong>Orientador: Prof. Doracy Pessoa Ramos.<\/strong><\/span><\/span><\/span><\/span><\/p>\n<p style=\"text-align: justify\"><span style=\"color: #5a3e30;font-family: Arial, Helvetica, sans-serif;font-size: small\"><span style=\"font-family: verdana, arial, helvetica\"><span style=\"color: #993300\"><strong>Lu\u00eds Cl\u00e1udio Maranh\u00e3o Froufe (Abril\/2003).<\/strong><\/span><br \/>\n<span style=\"color: #993300\">Decomposi\u00e7\u00e3o da serapilheira foliar em plantios de eucalipto e pupunha e em fragmentos da Mata Atl\u00e2ntica no Norte Fluminense<\/span>.<br \/>\n<span style=\"color: #008000;font-family: Arial, Helvetica, sans-serif;font-size: small\"><span style=\"font-family: verdana, arial, helvetica\"><strong>Orientador: Prof. Antonio Carlos da Gama-Rodrigues.<\/strong><\/span><\/span><\/span><\/span><\/p>\n<p><span style=\"color: #5a3e30;font-family: Arial, Helvetica, sans-serif;font-size: small\"><span style=\"font-family: verdana, arial, helvetica\"><span style=\"color: #993300\"><strong>Gl\u00e1ucio de Mello Cunha (Agosto\/2002).\u00a0<\/strong><\/span><br \/>\n<span style=\"color: #993300\">Ciclagem de Nutrientes em florestas montanas e em Eucalyptus citriodora na regi\u00e3o Norte Fluminense.<\/span><strong>\u00a0<\/strong><br \/>\n<span style=\"color: #008000\"><strong>Orientador: Prof. Ary Carlos Xavier Velloso.<\/strong><\/span><\/span><\/span><\/p>\n<p style=\"text-align: justify\"><span style=\"color: #5a3e30;font-family: Arial, Helvetica, sans-serif;font-size: small\"><span style=\"font-family: verdana, arial, helvetica\"><span style=\"color: #993300\"><strong>Gilmar Santos Costa (Janeiro\/2002).\u00a0<\/strong><\/span><br \/>\n<span style=\"color: #993300\">Decomposi\u00e7\u00e3o da Serapilheira em Florestas Plantadas e Fragmentos da Mata Atl\u00e2ntica na Regi\u00e3o Norte Fluminense.<\/span><br \/>\n<span style=\"color: #008000;font-family: Arial, Helvetica, sans-serif;font-size: small\"><span style=\"font-family: verdana, arial, helvetica\"><strong>Orientador: Prof. Antonio Carlos da Gama-Rodrigues.<\/strong><\/span><\/span><\/span><\/span><\/p>\n<p style=\"text-align: justify\"><span style=\"color: #5a3e30;font-family: Arial, Helvetica, sans-serif;font-size: small\"><span style=\"font-family: verdana, arial, helvetica\"><span style=\"color: #993300\"><strong>Luciana Aparecida Rodrigues (Abril\/2001).<\/strong><\/span><br \/>\n<span style=\"color: #993300\">Crescimento e absor\u00e7\u00e3o de nutrientes por plantas de Eucalyptus grandis e leguminosas em resposta a inocula\u00e7\u00e3o com fungos micorr\u00edzicos arbusculares e riz\u00f3bio.<\/span><strong>\u00a0<\/strong><br \/>\n<span style=\"color: #008000;font-family: Arial, Helvetica, sans-serif;font-size: small\"><span style=\"font-family: verdana, arial, helvetica\"><strong>Orientador: Prof. Marco Antonio Martins.<\/strong><\/span><\/span><\/span><\/span><\/p>\n<p style=\"text-align: justify\"><span style=\"color: #5a3e30;font-family: Arial, Helvetica, sans-serif;font-size: small\"><span style=\"font-family: verdana, arial, helvetica\"><span style=\"color: #993300\"><strong>J\u00falio C\u00e9sar Lima Neves (Dezembro\/2000)\u00a0<\/strong><\/span><br \/>\n<span style=\"color: #993300\">Produ\u00e7\u00e3o e parti\u00e7\u00e3o de biomassa, aspectos nutricionais e h\u00eddricos em plantios clonais de eucalipto na regi\u00e3o litor\u00e2nea do Esp\u00edrito Santo.<\/span><br \/>\n<span style=\"color: #008000;font-family: Arial, Helvetica, sans-serif;font-size: small\"><span style=\"font-family: verdana, arial, helvetica\"><strong>Orientador: Prof. Ary Carlos Xavier Velloso.<\/strong><\/span><\/span><\/span><\/span><\/p>\n<p><span style=\"color: #5a3e30;font-family: Arial, Helvetica, sans-serif;font-size: small\"><span style=\"font-family: verdana, arial, helvetica\"><span style=\"color: #993300\"><strong>Leonardo Santos\u00a0Collier\u00a0(Mar\u00e7o\/1999).\u00a0<\/strong><\/span><br \/>\n<span style=\"color: #993300\">Metais pesados em solos do Estado do Rio de Janeiro tratados com composto de res\u00edduo urbano.<\/span><br \/>\n<span style=\"color: #008000;font-family: Arial, Helvetica, sans-serif;font-size: small\"><span style=\"font-family: verdana, arial, helvetica\"><strong>Orientador: Prof. Ary Carlos Xavier Velloso.<\/strong><\/span><\/span><\/span><\/span><\/p>\n<p><span style=\"color: #5a3e30;font-family: Arial, Helvetica, sans-serif;font-size: small\"><span style=\"font-family: verdana, arial, helvetica\"><span style=\"color: #993300\"><strong>Ros\u00e2ngela Alves Trist\u00e3o Bor\u00e9m (Novembro\/1998).<\/strong><\/span><br \/>\n<span style=\"color: #993300\">Estudo das rela\u00e7\u00f5es solo-vegeta\u00e7\u00e3o em topossequ\u00eancias de \u00e1reas de dom\u00ednio de mata atl\u00e2ntica<\/span>.<br \/>\n<span style=\"color: #008000\"><strong>Orientador: Prof. Doracy Pessoa Ramos.<\/strong><\/span><\/span><\/span><\/p>\n<p style=\"text-align: justify\"><span style=\"color: #5a3e30;font-family: Arial, Helvetica, sans-serif;font-size: small\"><span style=\"font-family: verdana, arial, helvetica\"><span style=\"color: #993300\"><strong>Ana Cristina Fermino\u00a0Soares\u00a0(Maio\/1998).<\/strong><\/span><br \/>\n<span style=\"color: #993300\">Influ\u00eancia de fungos micorr\u00edzicos arbusculares (FMAs) e poss\u00edvel ocorr\u00eancia de flavon\u00f3idesem mudas de maracujazeiro amarelo.<\/span><br \/>\n<span style=\"color: #008000;font-family: Arial, Helvetica, sans-serif;font-size: small\"><span style=\"font-family: verdana, arial, helvetica\"><strong>Orientador: Prof. Marco Antonio Martins.<\/strong><\/span><\/span><\/span><\/span><\/p>\n<p style=\"text-align: justify\"><span style=\"color: #5a3e30;font-family: Arial, Helvetica, sans-serif;font-size: small\"><span style=\"font-family: verdana, arial, helvetica\"><span style=\"color: #993300\"><strong>Celso Vainer Manzatto (Abril\/1998).\u00a0<\/strong><\/span><br \/>\n<span style=\"color: #993300\">Pedog\u00eanese Topossenquencial de solos desenvolvidos de sedimentos do terci\u00e1rio do Norte Fluminense: um subs\u00eddio ao manejo agr\u00edcola racional.<\/span><br \/>\n<span style=\"color: #008000;font-family: Arial, Helvetica, sans-serif;font-size: small\"><span style=\"font-family: verdana, arial, helvetica\"><strong>Orientador: Prof. Doracy Pessoa Ramos.<\/strong><\/span><\/span><\/span><\/span><\/p>\n","protected":false},"excerpt":{"rendered":"<p>Marihus Alto\u00e9 Baldotto (Agosto\/2006).\u00a0 Propriedades Redox e grupos funcionais de \u00e1cidos h\u00famicos.\u00a0 Orientador: Prof. Ary Carlos Xavier Velloso. Alexandre Gomes&#8230;<\/p>\n","protected":false},"author":10,"featured_media":0,"parent":163,"menu_order":3,"comment_status":"closed","ping_status":"open","template":"","meta":{"footnotes":""},"class_list":["post-173","page","type-page","status-publish","hentry"],"_links":{"self":[{"href":"https:\/\/uenf.br\/ccta\/lsol\/wp-json\/wp\/v2\/pages\/173","targetHints":{"allow":["GET"]}}],"collection":[{"href":"https:\/\/uenf.br\/ccta\/lsol\/wp-json\/wp\/v2\/pages"}],"about":[{"href":"https:\/\/uenf.br\/ccta\/lsol\/wp-json\/wp\/v2\/types\/page"}],"author":[{"embeddable":true,"href":"https:\/\/uenf.br\/ccta\/lsol\/wp-json\/wp\/v2\/users\/10"}],"replies":[{"embeddable":true,"href":"https:\/\/uenf.br\/ccta\/lsol\/wp-json\/wp\/v2\/comments?post=173"}],"version-history":[{"count":0,"href":"https:\/\/uenf.br\/ccta\/lsol\/wp-json\/wp\/v2\/pages\/173\/revisions"}],"up":[{"embeddable":true,"href":"https:\/\/uenf.br\/ccta\/lsol\/wp-json\/wp\/v2\/pages\/163"}],"wp:attachment":[{"href":"https:\/\/uenf.br\/ccta\/lsol\/wp-json\/wp\/v2\/media?parent=173"}],"curies":[{"name":"wp","href":"https:\/\/api.w.org\/{rel}","templated":true}]}}