{"id":2,"date":"2012-11-27T12:11:39","date_gmt":"2012-11-27T12:11:39","guid":{"rendered":"http:\/\/uenf.br\/ccta\/lsol\/?page_id=2"},"modified":"2024-03-27T19:42:08","modified_gmt":"2024-03-27T19:42:08","slug":"apresentacao","status":"publish","type":"page","link":"https:\/\/uenf.br\/ccta\/lsol\/","title":{"rendered":"Apresenta\u00e7\u00e3o"},"content":{"rendered":"<h2><img loading=\"lazy\" decoding=\"async\" class=\"aligncenter\" src=\"http:\/\/uenf.br\/ccta\/lsol\/files\/2012\/11\/logomarca1-150x150.png\" width=\"190\" height=\"190\" \/><\/h2>\n<h2 style=\"text-align: justify\"><span style=\"color: #993300\"><strong><span style=\"font-family: Arial, Helvetica, sans-serif;font-size: small\">O Laborat\u00f3rio de Solos (LSOL) pertence ao Centro de Ci\u00eancias e Tecnologias Agropecu\u00e1rias (CCTA), sendo respons\u00e1vel por ensino, pesquisa e extens\u00e3o em Ci\u00eancias do Solo na UENF. Atualmente t\u00eam 14 servidores em seu quadro de pessoal, sendo 7 professores (2 titulares) e 7 t\u00e9cnicos.<\/span><\/strong><\/span><\/h2>\n<p>&nbsp;<\/p>\n<p style=\"text-align: justify\"><span style=\"color: #993300\"><strong><span style=\"font-family: Arial, Helvetica, sans-serif;font-size: small\">O LSOL estrutura-se em seis setores:<\/span><\/strong><\/span><\/p>\n<ul>\n<li><a href=\"http:\/\/uenf.br\/ccta\/lsol\/setores\/343-2\/\"><span style=\"color: #008000\">Setor de Adubos e Aduba\u00e7\u00e3o<\/span><\/a>;<\/li>\n<li><a href=\"http:\/\/uenf.br\/ccta\/lsol\/setores\/fertilidade-do-solo\/\"><span style=\"color: #008000\">Setor de Fertilidade do Solo<\/span><\/a>;<\/li>\n<li><a href=\"http:\/\/uenf.br\/ccta\/lsol\/setores\/formacao-e-classificacao-do-solo\/\"><span style=\"color: #008000\">Setor de Forma\u00e7\u00e3o e Classifica\u00e7\u00e3o do Solo<\/span><\/a>;<\/li>\n<li><a href=\"http:\/\/uenf.br\/ccta\/lsol\/setores\/materia-organica-e-manejo-do-solo\/\"><span style=\"color: #008000\">Setor de Mat\u00e9ria Org\u00e2nica e Biologia do Solo<span style=\"color: #000000\">;<\/span><\/span><\/a><\/li>\n<li><span style=\"color: #008000\"><a style=\"color: #008000\" href=\"http:\/\/uenf.br\/ccta\/lsol\/setores\/microbiologia-do-solo\/\">Setor de Microbiologia do Solo<\/a><\/span>;<\/li>\n<li><a href=\"http:\/\/uenf.br\/ccta\/lsol\/setores\/quimica-do-solo\/\"><span style=\"color: #008000\">Setor de Qu\u00edmica do Solo<\/span><\/a>.<\/li>\n<\/ul>\n<p style=\"text-align: justify\">\n","protected":false},"excerpt":{"rendered":"<p>O Laborat\u00f3rio de Solos (LSOL) pertence ao Centro de Ci\u00eancias e Tecnologias Agropecu\u00e1rias (CCTA), sendo respons\u00e1vel por ensino, pesquisa e&#8230;<\/p>\n","protected":false},"author":10,"featured_media":0,"parent":0,"menu_order":1,"comment_status":"open","ping_status":"closed","template":"","meta":{"footnotes":""},"class_list":["post-2","page","type-page","status-publish","hentry"],"_links":{"self":[{"href":"https:\/\/uenf.br\/ccta\/lsol\/wp-json\/wp\/v2\/pages\/2","targetHints":{"allow":["GET"]}}],"collection":[{"href":"https:\/\/uenf.br\/ccta\/lsol\/wp-json\/wp\/v2\/pages"}],"about":[{"href":"https:\/\/uenf.br\/ccta\/lsol\/wp-json\/wp\/v2\/types\/page"}],"author":[{"embeddable":true,"href":"https:\/\/uenf.br\/ccta\/lsol\/wp-json\/wp\/v2\/users\/10"}],"replies":[{"embeddable":true,"href":"https:\/\/uenf.br\/ccta\/lsol\/wp-json\/wp\/v2\/comments?post=2"}],"version-history":[{"count":0,"href":"https:\/\/uenf.br\/ccta\/lsol\/wp-json\/wp\/v2\/pages\/2\/revisions"}],"wp:attachment":[{"href":"https:\/\/uenf.br\/ccta\/lsol\/wp-json\/wp\/v2\/media?parent=2"}],"curies":[{"name":"wp","href":"https:\/\/api.w.org\/{rel}","templated":true}]}}