{"id":32,"date":"2012-11-29T20:02:21","date_gmt":"2012-11-29T20:02:21","guid":{"rendered":"http:\/\/uenf.br\/ccta\/lsol\/?page_id=32"},"modified":"2019-10-22T17:46:54","modified_gmt":"2019-10-22T17:46:54","slug":"setores","status":"publish","type":"page","link":"https:\/\/uenf.br\/ccta\/lsol\/setores\/","title":{"rendered":"Setores do LSOL"},"content":{"rendered":"<h2><\/h2>\n<h2><\/h2>\n<p><a href=\"http:\/\/uenf.br\/ccta\/lsol\/setores\/343-2\/\"><span style=\"color: #008000\">Adubos e Aduba\u00e7\u00e3o<\/span><\/a><\/p>\n<p><a href=\"http:\/\/uenf.br\/ccta\/lsol\/setores\/fertilidade-do-solo\/\"><span style=\"color: #008000\">Fertilidade do Solo<\/span><\/a><\/p>\n<p><a href=\"http:\/\/uenf.br\/ccta\/lsol\/setores\/formacao-e-classificacao-do-solo\/\"><span style=\"color: #008000\">Forma\u00e7\u00e3o e Classifica\u00e7\u00e3o do Solo<\/span><\/a><\/p>\n<p><a href=\"http:\/\/uenf.br\/ccta\/lsol\/setores\/materia-organica-e-manejo-do-solo\/\"><span style=\"color: #008000\">Mat\u00e9ria Org\u00e2nica e Biologia do Solo<\/span><\/a><\/p>\n<p><a href=\"http:\/\/uenf.br\/ccta\/lsol\/setores\/microbiologia-do-solo\/\"><span style=\"color: #008000\">Microbiologia do Solo<\/span><\/a><\/p>\n<p><span style=\"color: #008000\"><a style=\"color: #008000\" href=\"http:\/\/uenf.br\/ccta\/lsol\/setores\/quimica-do-solo\/\">Qu\u00edmica do Solo<\/a><\/span><\/p>\n","protected":false},"excerpt":{"rendered":"<p>Adubos e Aduba\u00e7\u00e3o Fertilidade do Solo Forma\u00e7\u00e3o e Classifica\u00e7\u00e3o do Solo Mat\u00e9ria Org\u00e2nica e Biologia do Solo Microbiologia do Solo&#8230;<\/p>\n","protected":false},"author":10,"featured_media":0,"parent":0,"menu_order":2,"comment_status":"closed","ping_status":"closed","template":"","meta":{"footnotes":""},"class_list":["post-32","page","type-page","status-publish","hentry"],"_links":{"self":[{"href":"https:\/\/uenf.br\/ccta\/lsol\/wp-json\/wp\/v2\/pages\/32","targetHints":{"allow":["GET"]}}],"collection":[{"href":"https:\/\/uenf.br\/ccta\/lsol\/wp-json\/wp\/v2\/pages"}],"about":[{"href":"https:\/\/uenf.br\/ccta\/lsol\/wp-json\/wp\/v2\/types\/page"}],"author":[{"embeddable":true,"href":"https:\/\/uenf.br\/ccta\/lsol\/wp-json\/wp\/v2\/users\/10"}],"replies":[{"embeddable":true,"href":"https:\/\/uenf.br\/ccta\/lsol\/wp-json\/wp\/v2\/comments?post=32"}],"version-history":[{"count":0,"href":"https:\/\/uenf.br\/ccta\/lsol\/wp-json\/wp\/v2\/pages\/32\/revisions"}],"wp:attachment":[{"href":"https:\/\/uenf.br\/ccta\/lsol\/wp-json\/wp\/v2\/media?parent=32"}],"curies":[{"name":"wp","href":"https:\/\/api.w.org\/{rel}","templated":true}]}}