{"id":343,"date":"2018-03-09T17:47:07","date_gmt":"2018-03-09T17:47:07","guid":{"rendered":"http:\/\/uenf.br\/ccta\/lsol\/?page_id=343"},"modified":"2019-10-22T19:14:38","modified_gmt":"2019-10-22T19:14:38","slug":"343-2","status":"publish","type":"page","link":"https:\/\/uenf.br\/ccta\/lsol\/setores\/343-2\/","title":{"rendered":"Adubos e Aduba\u00e7\u00e3o"},"content":{"rendered":"<p style=\"text-align: justify\"><span style=\"color: #993300;font-family: Arial, Helvetica, sans-serif;font-size: small\">O Setor de Adubos e Aduba\u00e7\u00e3o tem como objetivo pesquisar, ensinar e promover a extens\u00e3o acerca da fertiliza\u00e7\u00e3o mineral e org\u00e2nica para culturas anuais e perenes, principalmente no Norte e Noroeste Fluminense, visando o aumento da produtividade das culturas com a utiliza\u00e7\u00e3o de tecnologias adequadas, considerando sustentabilidade ambiental. Para isso, as pesquisas est\u00e3o direcionadas para a obten\u00e7\u00e3o de novos materiais para aduba\u00e7\u00f5es, tecnologia de aplica\u00e7\u00e3o, a avalia\u00e7\u00e3o do efeito dos adubos nos solos do Norte e Noroeste Fluminense e o estudo das t\u00e9cnicas para a redu\u00e7\u00e3o das perdas dos fertilizantes aplicados no solo e para o aumento da efici\u00eancia de utiliza\u00e7\u00e3o dos nutrientes.<\/span><\/p>\n","protected":false},"excerpt":{"rendered":"<p>O Setor de Adubos e Aduba\u00e7\u00e3o tem como objetivo pesquisar, ensinar e promover a extens\u00e3o acerca da fertiliza\u00e7\u00e3o mineral e&#8230;<\/p>\n","protected":false},"author":24,"featured_media":0,"parent":32,"menu_order":0,"comment_status":"closed","ping_status":"closed","template":"","meta":{"footnotes":""},"class_list":["post-343","page","type-page","status-publish","hentry"],"_links":{"self":[{"href":"https:\/\/uenf.br\/ccta\/lsol\/wp-json\/wp\/v2\/pages\/343","targetHints":{"allow":["GET"]}}],"collection":[{"href":"https:\/\/uenf.br\/ccta\/lsol\/wp-json\/wp\/v2\/pages"}],"about":[{"href":"https:\/\/uenf.br\/ccta\/lsol\/wp-json\/wp\/v2\/types\/page"}],"author":[{"embeddable":true,"href":"https:\/\/uenf.br\/ccta\/lsol\/wp-json\/wp\/v2\/users\/24"}],"replies":[{"embeddable":true,"href":"https:\/\/uenf.br\/ccta\/lsol\/wp-json\/wp\/v2\/comments?post=343"}],"version-history":[{"count":0,"href":"https:\/\/uenf.br\/ccta\/lsol\/wp-json\/wp\/v2\/pages\/343\/revisions"}],"up":[{"embeddable":true,"href":"https:\/\/uenf.br\/ccta\/lsol\/wp-json\/wp\/v2\/pages\/32"}],"wp:attachment":[{"href":"https:\/\/uenf.br\/ccta\/lsol\/wp-json\/wp\/v2\/media?parent=343"}],"curies":[{"name":"wp","href":"https:\/\/api.w.org\/{rel}","templated":true}]}}