{"id":45,"date":"2012-11-29T20:21:33","date_gmt":"2012-11-29T20:21:33","guid":{"rendered":"http:\/\/uenf.br\/ccta\/lsol\/?page_id=45"},"modified":"2019-10-22T19:13:27","modified_gmt":"2019-10-22T19:13:27","slug":"materia-organica-e-manejo-do-solo","status":"publish","type":"page","link":"https:\/\/uenf.br\/ccta\/lsol\/setores\/materia-organica-e-manejo-do-solo\/","title":{"rendered":"Mat\u00e9ria Org\u00e2nica e Biologia do Solo"},"content":{"rendered":"<p style=\"text-align: justify\"><span style=\"color: #993300;font-family: Arial, Helvetica, sans-serif;font-size: small\">O Setor de Mat\u00e9ria Org\u00e2nica e Biologia do Solo atua na investiga\u00e7\u00e3o do potencial de sequestro de C em solos sob sistemas florestais e agroflorestais. Buscamos uma compreens\u00e3o dos processos de transfer\u00eancia e transforma\u00e7\u00e3o do C da serapilheira para o solo via decomposi\u00e7\u00e3o e, tamb\u00e9m, investigamos a prote\u00e7\u00e3o f\u00edsica da mat\u00e9ria org\u00e2nica do solo por meio da sua oclus\u00e3o nos agregados, o que representa um compartimento de reserva de C no solo e pode contribuir com a mitiga\u00e7\u00e3o da emiss\u00e3o de CO<sub>2 <\/sub>para a atmosfera. Tamb\u00e9m atuamos no desenvolvimento de uma combina\u00e7\u00e3o de atributos para a avalia\u00e7\u00e3o da qualidade do solo, que servir\u00e3o de base para o estudo da sustentabilidade. Dentro deste aspecto, estudos sobre os atributos biol\u00f3gicos e a mat\u00e9ria org\u00e2nica do solo s\u00e3o fundamentais, pois influenciam positivamente a capacidade produtiva dos solos. Nossa meta \u00e9 contribuir com o incentivo do setor florestal e agroflorestal no Brasil e, portanto, com a redu\u00e7\u00e3o das taxas de desmatamentos das florestas naturais e permitir o uso do solo de forma sustent\u00e1vel nas \u00e1reas j\u00e1 desmatadas e na recupera\u00e7\u00e3o de \u00e1reas degradadas.<\/span><\/p>\n","protected":false},"excerpt":{"rendered":"<p>O Setor de Mat\u00e9ria Org\u00e2nica e Biologia do Solo atua na investiga\u00e7\u00e3o do potencial de sequestro de C em solos&#8230;<\/p>\n","protected":false},"author":10,"featured_media":0,"parent":32,"menu_order":3,"comment_status":"closed","ping_status":"closed","template":"","meta":{"footnotes":""},"class_list":["post-45","page","type-page","status-publish","hentry"],"_links":{"self":[{"href":"https:\/\/uenf.br\/ccta\/lsol\/wp-json\/wp\/v2\/pages\/45","targetHints":{"allow":["GET"]}}],"collection":[{"href":"https:\/\/uenf.br\/ccta\/lsol\/wp-json\/wp\/v2\/pages"}],"about":[{"href":"https:\/\/uenf.br\/ccta\/lsol\/wp-json\/wp\/v2\/types\/page"}],"author":[{"embeddable":true,"href":"https:\/\/uenf.br\/ccta\/lsol\/wp-json\/wp\/v2\/users\/10"}],"replies":[{"embeddable":true,"href":"https:\/\/uenf.br\/ccta\/lsol\/wp-json\/wp\/v2\/comments?post=45"}],"version-history":[{"count":0,"href":"https:\/\/uenf.br\/ccta\/lsol\/wp-json\/wp\/v2\/pages\/45\/revisions"}],"up":[{"embeddable":true,"href":"https:\/\/uenf.br\/ccta\/lsol\/wp-json\/wp\/v2\/pages\/32"}],"wp:attachment":[{"href":"https:\/\/uenf.br\/ccta\/lsol\/wp-json\/wp\/v2\/media?parent=45"}],"curies":[{"name":"wp","href":"https:\/\/api.w.org\/{rel}","templated":true}]}}