{"id":56,"date":"2012-11-29T20:25:38","date_gmt":"2012-11-29T20:25:38","guid":{"rendered":"http:\/\/uenf.br\/ccta\/lsol\/?page_id=56"},"modified":"2019-10-22T19:13:55","modified_gmt":"2019-10-22T19:13:55","slug":"formacao-e-classificacao-do-solo","status":"publish","type":"page","link":"https:\/\/uenf.br\/ccta\/lsol\/setores\/formacao-e-classificacao-do-solo\/","title":{"rendered":"Forma\u00e7\u00e3o e Classifica\u00e7\u00e3o do Solo"},"content":{"rendered":"<p style=\"text-align: justify\"><span style=\"color: #993300;font-family: Arial, Helvetica, sans-serif;font-size: small\">Estuda solos e saprolitos das regi\u00f5es Norte e Noroeste Fluminense com enfoque pedol\u00f3gico, incluindo g\u00eanese e morfologia de perfis, mineralogia das fra\u00e7\u00f5es granulom\u00e9tricas, atributos qu\u00edmicos e f\u00edsicos do solo, classifica\u00e7\u00e3o do solo, din\u00e2mica da estrutura do solo, reten\u00e7\u00e3o e din\u00e2mica da \u00e1gua no perfil, entre outros, e interpretar as consequ\u00eancias edafol\u00f3gicas desses fatores, dando subs\u00eddios para planejar e promover a ocupa\u00e7\u00e3o das terras e o uso do solo que concilie a produ\u00e7\u00e3o vegetal e a conserva\u00e7\u00e3o ambiental.<\/span><\/p>\n","protected":false},"excerpt":{"rendered":"<p>Estuda solos e saprolitos das regi\u00f5es Norte e Noroeste Fluminense com enfoque pedol\u00f3gico, incluindo g\u00eanese e morfologia de perfis, mineralogia&#8230;<\/p>\n","protected":false},"author":10,"featured_media":0,"parent":32,"menu_order":2,"comment_status":"closed","ping_status":"open","template":"","meta":{"footnotes":""},"class_list":["post-56","page","type-page","status-publish","hentry"],"_links":{"self":[{"href":"https:\/\/uenf.br\/ccta\/lsol\/wp-json\/wp\/v2\/pages\/56","targetHints":{"allow":["GET"]}}],"collection":[{"href":"https:\/\/uenf.br\/ccta\/lsol\/wp-json\/wp\/v2\/pages"}],"about":[{"href":"https:\/\/uenf.br\/ccta\/lsol\/wp-json\/wp\/v2\/types\/page"}],"author":[{"embeddable":true,"href":"https:\/\/uenf.br\/ccta\/lsol\/wp-json\/wp\/v2\/users\/10"}],"replies":[{"embeddable":true,"href":"https:\/\/uenf.br\/ccta\/lsol\/wp-json\/wp\/v2\/comments?post=56"}],"version-history":[{"count":0,"href":"https:\/\/uenf.br\/ccta\/lsol\/wp-json\/wp\/v2\/pages\/56\/revisions"}],"up":[{"embeddable":true,"href":"https:\/\/uenf.br\/ccta\/lsol\/wp-json\/wp\/v2\/pages\/32"}],"wp:attachment":[{"href":"https:\/\/uenf.br\/ccta\/lsol\/wp-json\/wp\/v2\/media?parent=56"}],"curies":[{"name":"wp","href":"https:\/\/api.w.org\/{rel}","templated":true}]}}