{"id":59,"date":"2012-11-29T20:27:31","date_gmt":"2012-11-29T20:27:31","guid":{"rendered":"http:\/\/uenf.br\/ccta\/lsol\/?page_id=59"},"modified":"2019-10-22T19:13:04","modified_gmt":"2019-10-22T19:13:04","slug":"microbiologia-do-solo","status":"publish","type":"page","link":"https:\/\/uenf.br\/ccta\/lsol\/setores\/microbiologia-do-solo\/","title":{"rendered":"Microbiologia do Solo"},"content":{"rendered":"<p style=\"text-align: justify\"><span style=\"color: #993300;font-family: Arial, Helvetica, sans-serif;font-size: small\">Tem como objetivo desenvolver estudos voltados para a solu\u00e7\u00e3o de problemas das regi\u00f5es Norte e Noroeste Fluminense. Dentro desta filosofia, o setor vem desenvolvendo pesquisas com \u00eanfase na utiliza\u00e7\u00e3o dos fungos micorr\u00edzicos arbusculares\u00a0\u00a0na remedia\u00e7\u00e3o de ambientes contaminados por petr\u00f3leo e seus derivados, bem como na recupera\u00e7\u00e3o de \u00e1reas degradadas pela extra\u00e7\u00e3o de argila, devido \u00e0 atividade ceramista no munic\u00edpio de Campos dos Goytacazes.<\/span><\/p>\n","protected":false},"excerpt":{"rendered":"<p>Tem como objetivo desenvolver estudos voltados para a solu\u00e7\u00e3o de problemas das regi\u00f5es Norte e Noroeste Fluminense. Dentro desta filosofia,&#8230;<\/p>\n","protected":false},"author":10,"featured_media":0,"parent":32,"menu_order":4,"comment_status":"closed","ping_status":"open","template":"","meta":{"footnotes":""},"class_list":["post-59","page","type-page","status-publish","hentry"],"_links":{"self":[{"href":"https:\/\/uenf.br\/ccta\/lsol\/wp-json\/wp\/v2\/pages\/59","targetHints":{"allow":["GET"]}}],"collection":[{"href":"https:\/\/uenf.br\/ccta\/lsol\/wp-json\/wp\/v2\/pages"}],"about":[{"href":"https:\/\/uenf.br\/ccta\/lsol\/wp-json\/wp\/v2\/types\/page"}],"author":[{"embeddable":true,"href":"https:\/\/uenf.br\/ccta\/lsol\/wp-json\/wp\/v2\/users\/10"}],"replies":[{"embeddable":true,"href":"https:\/\/uenf.br\/ccta\/lsol\/wp-json\/wp\/v2\/comments?post=59"}],"version-history":[{"count":0,"href":"https:\/\/uenf.br\/ccta\/lsol\/wp-json\/wp\/v2\/pages\/59\/revisions"}],"up":[{"embeddable":true,"href":"https:\/\/uenf.br\/ccta\/lsol\/wp-json\/wp\/v2\/pages\/32"}],"wp:attachment":[{"href":"https:\/\/uenf.br\/ccta\/lsol\/wp-json\/wp\/v2\/media?parent=59"}],"curies":[{"name":"wp","href":"https:\/\/api.w.org\/{rel}","templated":true}]}}