{"id":66,"date":"2012-11-29T20:40:55","date_gmt":"2012-11-29T20:40:55","guid":{"rendered":"http:\/\/uenf.br\/ccta\/lsol\/?page_id=66"},"modified":"2024-12-13T18:09:28","modified_gmt":"2024-12-13T18:09:28","slug":"corpo-docente","status":"publish","type":"page","link":"https:\/\/uenf.br\/ccta\/lsol\/corpo-docente\/","title":{"rendered":"Corpo Docente"},"content":{"rendered":"<h4><a href=\"http:\/\/uenf.br\/ccta\/lsol\/files\/2018\/05\/P\u00e1gina-do-LSOL-27.jpg\"><img loading=\"lazy\" decoding=\"async\" class=\"alignnone size-full wp-image-639\" src=\"http:\/\/uenf.br\/ccta\/lsol\/files\/2018\/05\/P\u00e1gina-do-LSOL-27.jpg\" alt=\"\" width=\"640\" height=\"243\" \/><\/a><\/h4>\n<p><strong><span style=\"color: #008000\">Projetos de pesquisa atuais:<\/span><\/strong><\/p>\n<ul>\n<li><span style=\"color: #008000\"><b>Modelagem de Servi\u00e7os Ecossist\u00eamicos dos Solos em Sistemas Agroflorestais: Bases cient\u00edficas para o desenvolvimento rural sustent\u00e1vel \u2013\u00a0<\/b>FAPERJ APQ1\/2019;<\/span><\/li>\n<li><span style=\"color: #008000\"><b>Fortalecimento da p\u00f3s-gradua\u00e7\u00e3o em Produ\u00e7\u00e3o Vegetal da UENF: an\u00e1lise explorat\u00f3ria das transforma\u00e7\u00f5es de P em solos em diferentes sistemas de uso da terra usando modelagem de equa\u00e7\u00f5es estruturais<\/b> \u2013 FAPERJ\/2013-2015;<\/span><\/li>\n<li><span style=\"color: #008000\"><b>An\u00e1lise Explorat\u00f3ria das Transforma\u00e7\u00f5es de P em Solos em Diferentes Sistemas de Uso da Terra Usando Modelagem de Equa\u00e7\u00f5es Estruturais<\/b> \u2013 FAPERJ\/CNPq\/2013-2016.<\/span><\/li>\n<\/ul>\n<p><a href=\"https:\/\/uenf.br\/ccta\/lsol\/corpo-docente\/artigos-recentes-prof-antonio-carlos\/\"><strong><span style=\"color: #993300\">Publica\u00e7\u00f5es <\/span><\/strong><\/a>\u00a0 \u00a0 \u00a0\u00a0<span style=\"color: #0000ff\"><a href=\"http:\/\/lattes.cnpq.br\/7005032309546440\" target=\"_blank\" rel=\"noopener noreferrer\"><strong><span style=\"color: #993300\">Curr\u00edculo Lattes<\/span><\/strong><\/a>\u00a0<\/span>\u00a0\u00a0\u00a0\u00a0\u00a0\u00a0\u00a0\u00a0 <span style=\"color: #993300\"><strong>e-mail:<\/strong><\/span> <span style=\"color: #993300\"><strong><a style=\"color: #993300\" href=\"mailto:tonygama@uenf.br\"><strong>tonygama@uenf.br<\/strong><\/a><\/strong><\/span><\/p>\n<p>&nbsp;<\/p>\n<h4><a href=\"http:\/\/uenf.br\/ccta\/lsol\/files\/2018\/05\/P\u00e1gina-do-LSOL-29.jpg\"><img loading=\"lazy\" decoding=\"async\" class=\"alignnone size-full wp-image-642\" src=\"http:\/\/uenf.br\/ccta\/lsol\/files\/2018\/05\/P\u00e1gina-do-LSOL-29.jpg\" alt=\"\" width=\"640\" height=\"243\" \/><\/a><\/h4>\n<p><span style=\"color: #008000\"><strong>Projetos de pesquisa atuais:<\/strong><\/span><\/p>\n<ul>\n<li style=\"text-align: justify\"><span style=\"color: #008000\"><strong>Desenvolvimento de um sensor t\u00e9rmico para medi\u00e7\u00e3o da tens\u00e3o da \u00e1gua no solo;<\/strong><\/span><\/li>\n<li style=\"text-align: justify\"><span style=\"color: #008000\"><strong>Produtividade de Cana-de-A\u00e7\u00facar no Norte Fluminense em Fun\u00e7\u00e3o de Mudan\u00e7as Clim\u00e1ticas e de Caracter\u00edsticas do Solo;<\/strong><\/span><\/li>\n<li style=\"text-align: justify\"><span style=\"color: #008000\"><strong>Qualidade de um Argissolo VermelhoAmarelo revegetado com leguminosas arb\u00f3reas no Bioma Mata Atl\u00e2ntica, no Norte Fluminense.<\/strong><\/span><\/li>\n<\/ul>\n<p><a href=\"https:\/\/uenf.br\/ccta\/lsol\/corpo-docente\/artigos-recentes-prof-claudio-roberto\/\"><strong><span style=\"color: #993300\">Publica\u00e7\u00f5es <\/span><\/strong><\/a>\u00a0 \u00a0 \u00a0 \u00a0<a href=\"http:\/\/lattes.cnpq.br\/9749362030564958\" target=\"_blank\" rel=\"noopener noreferrer\"><strong><span style=\"color: #993300\">Curr\u00edculo Lattes<\/span><\/strong><span style=\"color: #993300\">\u00a0<\/span><\/a>\u00a0\u00a0\u00a0\u00a0\u00a0\u00a0\u00a0\u00a0 <span style=\"color: #993300\"><strong>e-mail<\/strong><\/span>: <span style=\"color: #993300\"><strong><a style=\"color: #993300\" href=\"mailto:marciano@uenf.br\"><strong>marciano@uenf.br<\/strong><\/a><\/strong><\/span><\/p>\n<p>&nbsp;<\/p>\n<p><a href=\"http:\/\/uenf.br\/ccta\/lsol\/files\/2018\/05\/P\u00e1gina-do-LSOL-31.jpg\"><img loading=\"lazy\" decoding=\"async\" class=\"alignnone size-full wp-image-646\" src=\"http:\/\/uenf.br\/ccta\/lsol\/files\/2018\/05\/P\u00e1gina-do-LSOL-31.jpg\" alt=\"\" width=\"640\" height=\"243\" \/><\/a><\/p>\n<p><span style=\"color: #008000\"><strong>Projetos de pesquisa atuais:<\/strong><\/span><\/p>\n<ul>\n<li style=\"text-align: justify\"><strong><span style=\"color: #008000\">Estoque e composi\u00e7\u00e3o qu\u00edmica da mat\u00e9ria org\u00e2nica em solos sob diferentes usos da terra no bioma Mata Atl\u00e2ntica;<\/span><\/strong><\/li>\n<li style=\"text-align: justify\"><span style=\"color: #008000\"><strong>Avalia\u00e7\u00e3o econ\u00f4mica de sistemas florestais e agroflorestais para gera\u00e7\u00e3o de certificados de carbono;<\/strong><\/span><\/li>\n<li style=\"text-align: justify\"><strong><span style=\"color: #008000\">Carbono est\u00e1vel em agregados de solos sob sistemas florestais e agroflorestais no bioma Mata Atl\u00e2ntica.<\/span><\/strong><\/li>\n<\/ul>\n<p><a href=\"http:\/\/uenf.br\/ccta\/lsol\/corpo-docente\/artigos-recentes-profa-emanuela\/\"><strong><span style=\"color: #993300\">Publica\u00e7\u00f5es<\/span><\/strong> <\/a>\u00a0 \u00a0 <a href=\"http:\/\/uenf.br\/ccta\/lsol\/files\/2024\/12\/dissertacao-Neide-R-Santos.pdf\"><strong><span style=\"color: #800000\">Disserta\u00e7\u00f5es<\/span><\/strong><\/a>\u00a0 \u00a0 <span style=\"color: #993300\"><a style=\"color: #993300\" href=\"http:\/\/lattes.cnpq.br\/9655356620549397\" target=\"_blank\" rel=\"noopener noreferrer\"><strong>Curr\u00edculo Lattes<\/strong><\/a><\/span><span style=\"font-size: 1em\">\u00a0\u00a0\u00a0\u00a0\u00a0\u00a0\u00a0\u00a0\u00a0 <span style=\"color: #993300\"><strong>e-mail: <\/strong><\/span><\/span><span style=\"color: #993300\"><strong><a style=\"color: #993300\" href=\"mailto:emanuela@uenf.br\"><strong>emanuela@uenf.br<\/strong><\/a><\/strong><\/span><\/p>\n<p>&nbsp;<\/p>\n<p><a href=\"http:\/\/uenf.br\/ccta\/lsol\/files\/2022\/03\/Pagina-do-LSOL-3.jpg\"><img loading=\"lazy\" decoding=\"async\" class=\"alignnone size-full wp-image-1336\" src=\"http:\/\/uenf.br\/ccta\/lsol\/files\/2022\/03\/Pagina-do-LSOL-3.jpg\" alt=\"\" width=\"644\" height=\"246\" srcset=\"https:\/\/uenf.br\/ccta\/lsol\/files\/2022\/03\/Pagina-do-LSOL-3.jpg 644w, https:\/\/uenf.br\/ccta\/lsol\/files\/2022\/03\/Pagina-do-LSOL-3-300x115.jpg 300w\" sizes=\"auto, (max-width: 644px) 100vw, 644px\" \/><\/a><\/p>\n<p><strong><span style=\"color: #008000\">Projetos de pesquisa atuais:<\/span><\/strong><\/p>\n<ul>\n<li style=\"text-align: justify\"><strong><span style=\"color: #008000\">Processos biogeoqu\u00edmicos e forma\u00e7\u00e3o de minerais em sedimentos associados a lagoas hipersalinas-alcalinas na Regi\u00e3o dos Lagos, Rio de Janeiro;<\/span><\/strong><\/li>\n<li style=\"text-align: justify\"><strong><span style=\"color: #008000\">Mineralogia e formas de pot\u00e1ssio em diferentes classes de solos na regi\u00e3o norte e noroeste fluminense;<\/span><\/strong><\/li>\n<li style=\"text-align: justify\"><strong><span style=\"color: #008000\">G\u00eanese de solos poucos desenvolvidos em inselbergs do sudeste brasileiro;<\/span><\/strong><\/li>\n<li style=\"text-align: justify\"><strong><span style=\"color: #008000\">Intemperismo bioqu\u00edmico em rochas da paisagem norte-fluminense.<\/span><\/strong><\/li>\n<\/ul>\n<p><a href=\"https:\/\/uenf.br\/ccta\/lsol\/corpo-docente\/artigos-recentes-prof-gabriel\/\"><span style=\"color: #993300\"><strong>Publica\u00e7\u00f5es <\/strong><\/span><\/a>\u00a0 \u00a0 \u00a0 \u00a0 \u00a0<a href=\"http:\/\/buscatextual.cnpq.br\/buscatextual\/visualizacv.do?id=K4209702D5\" target=\"_blank\" rel=\"noopener noreferrer\"><strong><span style=\"color: #008000\"><span style=\"color: #993300\">Curr\u00edculo Lattes<\/span><\/span><\/strong><\/a>\u00a0 \u00a0 \u00a0 \u00a0 \u00a0<strong>\u00a0<span style=\"color: #993300\">e-mail:<\/span><\/strong>\u00a0<span style=\"color: #993300\"><a style=\"color: #993300\" href=\"mailto:gabriel.andrade@uenf.br\"><strong>gabriel.andrade@uenf.br<\/strong><\/a><\/span><\/p>\n<p>&nbsp;<\/p>\n<p><a href=\"http:\/\/uenf.br\/ccta\/lsol\/files\/2019\/11\/P\u00e1gina-do-LSOL-II.jpg\"><img loading=\"lazy\" decoding=\"async\" class=\"alignnone wp-image-1258 size-full\" src=\"http:\/\/uenf.br\/ccta\/lsol\/files\/2019\/11\/P\u00e1gina-do-LSOL-II.jpg\" alt=\"\" width=\"639\" height=\"243\" srcset=\"https:\/\/uenf.br\/ccta\/lsol\/files\/2019\/11\/P\u00e1gina-do-LSOL-II.jpg 639w, https:\/\/uenf.br\/ccta\/lsol\/files\/2019\/11\/P\u00e1gina-do-LSOL-II-300x114.jpg 300w, https:\/\/uenf.br\/ccta\/lsol\/files\/2019\/11\/P\u00e1gina-do-LSOL-II-150x57.jpg 150w, https:\/\/uenf.br\/ccta\/lsol\/files\/2019\/11\/P\u00e1gina-do-LSOL-II-400x152.jpg 400w\" sizes=\"auto, (max-width: 639px) 100vw, 639px\" \/><\/a><\/p>\n<p><strong><span style=\"color: #008000\">Projetos de pesquisa atuais:<\/span><\/strong><\/p>\n<ul>\n<li style=\"text-align: justify\"><strong><span style=\"color: #008000\">Propaga\u00e7\u00e3o e Manejo de esp\u00e9cies perenes e ornamentais, de interesse ambiental e econ\u00f4mico, para a recupera\u00e7\u00e3o de \u00c1reas Degradadas e Adequa\u00e7\u00e3o das Propriedades Rurais;<\/span><\/strong><\/li>\n<li style=\"text-align: justify\"><strong><span style=\"color: #008000\">Produ\u00e7\u00e3o de mudas de tr\u00eas clones de Toona ciliata va. australis por miniestaquia seriada e resposta fotoqu\u00edmica ao manejo da aduba\u00e7\u00e3o com c\u00e1lcio e boro;<\/span><\/strong><\/li>\n<li style=\"text-align: justify\"><strong><span style=\"color: #008000\">Efici\u00eancia agron\u00f4mica da aduba\u00e7\u00e3o fosfatada em esp\u00e9cie florestal, com fertilizante revestido por policote;<\/span><\/strong><\/li>\n<li style=\"text-align: justify\"><strong><span style=\"color: #008000\">T\u00e9cnicas para Otimiza\u00e7\u00e3o da Aduba\u00e7\u00e3o dos Coqueirais do Norte Fluminense;<\/span><\/strong><\/li>\n<li style=\"text-align: justify\"><strong><span style=\"color: #008000\">Produtividade de minicepas de clones de Toona ciliata e produ\u00e7\u00e3o de mudas por miniestaquia.<\/span><\/strong><\/li>\n<\/ul>\n<p><span style=\"color: #008000\"><strong>Projeto de extens\u00e3o atual:<\/strong><\/span><\/p>\n<ul>\n<li style=\"text-align: justify\"><span style=\"color: #008000\"><strong>Divulga\u00e7\u00e3o, estrat\u00e9gias de cultivo e utiliza\u00e7\u00e3o de esp\u00e9cies arb\u00f3reas de uso popular, econ\u00f4mico ou ambiental e produ\u00e7\u00e3o de adubo org\u00e2nico.<\/strong><\/span><\/li>\n<\/ul>\n<p><span style=\"color: #993300\">\u00a0 <strong>Publica\u00e7\u00f5es <\/strong><\/span>\u00a0 \u00a0 \u00a0 \u00a0<strong><span style=\"color: #993300\"><a style=\"font-size: 1em;color: #993300\" href=\"http:\/\/lattes.cnpq.br\/6794119418865416\" target=\"_blank\" rel=\"noopener noreferrer\"><strong><span style=\"color: #0000ff\"><span style=\"color: #993300\">Curr\u00edculo Lattes<\/span><\/span><\/strong><\/a><\/span><\/strong><span style=\"font-size: 1em\">\u00a0\u00a0\u00a0\u00a0\u00a0\u00a0\u00a0\u00a0\u00a0 <span style=\"color: #993300\"><strong>e-mail:<\/strong><\/span> <span style=\"color: #993300\"><a style=\"color: #993300\" href=\"mailto:lua@uenf.br\"><strong>lua@uenf.br<\/strong><\/a><\/span><\/span><\/p>\n<h4 style=\"padding-left: 30px\"><\/h4>\n<p>&nbsp;<\/p>\n<h4><a href=\"http:\/\/uenf.br\/ccta\/lsol\/files\/2018\/05\/P\u00e1gina-do-LSOL-35.jpg\" target=\"_blank\" rel=\"noopener noreferrer\"><img loading=\"lazy\" decoding=\"async\" class=\"alignnone wp-image-653 size-full\" title=\"Luciano Pasqualoto Canellas\" src=\"http:\/\/uenf.br\/ccta\/lsol\/files\/2018\/05\/P\u00e1gina-do-LSOL-35.jpg\" alt=\"\" width=\"640\" height=\"243\" \/><\/a><\/h4>\n<p><span style=\"color: #008000\"><strong>Projetos de pesquisa atuais:<\/strong><\/span><\/p>\n<ul>\n<li style=\"text-align: justify\"><span style=\"color: #008000\"><strong>Mudan\u00e7as no perfil metab\u00f3lico em plantas n\u00e3o leguminosas promovidas pela inocula\u00e7\u00e3o com bact\u00e9rias promotoras do crescimento vegetal na presen\u00e7a de subst\u00e2ncias h\u00famicas;<\/strong><\/span><\/li>\n<li style=\"text-align: justify\"><span style=\"color: #008000\"><strong>Efeitos fisiol\u00f3gicos das subst\u00e2ncias h\u00famicas e seus impactos no incremento do potencial da tecnologia de biofertilizantes na agricultura.<\/strong><\/span><\/li>\n<\/ul>\n<p><span style=\"color: #993300\">\u00a0 <strong>Publica\u00e7\u00f5es <\/strong><\/span>\u00a0 \u00a0 \u00a0 \u00a0<a href=\"http:\/\/lattes.cnpq.br\/3241415945486691\" target=\"_blank\" rel=\"noopener noreferrer\"><strong><span style=\"color: #0000ff\"><span style=\"color: #993300\">Curr\u00edculo Lattes<\/span><\/span><\/strong>\u00a0<\/a>\u00a0\u00a0\u00a0\u00a0\u00a0\u00a0\u00a0\u00a0 <span style=\"color: #993300\"><strong>e-mail:<\/strong><\/span> <span style=\"color: #993300\"><a style=\"color: #993300\" href=\"mailto:canellas@uenf.br\"><strong>canellas@uenf.br<\/strong><\/a><\/span><\/p>\n<p>&nbsp;<\/p>\n<h4><a href=\"http:\/\/uenf.br\/ccta\/lsol\/files\/2018\/05\/P\u00e1gina-do-LSOL-36.jpg\" target=\"_blank\" rel=\"noopener noreferrer\"><img loading=\"lazy\" decoding=\"async\" class=\"alignnone wp-image-655 size-full\" src=\"http:\/\/uenf.br\/ccta\/lsol\/files\/2018\/05\/P\u00e1gina-do-LSOL-36.jpg\" alt=\"\" width=\"640\" height=\"243\" \/><\/a><\/h4>\n<p><span style=\"color: #008000\"><strong>Projetos de pesquisa atuais:<\/strong><\/span><\/p>\n<ul>\n<li style=\"text-align: justify\"><span style=\"color: #008000\"><strong>Uso de res\u00edduo agro-industrial na biorremedia\u00e7\u00e3o de uma \u00e1rea contaminada por \u00f3leo diesel;<\/strong><\/span><\/li>\n<li style=\"text-align: justify\"><span style=\"color: #008000\"><strong>Fitorremedia\u00e7\u00e3o de ambientes contaminados com petr\u00f3leo e\/ou derivados.<\/strong><\/span><\/li>\n<\/ul>\n<p><span style=\"color: #993300\">\u00a0 <strong>Publica\u00e7\u00f5es <\/strong><\/span>\u00a0 \u00a0 \u00a0 \u00a0<a href=\"http:\/\/lattes.cnpq.br\/9216090599593672\" target=\"_blank\" rel=\"noopener noreferrer\"><strong><span style=\"color: #0000ff\"><span style=\"color: #993300\">Curr\u00edculo Lattes<\/span><\/span><\/strong>\u00a0<\/a>\u00a0\u00a0\u00a0\u00a0\u00a0\u00a0\u00a0\u00a0 <span style=\"color: #993300\"><strong>e-mail:<\/strong> <a style=\"color: #993300\" href=\"mailto:marco@uenf.br\"><strong>marco@uenf.br<\/strong><\/a><\/span><\/p>\n","protected":false},"excerpt":{"rendered":"<p>Projetos de pesquisa atuais: Modelagem de Servi\u00e7os Ecossist\u00eamicos dos Solos em Sistemas Agroflorestais: Bases cient\u00edficas para o desenvolvimento rural sustent\u00e1vel&#8230;<\/p>\n","protected":false},"author":10,"featured_media":0,"parent":0,"menu_order":3,"comment_status":"closed","ping_status":"closed","template":"","meta":{"footnotes":""},"class_list":["post-66","page","type-page","status-publish","hentry"],"_links":{"self":[{"href":"https:\/\/uenf.br\/ccta\/lsol\/wp-json\/wp\/v2\/pages\/66","targetHints":{"allow":["GET"]}}],"collection":[{"href":"https:\/\/uenf.br\/ccta\/lsol\/wp-json\/wp\/v2\/pages"}],"about":[{"href":"https:\/\/uenf.br\/ccta\/lsol\/wp-json\/wp\/v2\/types\/page"}],"author":[{"embeddable":true,"href":"https:\/\/uenf.br\/ccta\/lsol\/wp-json\/wp\/v2\/users\/10"}],"replies":[{"embeddable":true,"href":"https:\/\/uenf.br\/ccta\/lsol\/wp-json\/wp\/v2\/comments?post=66"}],"version-history":[{"count":0,"href":"https:\/\/uenf.br\/ccta\/lsol\/wp-json\/wp\/v2\/pages\/66\/revisions"}],"wp:attachment":[{"href":"https:\/\/uenf.br\/ccta\/lsol\/wp-json\/wp\/v2\/media?parent=66"}],"curies":[{"name":"wp","href":"https:\/\/api.w.org\/{rel}","templated":true}]}}