{"id":109,"date":"2020-10-14T20:01:21","date_gmt":"2020-10-14T20:01:21","guid":{"rendered":"http:\/\/uenf.br\/ccta\/lta\/?page_id=109"},"modified":"2026-03-06T19:54:18","modified_gmt":"2026-03-06T19:54:18","slug":"formularios-e-documentos","status":"publish","type":"page","link":"https:\/\/uenf.br\/ccta\/lta\/formularios-e-documentos\/","title":{"rendered":"Formul\u00e1rios e Documentos"},"content":{"rendered":"<ul>\n<li style=\"list-style-type: none\">\n<ol>\n<li><a href=\"http:\/\/uenf.br\/ccta\/lta\/files\/2020\/10\/Manual-CV-Lattes.pdf\">Manual de Utiliza\u00e7\u00e3o e Preenchimento do Curriculum Lattes &#8211; \u00c1rea Ci\u00eancias da Sa\u00fade;<\/a><\/li>\n<li><a href=\"http:\/\/uenf.br\/ccta\/lta\/files\/2026\/03\/Manual-de-Procedimentos-Administrativos-marco-2026.pdf\">Manual de Procedimentos Administrativos do LTA;<\/a><\/li>\n<\/ol>\n<\/li>\n<\/ul>\n","protected":false},"excerpt":{"rendered":"<p>Manual de Utiliza\u00e7\u00e3o e Preenchimento do Curriculum Lattes &#8211; \u00c1rea Ci\u00eancias da Sa\u00fade; Manual de Procedimentos Administrativos do LTA;<\/p>\n","protected":false},"author":12,"featured_media":0,"parent":0,"menu_order":7,"comment_status":"closed","ping_status":"closed","template":"","meta":{"footnotes":""},"class_list":["post-109","page","type-page","status-publish","hentry"],"_links":{"self":[{"href":"https:\/\/uenf.br\/ccta\/lta\/wp-json\/wp\/v2\/pages\/109","targetHints":{"allow":["GET"]}}],"collection":[{"href":"https:\/\/uenf.br\/ccta\/lta\/wp-json\/wp\/v2\/pages"}],"about":[{"href":"https:\/\/uenf.br\/ccta\/lta\/wp-json\/wp\/v2\/types\/page"}],"author":[{"embeddable":true,"href":"https:\/\/uenf.br\/ccta\/lta\/wp-json\/wp\/v2\/users\/12"}],"replies":[{"embeddable":true,"href":"https:\/\/uenf.br\/ccta\/lta\/wp-json\/wp\/v2\/comments?post=109"}],"version-history":[{"count":0,"href":"https:\/\/uenf.br\/ccta\/lta\/wp-json\/wp\/v2\/pages\/109\/revisions"}],"wp:attachment":[{"href":"https:\/\/uenf.br\/ccta\/lta\/wp-json\/wp\/v2\/media?parent=109"}],"curies":[{"name":"wp","href":"https:\/\/api.w.org\/{rel}","templated":true}]}}