{"id":154,"date":"2023-03-14T12:54:11","date_gmt":"2023-03-14T12:54:11","guid":{"rendered":"https:\/\/uenf.br\/ccta\/lta\/?page_id=154"},"modified":"2025-04-16T17:42:52","modified_gmt":"2025-04-16T17:42:52","slug":"historico-de-criacao-do-laboratorio-de-tecnologia-de-alimentos","status":"publish","type":"page","link":"https:\/\/uenf.br\/ccta\/lta\/apresentacao\/historico-de-criacao-do-laboratorio-de-tecnologia-de-alimentos\/","title":{"rendered":"Hist\u00f3rico de cria\u00e7\u00e3o do Laborat\u00f3rio de Tecnologia de Alimentos"},"content":{"rendered":"<p>As atividades do LTA tiveram in\u00edcio em 1994 com o ingresso da Prof<u><sup>a<\/sup><\/u> Meire Lelis Leal Martins e do Prof. Romeu Vianni, da Ana L\u00facia Paes Barbosa Carvalho (t\u00e9cnica de n\u00edvel m\u00e9dio) e da Eliane Soares de Souza (t\u00e9cnica de n\u00edvel superior). A Prof<u><sup>a<\/sup><\/u> Meire, Engenheira de Alimentos (UFV, 1984) e Ph.D. em Microbiologia (University of Sheffield, 1992) chegou em janeiro de 1994. A seguir veio o Prof. Romeu, Agr\u00f4nomo (Escola Nacional de Agronomia, 1964) e Ph.D. em Ci\u00eancia de Alimentos (Michigan State University, 1980). A Ana L\u00facia ingressou em 1993 no CCTA, quando realizou um longo treinamento em An\u00e1lises Microbiol\u00f3gicas e Controle de Qualidade dos Alimentos na Embrapa Agroind\u00fastria de Alimentos e na UFRRJ. A oficializa\u00e7\u00e3o da cria\u00e7\u00e3o do Laborat\u00f3rio de Tecnologia de Alimentos ocorreu em 1995, quando completou o quadro de 5 docentes, ap\u00f3s o ingresso dos professores Ivo Jos\u00e9 Curcino Vieira (Qu\u00edmico pela UFU em 1990 e PhD em Qu\u00edmica pela UFSCar em 1995), Ricardo Machado Kuster e Leda Mathias, doutores em Qu\u00edmica de Produtos Naturais pela UFRJ (1994). A Eliane Soares permaneceu no LTA at\u00e9 1997 e atualmente \u00e9 professora associada do LENEP\/UENF. No ano de 1997, o Prof. Romeu transferiu a Chefia do LTA para a Prof<u><sup>a<\/sup><\/u> Meire. Ap\u00f3s a sa\u00edda da Eliane houve a contrata\u00e7\u00e3o da t\u00e9cnica Lanamar de Almeida Carlos (Qu\u00edmica pela UFV e mestre em Ci\u00eancias dos Alimentos pela UFLA). O espa\u00e7o f\u00edsico do LTA compreendia inicialmente o Setor de An\u00e1lise de Alimentos (Sala 07 do Anexo do CCTA) e o Setor de Microbiologia e Controle de Qualidade (Sala 09). Nesta \u00e9poca estava em constru\u00e7\u00e3o o Pr\u00e9dio P4 onde seriam instalados o LTA, LSOL, LFIT no 1<u><sup>o<\/sup><\/u> Andar. No ano de 1999, os professores da \u00e1rea de Qu\u00edmica de Produtos Naturais passaram a integrar o Laborat\u00f3rio de Ci\u00eancias Qu\u00edmicas do CCT, sob coordena\u00e7\u00e3o do Prof. Braz. Neste ano foram contratadas as professoras Enilce Maria Coelho, Engenheira de Alimentos (UFV, 1986) e doutora em Engenharia Agr\u00edcola (UFV, 1999), Prof<sup>a.<\/sup> Karla Silva Ferreira, Nutricionista (UFV, 1992) e Doutora em Ci\u00eancia e Tecnologia de Alimentos (UFV, 1999), Prof<sup>a. <\/sup>Monica Elisabeth Torres Prado, Engenheira Agr\u00edcola (UFLA, 1990) e doutora em Engenharia de Alimentos (Unicamp, 1998). A Prof<sup>a. <\/sup>M\u00f4nica saiu ainda no ano de 1999, sendo substitu\u00edda pela Prof<sup>a. <\/sup>Alcilene Rodrigues Monteiro, Engenheira Qu\u00edmica pela Universidade Federal do Par\u00e1 (1992) e Doutora em Engenharia de Alimentos (Unicamp, 1999). Neste per\u00edodo inicial de funda\u00e7\u00e3o da Uenf, os professores, t\u00e9cnicos e estudantes dividiam os espa\u00e7os de laborat\u00f3rios do Pr\u00e9dio P1 e do Anexo, onde ocorriam tamb\u00e9m as confraterniza\u00e7\u00f5es da comunidade acad\u00eamica.<\/p>\n<p><img loading=\"lazy\" decoding=\"async\" class=\"\" src=\"https:\/\/i.postimg.cc\/PxKyJ6G1\/foto-comemora-o-19-05-1995-LTA-LFIT-LSOL-LMGV-VET.jpg\" width=\"718\" height=\"538\" \/><\/p>\n<p style=\"text-align: center\">Registro de festa de confraterniza\u00e7\u00e3o em 1995 entre professores, t\u00e9cnicos e alunos na Sala 7 do Pr\u00e9dio Anexo do CCTA (Prof. Romeu ao centro, Prof<sup>a.<\/sup> Meire pen\u00faltima \u00e0 direita, Ana L\u00facia na quarta posi\u00e7\u00e3o \u00e0 esquerda)<\/p>\n<p>&nbsp;<\/p>\n<ul>\n<li><a href=\"https:\/\/drive.google.com\/file\/d\/1ojVMd2Ef5oPiGYvFQHbf3Ij96xXQ7Xfx\/view?usp=sharing\">Cap\u00edtulo do LTA &#8211; Livro 30 anos da Uenf<\/a><\/li>\n<\/ul>\n<ul>\n<li><a href=\"https:\/\/uenf.br\/ccta\/lta\/\">Voltar para a p\u00e1gina inicial.<\/a><\/li>\n<\/ul>\n","protected":false},"excerpt":{"rendered":"<p>As atividades do LTA tiveram in\u00edcio em 1994 com o ingresso da Profa Meire Lelis Leal Martins e do Prof&#8230;.<\/p>\n","protected":false},"author":12,"featured_media":0,"parent":2,"menu_order":1,"comment_status":"closed","ping_status":"closed","template":"","meta":{"footnotes":""},"class_list":["post-154","page","type-page","status-publish","hentry"],"_links":{"self":[{"href":"https:\/\/uenf.br\/ccta\/lta\/wp-json\/wp\/v2\/pages\/154","targetHints":{"allow":["GET"]}}],"collection":[{"href":"https:\/\/uenf.br\/ccta\/lta\/wp-json\/wp\/v2\/pages"}],"about":[{"href":"https:\/\/uenf.br\/ccta\/lta\/wp-json\/wp\/v2\/types\/page"}],"author":[{"embeddable":true,"href":"https:\/\/uenf.br\/ccta\/lta\/wp-json\/wp\/v2\/users\/12"}],"replies":[{"embeddable":true,"href":"https:\/\/uenf.br\/ccta\/lta\/wp-json\/wp\/v2\/comments?post=154"}],"version-history":[{"count":0,"href":"https:\/\/uenf.br\/ccta\/lta\/wp-json\/wp\/v2\/pages\/154\/revisions"}],"up":[{"embeddable":true,"href":"https:\/\/uenf.br\/ccta\/lta\/wp-json\/wp\/v2\/pages\/2"}],"wp:attachment":[{"href":"https:\/\/uenf.br\/ccta\/lta\/wp-json\/wp\/v2\/media?parent=154"}],"curies":[{"name":"wp","href":"https:\/\/api.w.org\/{rel}","templated":true}]}}