{"id":16,"date":"2020-10-14T16:42:56","date_gmt":"2020-10-14T16:42:56","guid":{"rendered":"http:\/\/uenf.br\/ccta\/lta\/?page_id=16"},"modified":"2025-03-20T20:21:30","modified_gmt":"2025-03-20T20:21:30","slug":"setores-do-lta","status":"publish","type":"page","link":"https:\/\/uenf.br\/ccta\/lta\/setores-do-lta\/","title":{"rendered":"Setores do LTA"},"content":{"rendered":"<p>&nbsp;<\/p>\n<ul>\n<li><a href=\"http:\/\/uenf.br\/ccta\/lta\/setores-do-lta\/setor-de-engenharia-do-frio-em-alimentos\/\">Setor de Engenharia do Frio em Alimentos;<\/a><\/li>\n<li><a href=\"http:\/\/uenf.br\/ccta\/lta\/setores-do-lta\/setor-de-quimica-de-alimentos\/\">Setor de Qu\u00edmica de Alimentos;<\/a><\/li>\n<li><a href=\"http:\/\/uenf.br\/ccta\/lta\/setores-do-lta\/setor-de-microbiologia-industrial-e-de-alimentos\/\">Setor de Microbiologia Industrial e de Alimentos;<\/a><\/li>\n<li><a href=\"http:\/\/uenf.br\/ccta\/lta\/setores-do-lta\/setor-de-analise-sensorial\/\">Setor de An\u00e1lise Sensorial;<\/a><\/li>\n<li><a href=\"http:\/\/uenf.br\/ccta\/lta\/setores-do-lta\/setor-de-operacoes-unitarias\/\">Setor de Opera\u00e7\u00f5es Unit\u00e1rias;<\/a><\/li>\n<li><a href=\"http:\/\/uenf.br\/ccta\/lta\/setores-do-lta\/setor-de-engenharia-de-processos\/\">Setor de Engenharia de Processos;<\/a><\/li>\n<li><a href=\"http:\/\/uenf.br\/ccta\/lta\/setores-do-lta\/setor-de-tecnologia-de-produtos-de-origem-animal\/\">Setor de Tecnologia de Produtos de Origem Animal<\/a>.<\/li>\n<\/ul>\n","protected":false},"excerpt":{"rendered":"<p>&nbsp; Setor de Engenharia do Frio em Alimentos; Setor de Qu\u00edmica de Alimentos; Setor de Microbiologia Industrial e de Alimentos;&#8230;<\/p>\n","protected":false},"author":12,"featured_media":0,"parent":0,"menu_order":2,"comment_status":"closed","ping_status":"closed","template":"","meta":{"footnotes":""},"class_list":["post-16","page","type-page","status-publish","hentry"],"_links":{"self":[{"href":"https:\/\/uenf.br\/ccta\/lta\/wp-json\/wp\/v2\/pages\/16","targetHints":{"allow":["GET"]}}],"collection":[{"href":"https:\/\/uenf.br\/ccta\/lta\/wp-json\/wp\/v2\/pages"}],"about":[{"href":"https:\/\/uenf.br\/ccta\/lta\/wp-json\/wp\/v2\/types\/page"}],"author":[{"embeddable":true,"href":"https:\/\/uenf.br\/ccta\/lta\/wp-json\/wp\/v2\/users\/12"}],"replies":[{"embeddable":true,"href":"https:\/\/uenf.br\/ccta\/lta\/wp-json\/wp\/v2\/comments?post=16"}],"version-history":[{"count":0,"href":"https:\/\/uenf.br\/ccta\/lta\/wp-json\/wp\/v2\/pages\/16\/revisions"}],"wp:attachment":[{"href":"https:\/\/uenf.br\/ccta\/lta\/wp-json\/wp\/v2\/media?parent=16"}],"curies":[{"name":"wp","href":"https:\/\/api.w.org\/{rel}","templated":true}]}}