{"id":171,"date":"2023-03-14T13:37:23","date_gmt":"2023-03-14T13:37:23","guid":{"rendered":"https:\/\/uenf.br\/ccta\/lta\/?page_id=171"},"modified":"2025-04-15T18:38:38","modified_gmt":"2025-04-15T18:38:38","slug":"perspectivas-para-o-desenvolvimento-do-laboratorio-de-tecnologia-de-alimentos","status":"publish","type":"page","link":"https:\/\/uenf.br\/ccta\/lta\/apresentacao\/perspectivas-para-o-desenvolvimento-do-laboratorio-de-tecnologia-de-alimentos\/","title":{"rendered":"Perspectivas para o desenvolvimento do Laborat\u00f3rio de Tecnologia de Alimentos"},"content":{"rendered":"<p>As perspectivas de desenvolvimento do LTA s\u00e3o muito alvissareiras em virtude da larga experi\u00eancia de seu corpo t\u00e9cnico e docente que j\u00e1 demonstrou compet\u00eancia para a capacita\u00e7\u00e3o de recursos humanos com alto n\u00edvel de forma\u00e7\u00e3o acad\u00eamica, al\u00e9m da capta\u00e7\u00e3o de recursos financeiros para a estrutura\u00e7\u00e3o f\u00edsica de diversos laborat\u00f3rios. O LTA j\u00e1 desenvolveu o projeto de estrutura f\u00edsica de Laborat\u00f3rios e Plantas Piloto de Engenharia e de Processamento de Alimentos, com vistas \u00e0 cria\u00e7\u00e3o do Curso de Engenharia de Alimentos, que \u00e9 de grande interesse para o desenvolvimento econ\u00f4mico e social das regi\u00f5es Norte e Noroeste Fluminense. Aprovou em 2021 o Projeto Pedag\u00f3gico do Curso que prev\u00ea um quadro de 15 docentes, que atuar\u00e3o nas atividades de gradua\u00e7\u00e3o e p\u00f3s-gradua\u00e7\u00e3o, com perspectivas para a cria\u00e7\u00e3o do Programa de P\u00f3s-Gradua\u00e7\u00e3o em Engenharia e Tecnologia de Alimentos, bem como o apoio aos novos empreendimentos econ\u00f4micos para a regi\u00e3o em fun\u00e7\u00e3o da amplia\u00e7\u00e3o das atividades de neg\u00f3cios ligadas ao funcionamento do Porto de A\u00e7u e tamb\u00e9m do desenvolvimento do agroneg\u00f3cio, considerando a cria\u00e7\u00e3o de agroind\u00fastrias e novos servi\u00e7os na \u00e1rea de restaurantes e hotelaria, al\u00e9m do setor de log\u00edstica e distribui\u00e7\u00e3o de alimentos.<\/p>\n<p>&nbsp;<\/p>\n<ul>\n<li><a href=\"http:\/\/uenf.br\/ccta\/lta\/files\/2025\/04\/capitulo-lta.pdf\">Cap\u00edtulo do LTA &#8211; Livro 30 anos da Uenf<\/a><\/li>\n<\/ul>\n<ul>\n<li><a href=\"https:\/\/uenf.br\/ccta\/lta\/\">Voltar para a p\u00e1gina inicial.<\/a><\/li>\n<\/ul>\n","protected":false},"excerpt":{"rendered":"<p>As perspectivas de desenvolvimento do LTA s\u00e3o muito alvissareiras em virtude da larga experi\u00eancia de seu corpo t\u00e9cnico e docente&#8230;<\/p>\n","protected":false},"author":12,"featured_media":0,"parent":2,"menu_order":5,"comment_status":"closed","ping_status":"closed","template":"","meta":{"footnotes":""},"class_list":["post-171","page","type-page","status-publish","hentry"],"_links":{"self":[{"href":"https:\/\/uenf.br\/ccta\/lta\/wp-json\/wp\/v2\/pages\/171","targetHints":{"allow":["GET"]}}],"collection":[{"href":"https:\/\/uenf.br\/ccta\/lta\/wp-json\/wp\/v2\/pages"}],"about":[{"href":"https:\/\/uenf.br\/ccta\/lta\/wp-json\/wp\/v2\/types\/page"}],"author":[{"embeddable":true,"href":"https:\/\/uenf.br\/ccta\/lta\/wp-json\/wp\/v2\/users\/12"}],"replies":[{"embeddable":true,"href":"https:\/\/uenf.br\/ccta\/lta\/wp-json\/wp\/v2\/comments?post=171"}],"version-history":[{"count":0,"href":"https:\/\/uenf.br\/ccta\/lta\/wp-json\/wp\/v2\/pages\/171\/revisions"}],"up":[{"embeddable":true,"href":"https:\/\/uenf.br\/ccta\/lta\/wp-json\/wp\/v2\/pages\/2"}],"wp:attachment":[{"href":"https:\/\/uenf.br\/ccta\/lta\/wp-json\/wp\/v2\/media?parent=171"}],"curies":[{"name":"wp","href":"https:\/\/api.w.org\/{rel}","templated":true}]}}