{"id":220,"date":"2025-03-28T11:37:00","date_gmt":"2025-03-28T11:37:00","guid":{"rendered":"https:\/\/uenf.br\/ccta\/lta\/?page_id=220"},"modified":"2025-04-25T12:48:13","modified_gmt":"2025-04-25T12:48:13","slug":"setor-de-engenharia-de-separacoes","status":"publish","type":"page","link":"https:\/\/uenf.br\/ccta\/lta\/setores-do-lta\/setor-de-engenharia-de-separacoes\/","title":{"rendered":"Setor de Engenharia de Separa\u00e7\u00f5es"},"content":{"rendered":"<p><img loading=\"lazy\" decoding=\"async\" class=\"\" src=\"http:\/\/uenf.br\/ccta\/lta\/files\/2025\/04\/Daniel.jpg\" width=\"212\" height=\"212\" \/><\/p>\n<p>Coordenador: Prof. Daniel Gon\u00e7alves \u2013 Engenheiro de Alimentos, 2010, Universidade de S\u00e3o Paulo, M.S. Engenharia de Alimentos, 2013, Universidade de S\u00e3o Paulo; D.S. Engenharia de Alimentos, 2017, Universidade de S\u00e3o Paulo. <a href=\"http:\/\/lattes.cnpq.br\/0230667392256690\">Curr\u00edculo Lattes<\/a> E-mail: danielg@uenf.br.<\/p>\n","protected":false},"excerpt":{"rendered":"<p>Coordenador: Prof. Daniel Gon\u00e7alves \u2013 Engenheiro de Alimentos, 2010, Universidade de S\u00e3o Paulo, M.S. Engenharia de Alimentos, 2013, Universidade de&#8230;<\/p>\n","protected":false},"author":12,"featured_media":0,"parent":16,"menu_order":4,"comment_status":"closed","ping_status":"closed","template":"","meta":{"footnotes":""},"class_list":["post-220","page","type-page","status-publish","hentry"],"_links":{"self":[{"href":"https:\/\/uenf.br\/ccta\/lta\/wp-json\/wp\/v2\/pages\/220","targetHints":{"allow":["GET"]}}],"collection":[{"href":"https:\/\/uenf.br\/ccta\/lta\/wp-json\/wp\/v2\/pages"}],"about":[{"href":"https:\/\/uenf.br\/ccta\/lta\/wp-json\/wp\/v2\/types\/page"}],"author":[{"embeddable":true,"href":"https:\/\/uenf.br\/ccta\/lta\/wp-json\/wp\/v2\/users\/12"}],"replies":[{"embeddable":true,"href":"https:\/\/uenf.br\/ccta\/lta\/wp-json\/wp\/v2\/comments?post=220"}],"version-history":[{"count":0,"href":"https:\/\/uenf.br\/ccta\/lta\/wp-json\/wp\/v2\/pages\/220\/revisions"}],"up":[{"embeddable":true,"href":"https:\/\/uenf.br\/ccta\/lta\/wp-json\/wp\/v2\/pages\/16"}],"wp:attachment":[{"href":"https:\/\/uenf.br\/ccta\/lta\/wp-json\/wp\/v2\/media?parent=220"}],"curies":[{"name":"wp","href":"https:\/\/api.w.org\/{rel}","templated":true}]}}