{"id":24,"date":"2020-10-14T16:47:06","date_gmt":"2020-10-14T16:47:06","guid":{"rendered":"http:\/\/uenf.br\/ccta\/lta\/?page_id=24"},"modified":"2020-10-14T19:43:33","modified_gmt":"2020-10-14T19:43:33","slug":"extensao","status":"publish","type":"page","link":"https:\/\/uenf.br\/ccta\/lta\/extensao\/","title":{"rendered":"Extens\u00e3o"},"content":{"rendered":"<p>O Laborat\u00f3rio de Tecnologia de Alimentos desenvolve diversas atividades de extens\u00e3o. Na semana do produtor rural da uenf oferece cursos sobre tecnologia de alimentos e princ\u00edpios corretos de nutri\u00e7\u00e3o humana. Al\u00e9m disso, por meio do projeto de extens\u00e3o &#8220;Nutri\u00e7\u00e3o e rotulagem de alimentos&#8221;, coleta dados sobre consumo alimentar, peso e estatura de adolescentes, promove a\u00e7\u00f5es educativas em escolas da Regi\u00e3o e auxilia as empresas aliment\u00edcias na elabora\u00e7\u00e3o da rotulagem nutricional de seus produtos.<\/p>\n","protected":false},"excerpt":{"rendered":"<p>O Laborat\u00f3rio de Tecnologia de Alimentos desenvolve diversas atividades de extens\u00e3o. Na semana do produtor rural da uenf oferece cursos&#8230;<\/p>\n","protected":false},"author":12,"featured_media":0,"parent":0,"menu_order":6,"comment_status":"closed","ping_status":"closed","template":"","meta":{"footnotes":""},"class_list":["post-24","page","type-page","status-publish","hentry"],"_links":{"self":[{"href":"https:\/\/uenf.br\/ccta\/lta\/wp-json\/wp\/v2\/pages\/24","targetHints":{"allow":["GET"]}}],"collection":[{"href":"https:\/\/uenf.br\/ccta\/lta\/wp-json\/wp\/v2\/pages"}],"about":[{"href":"https:\/\/uenf.br\/ccta\/lta\/wp-json\/wp\/v2\/types\/page"}],"author":[{"embeddable":true,"href":"https:\/\/uenf.br\/ccta\/lta\/wp-json\/wp\/v2\/users\/12"}],"replies":[{"embeddable":true,"href":"https:\/\/uenf.br\/ccta\/lta\/wp-json\/wp\/v2\/comments?post=24"}],"version-history":[{"count":0,"href":"https:\/\/uenf.br\/ccta\/lta\/wp-json\/wp\/v2\/pages\/24\/revisions"}],"wp:attachment":[{"href":"https:\/\/uenf.br\/ccta\/lta\/wp-json\/wp\/v2\/media?parent=24"}],"curies":[{"name":"wp","href":"https:\/\/api.w.org\/{rel}","templated":true}]}}