{"id":12,"date":"2013-01-14T19:19:52","date_gmt":"2013-01-14T19:19:52","guid":{"rendered":"http:\/\/uenf.br\/ccta\/lzna\/?page_id=12"},"modified":"2024-04-16T12:21:08","modified_gmt":"2024-04-16T12:21:08","slug":"docentes","status":"publish","type":"page","link":"https:\/\/uenf.br\/ccta\/lzo\/docentes\/","title":{"rendered":"Docentes"},"content":{"rendered":"<table style=\"height: 664px\" width=\"777\">\n<tbody>\n<tr>\n<td width=\"239\">\n<p style=\"text-align: center\"><strong>Docente<\/strong><\/p>\n<\/td>\n<td width=\"165\">\n<p style=\"text-align: center\"><strong>\u00c1rea<\/strong><\/p>\n<\/td>\n<td width=\"142\">\n<p style=\"text-align: center\"><strong>Sala<\/strong><\/p>\n<\/td>\n<td width=\"105\">\n<p style=\"text-align: center\"><strong>Telefone<\/strong><\/p>\n<\/td>\n<\/tr>\n<tr>\n<td width=\"239\">\n<p style=\"text-align: center\"><a title=\"Curr\u00edculo Lattes\" href=\"http:\/\/buscatextual.cnpq.br\/buscatextual\/visualizacv.do?id=K4784615Y0\" target=\"_blank\" rel=\"noopener\"><strong>Alberto Magno Fernandes<\/strong><\/a><strong><a title=\"Curr\u00edculo Lattes\" href=\"http:\/\/buscatextual.cnpq.br\/buscatextual\/visualizacv.do?id=K4784615Y0\" target=\"_blank\" rel=\"noopener\">\u00a0<\/a>\u00a0\u00a0<\/strong><\/p>\n<\/td>\n<td width=\"165\">\n<p style=\"text-align: center\">Bovinocultura Leiteira<\/p>\n<\/td>\n<td width=\"142\">\n<p style=\"text-align: center\">CCTA\/Anexo Sala 05b<\/p>\n<\/td>\n<td width=\"105\">\n<p style=\"text-align: center\">(22)2739-7094<\/p>\n<\/td>\n<\/tr>\n<tr>\n<td width=\"239\">\n<p style=\"text-align: center\"><a title=\"Curr\u00edculo Lattes\" href=\"http:\/\/buscatextual.cnpq.br\/buscatextual\/visualizacv.do?id=K4705352E6\" target=\"_blank\" rel=\"noopener\"><strong>Ant\u00f4nio <\/strong><strong>Gesualdi J\u00fanior<\/strong><\/a><\/p>\n<\/td>\n<td width=\"165\">\n<p style=\"text-align: center\">Bioclimatologia e Ambi\u00eancia<\/p>\n<\/td>\n<td width=\"142\">\n<p style=\"text-align: center\">CCTA\/Anexo Sala 25<\/p>\n<\/td>\n<td width=\"105\">\n<p style=\"text-align: center\">(22)2739-7081<\/p>\n<\/td>\n<\/tr>\n<tr>\n<td style=\"text-align: center\" width=\"239\"><a title=\"Curr\u00edculo Lattes\" href=\"http:\/\/buscatextual.cnpq.br\/buscatextual\/visualizacv.do?id=K4705352E6\" target=\"_blank\" rel=\"noopener\"><strong>Tadeu Silva de Oliveira<\/strong><\/a><\/td>\n<td style=\"text-align: center\" width=\"165\">Nutri\u00e7\u00e3o de Ruminantes<\/td>\n<td style=\"text-align: center\" width=\"142\">Sala 110<\/td>\n<td style=\"text-align: center\" width=\"105\">(22) 2739-7083<\/td>\n<\/tr>\n<tr>\n<td width=\"239\">\n<p style=\"text-align: center\"><a title=\"Curr\u00edculo Lattes\" href=\"http:\/\/buscatextual.cnpq.br\/buscatextual\/visualizacv.do?id=K4797269H0\" target=\"_blank\" rel=\"noopener\"><strong>Hern\u00e1n Maldonado V\u00e1squez<\/strong><strong>\u00a0<\/strong><\/a><\/p>\n<\/td>\n<td width=\"165\">\n<p style=\"text-align: center\">Forragicultura<\/p>\n<\/td>\n<td width=\"142\">\n<p style=\"text-align: center\">CCTA\/Anexo Sala 01<\/p>\n<\/td>\n<td width=\"105\">\n<p style=\"text-align: center\">(22)2739-7247<\/p>\n<\/td>\n<\/tr>\n<tr>\n<td width=\"239\">\n<p style=\"text-align: center\"><a title=\"Curr\u00edculo Lattes\" href=\"http:\/\/buscatextual.cnpq.br\/buscatextual\/visualizacv.do?id=K4784790Y8\" target=\"_blank\" rel=\"noopener\"><strong>Humberto Pena Couto<\/strong><strong>\u00a0<\/strong><\/a><\/p>\n<\/td>\n<td width=\"165\">\n<p style=\"text-align: center\">Nutri\u00e7\u00e3o de Monog\u00e1stricos<\/p>\n<\/td>\n<td width=\"142\">\n<p style=\"text-align: center\">CCTA\/Sala 111<\/p>\n<\/td>\n<td width=\"105\">\n<p style=\"text-align: center\">(22)2739-7118<\/p>\n<\/td>\n<\/tr>\n<tr>\n<td width=\"239\">\n<p style=\"text-align: center\"><a title=\"Curr\u00edculo Lattes\" href=\"http:\/\/buscatextual.cnpq.br\/buscatextual\/visualizacv.do?id=K4282213A8\" target=\"_blank\" rel=\"noopener\"><strong>Karoll Andrea Alfonso Torres<\/strong><\/a><\/p>\n<\/td>\n<td width=\"165\">\n<p style=\"text-align: center\">Avicultura<\/p>\n<\/td>\n<td width=\"142\">\n<p style=\"text-align: center\">CCTA\/Anexo Sala 26<\/p>\n<\/td>\n<td width=\"105\">\n<p style=\"text-align: center\">(22)2739-7112<\/p>\n<\/td>\n<\/tr>\n<tr>\n<td width=\"239\">\n<p style=\"text-align: center\"><a title=\"Curr\u00edculo Lattes\" href=\"http:\/\/buscatextual.cnpq.br\/buscatextual\/visualizacv.do?id=K4797039J1\" target=\"_blank\" rel=\"noopener\"><strong>Luis Humberto Catillo Estrada<\/strong><strong>\u00a0<\/strong><\/a><\/p>\n<\/td>\n<td width=\"165\">\n<p style=\"text-align: center\">Ovinocultura<\/p>\n<\/td>\n<td width=\"142\">\n<p style=\"text-align: center\">CCTA\/Sala 110<\/p>\n<\/td>\n<td width=\"105\">\n<p style=\"text-align: center\">(22)2739-7289<\/p>\n<\/td>\n<\/tr>\n<tr>\n<td width=\"239\">\n<p style=\"text-align: center\"><a title=\"Curr\u00edculo Lattes\" href=\"http:\/\/buscatextual.cnpq.br\/buscatextual\/visualizacv.do?id=K4728308H6\" target=\"_blank\" rel=\"noopener\"><strong>Manuel Vazquez Vidal J\u00fanior<\/strong><strong>\u00a0<\/strong><\/a><\/p>\n<\/td>\n<td width=\"165\">\n<p style=\"text-align: center\">Aquicultura<\/p>\n<\/td>\n<td width=\"142\">\n<p style=\"text-align: center\">CCTA\/Anexo Sala 02<\/p>\n<\/td>\n<td width=\"105\">\n<p style=\"text-align: center\">(22)2739-7298<\/p>\n<\/td>\n<\/tr>\n<tr>\n<td width=\"239\">\n<p style=\"text-align: center\"><a title=\"Curr\u00edculo Lattes\" href=\"http:\/\/buscatextual.cnpq.br\/buscatextual\/visualizacv.do?id=K4721711Y8\" target=\"_blank\" rel=\"noopener\"><strong>Ricardo Augusto Mendon\u00e7a Vieira<\/strong><\/a><\/p>\n<\/td>\n<td width=\"165\">\n<p style=\"text-align: center\">Caprinocultura<\/p>\n<\/td>\n<td width=\"142\">\n<p style=\"text-align: center\">CCTA\/Anexo Sala 05a<\/p>\n<\/td>\n<td width=\"105\">\n<p style=\"text-align: center\">(22)2748-7104<\/p>\n<\/td>\n<\/tr>\n<tr>\n<td width=\"239\">\n<p style=\"text-align: center\"><a title=\"Curr\u00edculo Lattes\" href=\"http:\/\/buscatextual.cnpq.br\/buscatextual\/visualizacv.do?id=K4701597J6\" target=\"_blank\" rel=\"noopener\"><strong>Rita\u00a0da Trindade Ribeiro Nobre Soares<\/strong><\/a><\/p>\n<\/td>\n<td width=\"165\">\n<p style=\"text-align: center\">Suinocultura<\/p>\n<\/td>\n<td width=\"142\">\n<p style=\"text-align: center\">CCTA\/Anexo Sala 03<\/p>\n<\/td>\n<td width=\"105\">\n<p style=\"text-align: center\">(22)2739-7342<\/p>\n<\/td>\n<\/tr>\n<tr>\n<td width=\"239\">\n<p style=\"text-align: center\"><a title=\"Curr\u00edculo Lattes\" href=\"http:\/\/buscatextual.cnpq.br\/buscatextual\/visualizacv.do?id=K4777053J0\" target=\"_blank\" rel=\"noopener\"><strong>S\u00e9rgio Aguiar de Barros Vianna<\/strong><strong>\u00a0<\/strong><\/a><\/p>\n<\/td>\n<td width=\"165\">\n<p style=\"text-align: center\">Equideocultura<\/p>\n<\/td>\n<td width=\"142\">\n<p style=\"text-align: center\">CCTA\/Sala 110<\/p>\n<\/td>\n<td width=\"105\">\n<p style=\"text-align: center\">(22) 2739-7289<\/p>\n<\/td>\n<\/tr>\n<\/tbody>\n<\/table>\n","protected":false},"excerpt":{"rendered":"<p>Docente \u00c1rea Sala Telefone Alberto Magno Fernandes\u00a0\u00a0\u00a0 Bovinocultura Leiteira CCTA\/Anexo Sala 05b (22)2739-7094 Ant\u00f4nio Gesualdi J\u00fanior Bioclimatologia e Ambi\u00eancia CCTA\/Anexo&#8230;<\/p>\n","protected":false},"author":14,"featured_media":0,"parent":0,"menu_order":0,"comment_status":"closed","ping_status":"open","template":"","meta":{"footnotes":""},"class_list":["post-12","page","type-page","status-publish","hentry"],"_links":{"self":[{"href":"https:\/\/uenf.br\/ccta\/lzo\/wp-json\/wp\/v2\/pages\/12","targetHints":{"allow":["GET"]}}],"collection":[{"href":"https:\/\/uenf.br\/ccta\/lzo\/wp-json\/wp\/v2\/pages"}],"about":[{"href":"https:\/\/uenf.br\/ccta\/lzo\/wp-json\/wp\/v2\/types\/page"}],"author":[{"embeddable":true,"href":"https:\/\/uenf.br\/ccta\/lzo\/wp-json\/wp\/v2\/users\/14"}],"replies":[{"embeddable":true,"href":"https:\/\/uenf.br\/ccta\/lzo\/wp-json\/wp\/v2\/comments?post=12"}],"version-history":[{"count":0,"href":"https:\/\/uenf.br\/ccta\/lzo\/wp-json\/wp\/v2\/pages\/12\/revisions"}],"wp:attachment":[{"href":"https:\/\/uenf.br\/ccta\/lzo\/wp-json\/wp\/v2\/media?parent=12"}],"curies":[{"name":"wp","href":"https:\/\/api.w.org\/{rel}","templated":true}]}}