{"id":2,"date":"2012-11-27T12:17:39","date_gmt":"2012-11-27T12:17:39","guid":{"rendered":"http:\/\/uenf.br\/ccta\/lzna\/?page_id=2"},"modified":"2021-04-28T19:23:06","modified_gmt":"2021-04-28T19:23:06","slug":"apresentacao","status":"publish","type":"page","link":"https:\/\/uenf.br\/ccta\/lzo\/","title":{"rendered":"Apresenta\u00e7\u00e3o"},"content":{"rendered":"<h2 id=\"oquee\">O que \u00e9 Zootecnia:<\/h2>\n<div id=\"article\" class=\"text-content\">\n<p><strong>Zootecnia<\/strong>\u00a0\u00e9 a ci\u00eancia que se dedica ao estudo da cria\u00e7\u00e3o, produ\u00e7\u00e3o e manejo de<strong>\u00a0animais dom\u00e9sticos<\/strong>\u00a0economicamente \u00fateis.<\/p>\n<p>O principal objetivo da zootecnia \u00e9 desenvolver recursos para maior produtividade e rentabilidade dos produtos derivados dos animais, como a carne, o leite, ovos etc, tendo em conta o aumento da produ\u00e7\u00e3o e do lucro sem descuidar do bem estar dos animais.<\/p>\n<p>A zootecnia tem sempre em conta a explora\u00e7\u00e3o eficiente dos recursos agropecu\u00e1rios. O campo de atua\u00e7\u00e3o envolve pesquisas gen\u00e9ticas, cria\u00e7\u00e3o artificial de animais dom\u00e9sticos, silvestres e aqu\u00e1ticos, como tamb\u00e9m esp\u00e9cies vegetais, nativas e ex\u00f3ticas, a melhoria das ra\u00e7as animais, o controle de doen\u00e7as, nuri\u00e7\u00e3o e alimenta\u00e7\u00e3o, desenvolvimento de tecnologias, t\u00e9cnicas e produtos espec\u00edficos para a cria\u00e7\u00e3o dos animais.<\/p>\n<p>O profissional que se especializa em Zootecnia \u00e9 designado zootecnista (ou zoot\u00e9cnico). Tamb\u00e9m fazem parte das habilita\u00e7\u00f5es do zootecnista a administra\u00e7\u00e3o, economia, com\u00e9rcio e planejamento agropecu\u00e1rio, e a sustentabilidade ambiental.<\/p>\n<p>O curso de Medicina Veterin\u00e1ria possui muitas disciplinas em comum com o curso de Zootecnia, pois ambas est\u00e3o ligadas ao mundo animal. No entanto, a Medicina Veterin\u00e1ria est\u00e1 focada na sa\u00fade dos animais, nas cirurgias a an\u00e1lises cl\u00ednicas.<\/p>\n<\/div>\n<p align=\"center\">Chefia:<strong> Profa. Karoll Andrea Alfonso Torres Cordido<\/strong><\/p>\n<p align=\"center\">E-mail: lzna@uenf.br<\/p>\n<p align=\"center\">Telefone: +55 (22) 2748-6394<\/p>\n<p align=\"center\">Secretaria: +55 (22) 2739-7059<\/p>\n","protected":false},"excerpt":{"rendered":"<p>O que \u00e9 Zootecnia: Zootecnia\u00a0\u00e9 a ci\u00eancia que se dedica ao estudo da cria\u00e7\u00e3o, produ\u00e7\u00e3o e manejo de\u00a0animais dom\u00e9sticos\u00a0economicamente \u00fateis&#8230;.<\/p>\n","protected":false},"author":14,"featured_media":0,"parent":0,"menu_order":0,"comment_status":"open","ping_status":"closed","template":"","meta":{"footnotes":""},"class_list":["post-2","page","type-page","status-publish","hentry"],"_links":{"self":[{"href":"https:\/\/uenf.br\/ccta\/lzo\/wp-json\/wp\/v2\/pages\/2","targetHints":{"allow":["GET"]}}],"collection":[{"href":"https:\/\/uenf.br\/ccta\/lzo\/wp-json\/wp\/v2\/pages"}],"about":[{"href":"https:\/\/uenf.br\/ccta\/lzo\/wp-json\/wp\/v2\/types\/page"}],"author":[{"embeddable":true,"href":"https:\/\/uenf.br\/ccta\/lzo\/wp-json\/wp\/v2\/users\/14"}],"replies":[{"embeddable":true,"href":"https:\/\/uenf.br\/ccta\/lzo\/wp-json\/wp\/v2\/comments?post=2"}],"version-history":[{"count":0,"href":"https:\/\/uenf.br\/ccta\/lzo\/wp-json\/wp\/v2\/pages\/2\/revisions"}],"wp:attachment":[{"href":"https:\/\/uenf.br\/ccta\/lzo\/wp-json\/wp\/v2\/media?parent=2"}],"curies":[{"name":"wp","href":"https:\/\/api.w.org\/{rel}","templated":true}]}}