{"id":40,"date":"2014-12-03T19:25:24","date_gmt":"2014-12-03T19:25:24","guid":{"rendered":"http:\/\/uenf.br\/ccta\/lzna\/?page_id=40"},"modified":"2015-02-09T22:32:48","modified_gmt":"2015-02-09T22:32:48","slug":"servicos","status":"publish","type":"page","link":"https:\/\/uenf.br\/ccta\/lzo\/servicos\/","title":{"rendered":"Servi\u00e7os"},"content":{"rendered":"<p>An\u00e1lises Laboratoriais realizadas no LZO e equipamentos necess\u00e1rios para tais:<\/p>\n<table style=\"height: 407px\" width=\"684\">\n<tbody>\n<tr>\n<td width=\"288\">\n<p style=\"text-align: center\"><strong>Tipo de An\u00e1lise<\/strong><\/p>\n<\/td>\n<td width=\"288\">\n<p style=\"text-align: center\"><strong>Equipamento Utilizado<\/strong><\/p>\n<\/td>\n<\/tr>\n<tr>\n<td width=\"288\">\n<p style=\"text-align: center\">Determina\u00e7\u00e3o do Teor de Prote\u00edna Bruta<\/p>\n<\/td>\n<td width=\"288\">\n<p style=\"text-align: center\">Sistema composto por bloco digestor, destilador de nitrog\u00eanio e bureta.<\/p>\n<\/td>\n<\/tr>\n<tr>\n<td width=\"288\">\n<p style=\"text-align: center\">Determina\u00e7\u00e3o do Teor de Prote\u00edna Bruta<\/p>\n<\/td>\n<td width=\"288\">\n<p style=\"text-align: center\">Bloco digestor com Scrubber para neutraliza\u00e7\u00e3o de gases<\/p>\n<\/td>\n<\/tr>\n<tr>\n<td width=\"288\">\n<p style=\"text-align: center\">Determina\u00e7\u00e3o de Fibra Detergente Neutro\/ \u00c1cido\/Lignina<\/p>\n<\/td>\n<td width=\"288\">\n<p style=\"text-align: center\">Digestor para determina\u00e7\u00e3o de fibra, tecnal e fibertec<\/p>\n<\/td>\n<\/tr>\n<tr>\n<td width=\"288\">\n<p style=\"text-align: center\">Determina\u00e7\u00e3o do Teor de Gordura Bruta<\/p>\n<\/td>\n<td width=\"288\">\n<p style=\"text-align: center\">Extratores de Gordura (m\u00e9todo de Goldfish e Soxhlet)<\/p>\n<\/td>\n<\/tr>\n<tr>\n<td width=\"288\">\n<p style=\"text-align: center\">Determina\u00e7\u00e3o do Teor de Cinzas<\/p>\n<\/td>\n<td width=\"288\">\n<p style=\"text-align: center\">Forno Mufla<\/p>\n<\/td>\n<\/tr>\n<tr>\n<td width=\"288\">\n<p style=\"text-align: center\">Determina\u00e7\u00e3o do Teor Mat\u00e9ria Seca<\/p>\n<\/td>\n<td width=\"288\">\n<p style=\"text-align: center\">Estufa (sistema de ventila\u00e7\u00e3o for\u00e7ada)<\/p>\n<\/td>\n<\/tr>\n<\/tbody>\n<\/table>\n<p><em>*O laborat\u00f3rio tamb\u00e9m possui os cromat\u00f3grafos HPLC-PDA-MS e CG-FID.<\/em><\/p>\n","protected":false},"excerpt":{"rendered":"<p>An\u00e1lises Laboratoriais realizadas no LZO e equipamentos necess\u00e1rios para tais: Tipo de An\u00e1lise Equipamento Utilizado Determina\u00e7\u00e3o do Teor de Prote\u00edna&#8230;<\/p>\n","protected":false},"author":14,"featured_media":0,"parent":0,"menu_order":0,"comment_status":"closed","ping_status":"open","template":"","meta":{"footnotes":""},"class_list":["post-40","page","type-page","status-publish","hentry"],"_links":{"self":[{"href":"https:\/\/uenf.br\/ccta\/lzo\/wp-json\/wp\/v2\/pages\/40","targetHints":{"allow":["GET"]}}],"collection":[{"href":"https:\/\/uenf.br\/ccta\/lzo\/wp-json\/wp\/v2\/pages"}],"about":[{"href":"https:\/\/uenf.br\/ccta\/lzo\/wp-json\/wp\/v2\/types\/page"}],"author":[{"embeddable":true,"href":"https:\/\/uenf.br\/ccta\/lzo\/wp-json\/wp\/v2\/users\/14"}],"replies":[{"embeddable":true,"href":"https:\/\/uenf.br\/ccta\/lzo\/wp-json\/wp\/v2\/comments?post=40"}],"version-history":[{"count":0,"href":"https:\/\/uenf.br\/ccta\/lzo\/wp-json\/wp\/v2\/pages\/40\/revisions"}],"wp:attachment":[{"href":"https:\/\/uenf.br\/ccta\/lzo\/wp-json\/wp\/v2\/media?parent=40"}],"curies":[{"name":"wp","href":"https:\/\/api.w.org\/{rel}","templated":true}]}}