{"id":42,"date":"2014-12-03T19:25:47","date_gmt":"2014-12-03T19:25:47","guid":{"rendered":"http:\/\/uenf.br\/ccta\/lzna\/?page_id=42"},"modified":"2015-01-21T20:21:31","modified_gmt":"2015-01-21T20:21:31","slug":"disciplinas-oferecidas","status":"publish","type":"page","link":"https:\/\/uenf.br\/ccta\/lzo\/disciplinas-oferecidas\/","title":{"rendered":"Disciplinas Oferecidas"},"content":{"rendered":"<h3 style=\"text-align: left\"><span style=\"text-decoration: underline\">GRADUA\u00c7\u00c3O<\/span><\/h3>\n<h4>AGRONOMIA:<\/h4>\n<ul>\n<li>Zootecnia I<\/li>\n<li>Zootecnia II<\/li>\n<\/ul>\n<h4>MEDICINA VETERIN\u00c1RIA:<\/h4>\n<ul>\n<li>Bioclimatologia<\/li>\n<li>Bovinocultura e Equideocultura<\/li>\n<li>Caprinocultura e Ovinocultura<\/li>\n<li>Nutri\u00e7\u00e3o e Forragicultura<\/li>\n<li>Suinocultura e Avicultura<\/li>\n<li>Psicultura<\/li>\n<\/ul>\n<h4>ZOOTECNIA:<\/h4>\n<ul>\n<li>Aquicultura I<\/li>\n<li>Aquicultura II (OPTATIVA)<\/li>\n<li>Avicultura<\/li>\n<li>Bioclimatologia Animal e Ambi\u00eancia<\/li>\n<li>Bovinocultura de Corte e Bubalinocultura<\/li>\n<li>Bovinocultura Leiteira<\/li>\n<li>Bromatologia Zoot\u00e9cnica (OPTATIVA)<\/li>\n<li>Caprinocultura<\/li>\n<li>Culturas Zoot\u00e9cnicas n\u00e3o Tradicionais (OPTATIVA)<\/li>\n<li>Est\u00e1gio Supervisionado<\/li>\n<li>Etologia Zoot\u00e9cnica(OPTATIVA)<\/li>\n<li>Fisiologia da Digest\u00e3o<\/li>\n<li>Fisiologia da Lacta\u00e7\u00e3o<\/li>\n<li>Forragicultura I<\/li>\n<li>Forragicultura II<\/li>\n<li>Introdu\u00e7\u00e3o \u00e0 Zootecnia<\/li>\n<li>Nutri\u00e7\u00e3o Animal<\/li>\n<li>Nutri\u00e7\u00e3o e Alimenta\u00e7\u00e3o de C\u00e3es e Gatos (OPTATIVA)<\/li>\n<li>Nutri\u00e7\u00e3o e Alimenta\u00e7\u00e3o de Monog\u00e1stricos<\/li>\n<li>Nutri\u00e7\u00e3o e Alimenta\u00e7\u00e3o de Ruminantes<\/li>\n<li>Ovinocultura<\/li>\n<li>Piscicultura Ornamental (OPTATIVA)<\/li>\n<li>Produ\u00e7\u00e3o Comercial de Pintos e Incuba\u00e7\u00e3o (OPTATIVA)<\/li>\n<li>Sistemas Silvipastoris (OPTATIVA)<\/li>\n<li>Suinocultura<\/li>\n<\/ul>\n<h3><span style=\"text-decoration: underline\">P\u00d3S-GRADUA\u00c7\u00c3O EM CI\u00caNCIA ANIMAL:<\/span><\/h3>\n<ul>\n<li>Alimentos e Alimenta\u00e7\u00e3o Animal<\/li>\n<li>Ambi\u00eancia na Produ\u00e7\u00e3o Animal<\/li>\n<li>Aspectos Quantitativos da Digest\u00e3o, Metabolismo e Produ\u00e7\u00e3o de Ruminantes<\/li>\n<li>Avalia\u00e7\u00e3o de Alimentos e Exig\u00eancias Nutricionais<\/li>\n<li>Comportamento Equino<\/li>\n<li>Fibra na Alimenta\u00e7\u00e3o de Ruminantes<\/li>\n<li>Fisiologia da Digest\u00e3o<\/li>\n<li>Metabolismo de Lip\u00eddeos, Vitaminas e Minerais<\/li>\n<li>Metabolismo de Prote\u00ednas e Carboidratos<\/li>\n<li>M\u00e9todos de Avalia\u00e7\u00e3o de Pastagens<\/li>\n<li>M\u00e9todos de Pesquisa com Monog\u00e1stricos<\/li>\n<li>Novos Conceitos em Bovinocultura de Corte<\/li>\n<li>Nutri\u00e7\u00e3o de Monog\u00e1stricos<\/li>\n<li>Nutri\u00e7\u00e3o de Organismos Aqu\u00e1ticos<\/li>\n<li>Nutri\u00e7\u00e3o de Ruminantes<\/li>\n<li>Peixes Ornamentais na Pesquisa em Aquicultura<\/li>\n<li>Piscicultura de \u00c1gua Doce.<\/li>\n<li>Reprodu\u00e7\u00e3o de Peixes Tele\u00f3steos de \u00c1gua Doce<\/li>\n<li>T\u00e9cnicas Experimentais com Animais e Plantas Forrageiras<\/li>\n<li>Tecnologias de Produ\u00e7\u00e3o de Ra\u00e7\u00f5es e Suplementos<\/li>\n<li>T\u00f3picos Avan\u00e7ados em Caprinocultura<\/li>\n<li>T\u00f3picos Avan\u00e7ados em Piscicultura<\/li>\n<li>T\u00f3picos Avan\u00e7ados em Produ\u00e7\u00e3o de Aves e Su\u00ednos<\/li>\n<\/ul>\n","protected":false},"excerpt":{"rendered":"<p>GRADUA\u00c7\u00c3O AGRONOMIA: Zootecnia I Zootecnia II MEDICINA VETERIN\u00c1RIA: Bioclimatologia Bovinocultura e Equideocultura Caprinocultura e Ovinocultura Nutri\u00e7\u00e3o e Forragicultura Suinocultura e&#8230;<\/p>\n","protected":false},"author":14,"featured_media":0,"parent":0,"menu_order":0,"comment_status":"closed","ping_status":"open","template":"","meta":{"footnotes":""},"class_list":["post-42","page","type-page","status-publish","hentry"],"_links":{"self":[{"href":"https:\/\/uenf.br\/ccta\/lzo\/wp-json\/wp\/v2\/pages\/42","targetHints":{"allow":["GET"]}}],"collection":[{"href":"https:\/\/uenf.br\/ccta\/lzo\/wp-json\/wp\/v2\/pages"}],"about":[{"href":"https:\/\/uenf.br\/ccta\/lzo\/wp-json\/wp\/v2\/types\/page"}],"author":[{"embeddable":true,"href":"https:\/\/uenf.br\/ccta\/lzo\/wp-json\/wp\/v2\/users\/14"}],"replies":[{"embeddable":true,"href":"https:\/\/uenf.br\/ccta\/lzo\/wp-json\/wp\/v2\/comments?post=42"}],"version-history":[{"count":0,"href":"https:\/\/uenf.br\/ccta\/lzo\/wp-json\/wp\/v2\/pages\/42\/revisions"}],"wp:attachment":[{"href":"https:\/\/uenf.br\/ccta\/lzo\/wp-json\/wp\/v2\/media?parent=42"}],"curies":[{"name":"wp","href":"https:\/\/api.w.org\/{rel}","templated":true}]}}