{"id":78,"date":"2019-03-13T12:11:57","date_gmt":"2019-03-13T12:11:57","guid":{"rendered":"http:\/\/uenf.br\/ccta\/lzo\/?page_id=78"},"modified":"2019-05-02T14:05:42","modified_gmt":"2019-05-02T14:05:42","slug":"disciplinas-de-graduacao","status":"publish","type":"page","link":"https:\/\/uenf.br\/ccta\/lzo\/disciplinas-de-graduacao\/","title":{"rendered":"Disciplinas de Gradua\u00e7\u00e3o"},"content":{"rendered":"<p>Zootecnia<\/p>\n<p>As t\u00e9cnicas de produ\u00e7\u00e3o animal s\u00e3o atribui\u00e7\u00f5es do zootecnistaA produ\u00e7\u00e3o animal do Brasil \u00e9 uma das melhores do mundo, tanto em quantidade quanto em qualidade e custos. Mas muita gente n\u00e3o sabe que, por detr\u00e1s dos produtos de origem animal rotineiramente consumidos como carne, leite e ovos, existe todo um trabalho cient\u00edfico voltado para a melhoria da produ\u00e7\u00e3o. Quem est\u00e1 por tr\u00e1s deste trabalho \u00e9 o zootecnista, profissional cuja atua\u00e7\u00e3o est\u00e1 intrinsecamente ligada \u00e0s demais \u00e1reas de ci\u00eancias agr\u00e1rias. O zootecnista estuda e adota t\u00e9cnicas de produ\u00e7\u00e3o animal e atua profissionalmente em diversas \u00e1reas (bovinos, su\u00ednos, aves, eq\u00fcinos, peixes, c\u00e3es e gatos). Mais especificamente trabalha no melhoramento gen\u00e9tico de rebanhos, nutri\u00e7\u00e3o (formula\u00e7\u00e3o e produ\u00e7\u00e3o de ra\u00e7\u00f5es e suplementos), manejo, ambi\u00eancia e administra\u00e7\u00e3o rural. Tamb\u00e9m participa de pesquisas nas quais estuda o valor nutritivo dos alimentos, os n\u00edveis de nutrientes mais adequados, as exig\u00eancias nutricionais dos animais. Tamb\u00e9m pode atuar na ind\u00fastria aliment\u00edcia de produtos de origem animal, como latic\u00ednios, frios e embutidos.<\/p>\n<p>Curso Diurno &#8211; Tempo integral &#8211; dura\u00e7\u00e3o 5 anos &#8211; 28 vagas anuais<\/p>\n<p>Conceito Preliminar de Curso (CPC\/MEC): 4<\/p>\n<p>Coordenadora: Prof\u00aa. Rita da Trindade Ribeiro Nobre Soares<\/p>\n<p><a href=\"mailto:rita@uenf.br\">rita@uenf.br<\/a>\u00a0&#8211; (22) 2739-7342 ou (22) 2739-7291<\/p>\n","protected":false},"excerpt":{"rendered":"<p>Zootecnia As t\u00e9cnicas de produ\u00e7\u00e3o animal s\u00e3o atribui\u00e7\u00f5es do zootecnistaA produ\u00e7\u00e3o animal do Brasil \u00e9 uma das melhores do mundo,&#8230;<\/p>\n","protected":false},"author":27,"featured_media":0,"parent":0,"menu_order":0,"comment_status":"closed","ping_status":"closed","template":"","meta":{"footnotes":""},"class_list":["post-78","page","type-page","status-publish","hentry"],"_links":{"self":[{"href":"https:\/\/uenf.br\/ccta\/lzo\/wp-json\/wp\/v2\/pages\/78","targetHints":{"allow":["GET"]}}],"collection":[{"href":"https:\/\/uenf.br\/ccta\/lzo\/wp-json\/wp\/v2\/pages"}],"about":[{"href":"https:\/\/uenf.br\/ccta\/lzo\/wp-json\/wp\/v2\/types\/page"}],"author":[{"embeddable":true,"href":"https:\/\/uenf.br\/ccta\/lzo\/wp-json\/wp\/v2\/users\/27"}],"replies":[{"embeddable":true,"href":"https:\/\/uenf.br\/ccta\/lzo\/wp-json\/wp\/v2\/comments?post=78"}],"version-history":[{"count":0,"href":"https:\/\/uenf.br\/ccta\/lzo\/wp-json\/wp\/v2\/pages\/78\/revisions"}],"wp:attachment":[{"href":"https:\/\/uenf.br\/ccta\/lzo\/wp-json\/wp\/v2\/media?parent=78"}],"curies":[{"name":"wp","href":"https:\/\/api.w.org\/{rel}","templated":true}]}}