{"id":90,"date":"2024-04-16T12:24:21","date_gmt":"2024-04-16T12:24:21","guid":{"rendered":"http:\/\/uenf.br\/ccta\/lzo\/?page_id=90"},"modified":"2024-04-16T12:43:37","modified_gmt":"2024-04-16T12:43:37","slug":"noticias-da-uenf","status":"publish","type":"page","link":"https:\/\/uenf.br\/ccta\/lzo\/noticias-da-uenf\/","title":{"rendered":"Not\u00edcias do Laborat\u00f3rio de Zootecnia UENF"},"content":{"rendered":"<h2 class=\"entry-title\">UENF tem nota m\u00e1xima (5) no \u00cdndice Geral de Cursos do MEC<\/h2>\n<p>&nbsp;<\/p>\n<p>o Instituto Nacional de Estudos e Pesquisas Educacionais An\u00edsio Teixeira (INEP) divulgou os resultados do \u00cdndice Geral de Cursos (IGC), que avaliou aproximadamente duas mil institui\u00e7\u00f5es de ensino superior, p\u00fablicas e privadas.\u00a0 O \u00edndice, considerado o mais importante do pa\u00eds no ensino superior, corresponde \u00e0 m\u00e9dia de notas do Conselho Preliminar de Cursos (CPC), referentes aos cursos de gradua\u00e7\u00e3o, e dos conceitos Capes dos programas de p\u00f3s-gradua\u00e7\u00e3o\u00a0<em>stricto sensu<\/em>, tendo como refer\u00eancia o n\u00famero de matr\u00edculas de cada curso.<\/p>\n<p>Na avalia\u00e7\u00e3o, entre as univers<a href=\"http:\/\/uenf.br\/ccta\/lzo\/files\/2024\/04\/uenf-nota-5.jpg\"><img loading=\"lazy\" decoding=\"async\" class=\"size-medium wp-image-114 alignleft\" src=\"http:\/\/uenf.br\/ccta\/lzo\/files\/2024\/04\/uenf-nota-5-300x300.jpg\" alt=\"\" width=\"300\" height=\"300\" srcset=\"https:\/\/uenf.br\/ccta\/lzo\/files\/2024\/04\/uenf-nota-5-300x300.jpg 300w, https:\/\/uenf.br\/ccta\/lzo\/files\/2024\/04\/uenf-nota-5-1024x1024.jpg 1024w, https:\/\/uenf.br\/ccta\/lzo\/files\/2024\/04\/uenf-nota-5-150x150.jpg 150w, https:\/\/uenf.br\/ccta\/lzo\/files\/2024\/04\/uenf-nota-5-768x768.jpg 768w, https:\/\/uenf.br\/ccta\/lzo\/files\/2024\/04\/uenf-nota-5-600x600.jpg 600w, https:\/\/uenf.br\/ccta\/lzo\/files\/2024\/04\/uenf-nota-5.jpg 1080w\" sizes=\"auto, (max-width: 300px) 100vw, 300px\" \/><\/a>idades p\u00fablicas federais e estaduais, a UENF est\u00e1 entre as 20 melhores do Brasil, resultado que a mant\u00e9m na faixa de excel\u00eancia no ensino superior.<\/p>\n<p>A nota m\u00e1xima obtida pela UENF \u00e9 resultado do esfor\u00e7o conjunto de docentes, discentes e t\u00e9cnicos-administrativos, que se dedicam, diariamente, \u00e0 produ\u00e7\u00e3o de conhecimento de alto n\u00edvel e \u00e0 forma\u00e7\u00e3o de profissionais qualificados e comprometidos com o desenvolvimento socioecon\u00f4mico e cultural da regi\u00e3o.<\/p>\n<p>Para a reitora da UENF, Rosana Rodrigues, essa conquista reflete o comprometimento da institui\u00e7\u00e3o com a melhoria cont\u00ednua e o reconhecimento do trabalho realizado por toda a comunidade acad\u00eamica. Ela ressalta ainda a import\u00e2ncia desse resultado para a consolida\u00e7\u00e3o da UENF como uma das principais universidades do pa\u00eds, contribuindo para o avan\u00e7o da ci\u00eancia e tecnologia no estado do Rio de Janeiro e no Brasil.<\/p>\n<p>\u2014 Com esse resultado, a UENF reafirma seu compromisso com a sociedade e com a promo\u00e7\u00e3o do conhecimento, da cultura e da cidadania, e celebra com orgulho esta importante conquista, que representa mais um passo em dire\u00e7\u00e3o \u00e0 excel\u00eancia acad\u00eamica e \u00e0 qualidade na forma\u00e7\u00e3o de profissionais capacitados e engajados com os desafios do mundo contempor\u00e2neo \u2014 afirmou a reitora.<\/p>\n<p>Criada em 1993, pelo governador Leonel Brizola, idealizada por Darcy Ribeiro e com um projeto arquitet\u00f4nico de Oscar Niemeyer, a UENF foi a primeira universidade brasileira a ter em seus quadros somente professores com doutorado. Atualmente, a Universidade possui 20 cursos de gradua\u00e7\u00e3o e 16 programas de p\u00f3s-gradua\u00e7\u00e3o, com aulas em 2\u00a0<em>campi\u00a0<\/em>e 16 polos EaD, e mais de 6 mil alunos.<\/p>\n","protected":false},"excerpt":{"rendered":"<p>UENF tem nota m\u00e1xima (5) no \u00cdndice Geral de Cursos do MEC &nbsp; o Instituto Nacional de Estudos e Pesquisas&#8230;<\/p>\n","protected":false},"author":27,"featured_media":0,"parent":0,"menu_order":0,"comment_status":"closed","ping_status":"closed","template":"","meta":{"footnotes":""},"class_list":["post-90","page","type-page","status-publish","hentry"],"_links":{"self":[{"href":"https:\/\/uenf.br\/ccta\/lzo\/wp-json\/wp\/v2\/pages\/90","targetHints":{"allow":["GET"]}}],"collection":[{"href":"https:\/\/uenf.br\/ccta\/lzo\/wp-json\/wp\/v2\/pages"}],"about":[{"href":"https:\/\/uenf.br\/ccta\/lzo\/wp-json\/wp\/v2\/types\/page"}],"author":[{"embeddable":true,"href":"https:\/\/uenf.br\/ccta\/lzo\/wp-json\/wp\/v2\/users\/27"}],"replies":[{"embeddable":true,"href":"https:\/\/uenf.br\/ccta\/lzo\/wp-json\/wp\/v2\/comments?post=90"}],"version-history":[{"count":0,"href":"https:\/\/uenf.br\/ccta\/lzo\/wp-json\/wp\/v2\/pages\/90\/revisions"}],"wp:attachment":[{"href":"https:\/\/uenf.br\/ccta\/lzo\/wp-json\/wp\/v2\/media?parent=90"}],"curies":[{"name":"wp","href":"https:\/\/api.w.org\/{rel}","templated":true}]}}