{"id":13,"date":"2011-06-06T11:06:12","date_gmt":"2011-06-06T14:06:12","guid":{"rendered":"http:\/\/uenf.br\/ccta\/nematologia\/?page_id=13"},"modified":"2023-07-05T14:48:55","modified_gmt":"2023-07-05T17:48:55","slug":"linhas-de-pesquisa","status":"publish","type":"page","link":"https:\/\/uenf.br\/ccta\/nematologia\/linhas-de-pesquisa\/","title":{"rendered":"Linhas de Pesquisa"},"content":{"rendered":"<p><\/p>\n<p style=\"text-align: justify\">No momento, est\u00e3o em andamento tr\u00eas linhas-de-pesquisa: 1) <strong>Etiologia e manejo de doen\u00e7as causadas por fitonematoides;<\/strong><strong> 2) Nematoides fitoparasitos e de vida-livre do bioma Mata Atl\u00e2ntica;<\/strong>\u00a0e <strong>3) Avalia\u00e7\u00e3o de prepara\u00e7\u00f5es ultra-dilu\u00eddas para o manejo de fitonematoides<\/strong>.<\/p>\n<p style=\"text-align: justify\">Na primeira linha de pesquisa (<strong>Etiologia e manejo de doen\u00e7as causadas por fitonematoides<\/strong>), j\u00e1 foram estudados fitonematoides associados \u00e0s culturas da goiabeira, cana-de-a\u00e7\u00facar, abacaxizeiro, maracujazeiro e cafeeiro. Diversos projetos de pesquisa foram desenvolvidos nas \u00e1reas de etiologia, ecologia, distribui\u00e7\u00e3o espacial e amostragem, avalia\u00e7\u00e3o de danos e perdas econ\u00f4micas, estrat\u00e9gias de manejo a campo, controle biol\u00f3gico, resist\u00eancia gen\u00e9tica e intera\u00e7\u00f5es com outros fitopat\u00f3genos.<\/p>\n<p>Na linha de pesquisa <strong>Nematoides fitoparasitos e de vida-livre do bioma Mata Atl\u00e2ntica<\/strong>, n\u00f3s identificamos nematoides parasitos de dezenas de esp\u00e9cies florestais nativas da MA. O efeito do parasitismo sobre o crescimento das plantas foi caracterizado para algumas esp\u00e9cies florestais e alguns fitonematoides. N\u00f3s tamb\u00e9m caracterizamos a comunidade de nematoides associados a brom\u00e9lias formadoras de tanque (phytotelma) nos ecossistemas de floresta de montana e restinga, e identificamos quais fatores clim\u00e1ticos e micro-ambientais t\u00eam papel na ecologia dos nematoides. Em breve iniciaremos a caracteriza\u00e7\u00e3o da comunidade de nematoides (e sua ecologia) associados \u00e0 copa de \u00e1rvores da MA.<\/p>\n<p>Na linha de pesquisa <strong>Avalia\u00e7\u00e3o de prepara\u00e7\u00f5es ultra-dilu\u00eddas para o controle de fitonematoides <\/strong>investiga-se o efeito de prepara\u00e7\u00f5es ultra-dilu\u00eddas sobre a reprodu\u00e7\u00e3o de nematoides fitoparasitos, bem como seu efeito sobre as plantas e o parasitismo. Os processos bioqu\u00edmicos envolvidos em tais efeitos ser\u00e3o tamb\u00e9m investigados.<\/p>\n<p style=\"text-align: justify\">Ao longo dos anos, essas linhas-de-pesquisa receberam financiamento de \u00f3rg\u00e3os p\u00fablicos, como CNPq, FAPERJ e Embrapa-Caf\u00e9, bem como apoio log\u00edstico de produtores rurais e prefeituras de munic\u00edpios da regi\u00e3o.<\/p>\n<p>Duas linhas de pesquisa adicionais foram desenvolvidas ao longo de v\u00e1rios anos, tendo resultado em diversos artigos cient\u00edficos: <strong>Potencial de nematoides entomopatog\u00eanicos para o biocontrole de pragas agr\u00edcolas e urbanas<\/strong> e <strong>Avalia\u00e7\u00e3o da forma\u00e7\u00e3o em Nematologia nos cursos de gradua\u00e7\u00e3o e p\u00f3s-gradua\u00e7\u00e3o do Brasil<\/strong>. Essas linhas de pesquisa encontram-se desativadas neste momento.<\/p>\n<p>Nossas publica\u00e7\u00f5es podem ser consultadas nas plataforma <a href=\"http:\/\/buscatextual.cnpq.br\/buscatextual\/visualizacv.do?id=K4787031P4\" target=\"_blank\" rel=\"noopener\">Lattes<\/a> ou <a href=\"https:\/\/www.researchgate.net\/profile\/Ricardo-Souza-13\" target=\"_blank\" rel=\"noopener\">ResearchGate<\/a>.<\/p>","protected":false},"excerpt":{"rendered":"<p>No momento, est\u00e3o em andamento tr\u00eas linhas-de-pesquisa: 1) Etiologia e manejo de doen\u00e7as causadas por fitonematoides; 2) Nematoides fitoparasitos e&#8230;<\/p>\n","protected":false},"author":4,"featured_media":0,"parent":0,"menu_order":3,"comment_status":"closed","ping_status":"open","template":"","meta":{"footnotes":""},"class_list":["post-13","page","type-page","status-publish","hentry"],"_links":{"self":[{"href":"https:\/\/uenf.br\/ccta\/nematologia\/wp-json\/wp\/v2\/pages\/13","targetHints":{"allow":["GET"]}}],"collection":[{"href":"https:\/\/uenf.br\/ccta\/nematologia\/wp-json\/wp\/v2\/pages"}],"about":[{"href":"https:\/\/uenf.br\/ccta\/nematologia\/wp-json\/wp\/v2\/types\/page"}],"author":[{"embeddable":true,"href":"https:\/\/uenf.br\/ccta\/nematologia\/wp-json\/wp\/v2\/users\/4"}],"replies":[{"embeddable":true,"href":"https:\/\/uenf.br\/ccta\/nematologia\/wp-json\/wp\/v2\/comments?post=13"}],"version-history":[{"count":0,"href":"https:\/\/uenf.br\/ccta\/nematologia\/wp-json\/wp\/v2\/pages\/13\/revisions"}],"wp:attachment":[{"href":"https:\/\/uenf.br\/ccta\/nematologia\/wp-json\/wp\/v2\/media?parent=13"}],"curies":[{"name":"wp","href":"https:\/\/api.w.org\/{rel}","templated":true}]}}