{"id":7,"date":"2010-09-22T09:18:19","date_gmt":"2010-09-22T12:18:19","guid":{"rendered":"http:\/\/uenf.br\/ccta\/nematologia\/"},"modified":"2024-11-02T06:29:38","modified_gmt":"2024-11-02T09:29:38","slug":"equipe","status":"publish","type":"page","link":"https:\/\/uenf.br\/ccta\/nematologia\/equipe\/","title":{"rendered":"A Equipe"},"content":{"rendered":"<p><strong><img loading=\"lazy\" decoding=\"async\" class=\"alignnone wp-image-580\" src=\"http:\/\/uenf.br\/ccta\/nematologia\/files\/2024\/04\/1683458008419.jpg\" alt=\"\" width=\"124\" height=\"116\" srcset=\"https:\/\/uenf.br\/ccta\/nematologia\/files\/2024\/04\/1683458008419.jpg 585w, https:\/\/uenf.br\/ccta\/nematologia\/files\/2024\/04\/1683458008419-300x282.jpg 300w\" sizes=\"auto, (max-width: 124px) 100vw, 124px\" \/>Prof. Ricardo M. Souza<\/strong>, Prof. Associado 1<\/p>\n<p><img loading=\"lazy\" decoding=\"async\" class=\"alignnone wp-image-575\" src=\"http:\/\/uenf.br\/ccta\/nematologia\/files\/2023\/09\/1685294291574-1.jpg\" alt=\"\" width=\"124\" height=\"162\" srcset=\"https:\/\/uenf.br\/ccta\/nematologia\/files\/2023\/09\/1685294291574-1.jpg 665w, https:\/\/uenf.br\/ccta\/nematologia\/files\/2023\/09\/1685294291574-1-229x300.jpg 229w\" sizes=\"auto, (max-width: 124px) 100vw, 124px\" \/><strong>Profa. Claudia Dolinski<\/strong>, Prof. Associado 1 (2002 a 2018)<\/p>\n<p><img loading=\"lazy\" decoding=\"async\" class=\"alignnone wp-image-444 \" style=\"margin-top: 10px;margin-bottom: 10px\" title=\"TNM Alexandre\" src=\"http:\/\/uenf.br\/ccta\/nematologia\/files\/2022\/06\/Alexandre-2-1-811x1024.jpg\" alt=\"\" width=\"125\" height=\"158\" srcset=\"https:\/\/uenf.br\/ccta\/nematologia\/files\/2022\/06\/Alexandre-2-1-811x1024.jpg 811w, https:\/\/uenf.br\/ccta\/nematologia\/files\/2022\/06\/Alexandre-2-1-237x300.jpg 237w, https:\/\/uenf.br\/ccta\/nematologia\/files\/2022\/06\/Alexandre-2-1-768x970.jpg 768w, https:\/\/uenf.br\/ccta\/nematologia\/files\/2022\/06\/Alexandre-2-1-1216x1536.jpg 1216w, https:\/\/uenf.br\/ccta\/nematologia\/files\/2022\/06\/Alexandre-2-1.jpg 1314w\" sizes=\"auto, (max-width: 125px) 100vw, 125px\" \/> <strong>Dr. Alexandre M. Almeida<\/strong>, TNM do Dept. de Entomologia e Fitopatologia<\/p>\n<p><img loading=\"lazy\" decoding=\"async\" class=\"alignnone wp-image-455 \" style=\"margin-top: 10px;margin-bottom: 10px\" title=\"TNS Vicente\" src=\"http:\/\/uenf.br\/ccta\/nematologia\/files\/2022\/06\/Vicente-2022.jpg\" alt=\"\" width=\"127\" height=\"141\" srcset=\"https:\/\/uenf.br\/ccta\/nematologia\/files\/2022\/06\/Vicente-2022.jpg 470w, https:\/\/uenf.br\/ccta\/nematologia\/files\/2022\/06\/Vicente-2022-269x300.jpg 269w\" sizes=\"auto, (max-width: 127px) 100vw, 127px\" \/> <strong>Dr. Vicente M. Dias<\/strong>, TNS do Dept. de Entomologia e Fitopatologia<\/p>\n<p><strong><img loading=\"lazy\" decoding=\"async\" class=\"wp-image-456 alignnone\" src=\"http:\/\/uenf.br\/ccta\/nematologia\/files\/2022\/06\/Thais-Bio-1.jpg\" alt=\"\" width=\"128\" height=\"130\" srcset=\"https:\/\/uenf.br\/ccta\/nematologia\/files\/2022\/06\/Thais-Bio-1.jpg 441w, https:\/\/uenf.br\/ccta\/nematologia\/files\/2022\/06\/Thais-Bio-1-294x300.jpg 294w\" sizes=\"auto, (max-width: 128px) 100vw, 128px\" \/>Thais de Moraes Ferreira<\/strong>, doutoranda<\/p>\n<p><img loading=\"lazy\" decoding=\"async\" class=\"alignnone wp-image-487\" src=\"http:\/\/uenf.br\/ccta\/nematologia\/files\/2022\/06\/Untitled-1.jpg\" alt=\"\" width=\"131\" height=\"158\" \/><strong>Mariana Zandom\u00eanico Mangeiro<\/strong>, doutoranda<\/p>\n<p><img loading=\"lazy\" decoding=\"async\" class=\"alignnone wp-image-492\" src=\"http:\/\/uenf.br\/ccta\/nematologia\/files\/2022\/06\/Untitled-3.jpg\" alt=\"\" width=\"132\" height=\"173\" srcset=\"https:\/\/uenf.br\/ccta\/nematologia\/files\/2022\/06\/Untitled-3.jpg 487w, https:\/\/uenf.br\/ccta\/nematologia\/files\/2022\/06\/Untitled-3-228x300.jpg 228w\" sizes=\"auto, (max-width: 132px) 100vw, 132px\" \/><strong>Prof. Alenxandre Pio Viana, Universidade Estadual do Norte Fluminense Darcy Ribeiro<\/strong>, colaborador<\/p>\n<p><img loading=\"lazy\" decoding=\"async\" class=\"alignnone wp-image-493\" src=\"http:\/\/uenf.br\/ccta\/nematologia\/files\/2022\/06\/Bressan.jpg\" alt=\"\" width=\"135\" height=\"144\" srcset=\"https:\/\/uenf.br\/ccta\/nematologia\/files\/2022\/06\/Bressan.jpg 393w, https:\/\/uenf.br\/ccta\/nematologia\/files\/2022\/06\/Bressan-281x300.jpg 281w\" sizes=\"auto, (max-width: 135px) 100vw, 135px\" \/><strong>Prof. Ricardo Bressan-Smith, Universidade Estadual do Norte Fluminense Darcy Ribeiro<\/strong>, colaborador<\/p>\n<p><img loading=\"lazy\" decoding=\"async\" class=\"alignnone wp-image-299\" src=\"http:\/\/uenf.br\/ccta\/nematologia\/files\/2010\/09\/felipe-2.jpg\" alt=\"\" width=\"133\" height=\"168\" srcset=\"https:\/\/uenf.br\/ccta\/nematologia\/files\/2010\/09\/felipe-2.jpg 210w, https:\/\/uenf.br\/ccta\/nematologia\/files\/2010\/09\/felipe-2-118x150.jpg 118w\" sizes=\"auto, (max-width: 133px) 100vw, 133px\" \/><strong>Prof. Felipe S. Costa, Faculdade Santa Marcelina<\/strong>, colaborador<\/p>\n<p><img loading=\"lazy\" decoding=\"async\" class=\"alignnone wp-image-495\" src=\"http:\/\/uenf.br\/ccta\/nematologia\/files\/2022\/06\/denilson.jpg\" alt=\"\" width=\"133\" height=\"138\" \/>`<strong>Prof. Denilson Ferreira de Oliveira, Universidade Federal de Lavras<\/strong>, colaborador<\/p>\n<p><img loading=\"lazy\" decoding=\"async\" class=\"alignnone wp-image-481\" src=\"http:\/\/uenf.br\/ccta\/nematologia\/files\/2022\/06\/NOVA-VERSAO-QUADRO-DA-NEMATOLOGIA-1024x768.jpg\" alt=\"\" width=\"456\" height=\"342\" srcset=\"https:\/\/uenf.br\/ccta\/nematologia\/files\/2022\/06\/NOVA-VERSAO-QUADRO-DA-NEMATOLOGIA-1024x768.jpg 1024w, https:\/\/uenf.br\/ccta\/nematologia\/files\/2022\/06\/NOVA-VERSAO-QUADRO-DA-NEMATOLOGIA-300x225.jpg 300w, https:\/\/uenf.br\/ccta\/nematologia\/files\/2022\/06\/NOVA-VERSAO-QUADRO-DA-NEMATOLOGIA-768x576.jpg 768w, https:\/\/uenf.br\/ccta\/nematologia\/files\/2022\/06\/NOVA-VERSAO-QUADRO-DA-NEMATOLOGIA.jpg 1344w\" sizes=\"auto, (max-width: 456px) 100vw, 456px\" \/><\/p>\n<p><strong>Montagem com todos os participantes do Grupo de Pesquisa em Nematologia, desde 2000<\/strong><\/p>\n<p><a href=\"http:\/\/uenf.br\/ccta\/nematologia\/files\/2010\/09\/O-Grupo-no-XXXCBN12.jpg\"><img loading=\"lazy\" decoding=\"async\" class=\" wp-image-403 \" style=\"margin-top: 10px;margin-bottom: 10px\" title=\"O Grupo no XXXCBN12\" src=\"http:\/\/uenf.br\/ccta\/nematologia\/files\/2010\/09\/O-Grupo-no-XXXCBN12.jpg\" alt=\"\" width=\"454\" height=\"340\" srcset=\"https:\/\/uenf.br\/ccta\/nematologia\/files\/2010\/09\/O-Grupo-no-XXXCBN12.jpg 527w, https:\/\/uenf.br\/ccta\/nematologia\/files\/2010\/09\/O-Grupo-no-XXXCBN12-300x224.jpg 300w, https:\/\/uenf.br\/ccta\/nematologia\/files\/2010\/09\/O-Grupo-no-XXXCBN12-150x112.jpg 150w, https:\/\/uenf.br\/ccta\/nematologia\/files\/2010\/09\/O-Grupo-no-XXXCBN12-400x299.jpg 400w\" sizes=\"auto, (max-width: 454px) 100vw, 454px\" \/><\/a><\/p>\n<p><strong>Membros atuais e passados do Grupo de Pesquisa em Nematologia no XXX Congresso Brasileiro de Nematologia em 2012<\/strong><\/p>\n<p><img loading=\"lazy\" decoding=\"async\" class=\"alignnone wp-image-474\" src=\"http:\/\/uenf.br\/ccta\/nematologia\/files\/2022\/06\/100_1246-1024x768.jpg\" alt=\"\" width=\"455\" height=\"341\" srcset=\"https:\/\/uenf.br\/ccta\/nematologia\/files\/2022\/06\/100_1246-1024x768.jpg 1024w, https:\/\/uenf.br\/ccta\/nematologia\/files\/2022\/06\/100_1246-300x225.jpg 300w, https:\/\/uenf.br\/ccta\/nematologia\/files\/2022\/06\/100_1246-768x576.jpg 768w, https:\/\/uenf.br\/ccta\/nematologia\/files\/2022\/06\/100_1246-1536x1152.jpg 1536w, https:\/\/uenf.br\/ccta\/nematologia\/files\/2022\/06\/100_1246-2048x1536.jpg 2048w\" sizes=\"auto, (max-width: 455px) 100vw, 455px\" \/><\/p>\n<p><strong>Membros atuais e passados do Grupo de Pesquisa em Nematologia em confraterniza\u00e7\u00e3o durante o Congresso Brasileiro de Nematologia em 2007<\/strong><\/p>\n<p><img loading=\"lazy\" decoding=\"async\" class=\"alignnone wp-image-476\" src=\"http:\/\/uenf.br\/ccta\/nematologia\/files\/2022\/06\/Foto-curso-NEPs-2001-1024x686.jpeg\" alt=\"\" width=\"456\" height=\"306\" srcset=\"https:\/\/uenf.br\/ccta\/nematologia\/files\/2022\/06\/Foto-curso-NEPs-2001-1024x686.jpeg 1024w, https:\/\/uenf.br\/ccta\/nematologia\/files\/2022\/06\/Foto-curso-NEPs-2001-300x201.jpeg 300w, https:\/\/uenf.br\/ccta\/nematologia\/files\/2022\/06\/Foto-curso-NEPs-2001-768x515.jpeg 768w, https:\/\/uenf.br\/ccta\/nematologia\/files\/2022\/06\/Foto-curso-NEPs-2001.jpeg 1528w\" sizes=\"auto, (max-width: 456px) 100vw, 456px\" \/><\/p>\n<p><strong>Participantes de curso sobre nematoides entomopatog\u00eanicos organizado pelo Grupo de Pesquisa em Nematologia, em 2001. Na foto, os instrutores convidados Patr\u00edcia Stock (EUA) (em p\u00e9 \u00e0 esquerda, na 2a fileira) e Itamar Glazer (Israel) (em p\u00e9, na 3a fileira, de camisa social azul).<\/strong><\/p>\n<p><img loading=\"lazy\" decoding=\"async\" class=\"alignnone wp-image-485\" src=\"http:\/\/uenf.br\/ccta\/nematologia\/files\/2022\/06\/SIMPOSIO2003CDolinski-1-1024x447.jpeg\" alt=\"\" width=\"456\" height=\"199\" srcset=\"https:\/\/uenf.br\/ccta\/nematologia\/files\/2022\/06\/SIMPOSIO2003CDolinski-1-1024x447.jpeg 1024w, https:\/\/uenf.br\/ccta\/nematologia\/files\/2022\/06\/SIMPOSIO2003CDolinski-1-300x131.jpeg 300w, https:\/\/uenf.br\/ccta\/nematologia\/files\/2022\/06\/SIMPOSIO2003CDolinski-1-768x335.jpeg 768w, https:\/\/uenf.br\/ccta\/nematologia\/files\/2022\/06\/SIMPOSIO2003CDolinski-1-1536x671.jpeg 1536w, https:\/\/uenf.br\/ccta\/nematologia\/files\/2022\/06\/SIMPOSIO2003CDolinski-1-2048x894.jpeg 2048w\" sizes=\"auto, (max-width: 456px) 100vw, 456px\" \/><\/p>\n<p><strong>Participantes de simp\u00f3sio sul-americano sobre nematoides entomopatog\u00eanicos organizado pela Profa. Claudia Dolinski em 2003. Na foto, a Profa. Claudia (\u00e0 direita, em p\u00e9) e os instrutores convidados Ed Lewis (EUA) e Robin Stuart (EUA) (ambos \u00e0 direita, \u00faltima fileira)<\/strong><\/p>\n<p><img loading=\"lazy\" decoding=\"async\" class=\"alignnone wp-image-478\" src=\"http:\/\/uenf.br\/ccta\/nematologia\/files\/2022\/06\/INAUGURACAAO-DO-LAB-2-DE-4-1024x768.jpg\" alt=\"\" width=\"460\" height=\"345\" srcset=\"https:\/\/uenf.br\/ccta\/nematologia\/files\/2022\/06\/INAUGURACAAO-DO-LAB-2-DE-4-1024x768.jpg 1024w, https:\/\/uenf.br\/ccta\/nematologia\/files\/2022\/06\/INAUGURACAAO-DO-LAB-2-DE-4-300x225.jpg 300w, https:\/\/uenf.br\/ccta\/nematologia\/files\/2022\/06\/INAUGURACAAO-DO-LAB-2-DE-4-768x576.jpg 768w, https:\/\/uenf.br\/ccta\/nematologia\/files\/2022\/06\/INAUGURACAAO-DO-LAB-2-DE-4.jpg 1280w\" sizes=\"auto, (max-width: 460px) 100vw, 460px\" \/><\/p>\n<p><strong>Confraterniza\u00e7\u00e3o do Grupo de Pesquisa em Nematologia, com convidados<\/strong><\/p>\n<p><img loading=\"lazy\" decoding=\"async\" class=\"alignnone wp-image-626\" src=\"http:\/\/uenf.br\/ccta\/nematologia\/files\/2024\/11\/20240709_140232-1024x751.jpg\" alt=\"\" width=\"457\" height=\"335\" srcset=\"https:\/\/uenf.br\/ccta\/nematologia\/files\/2024\/11\/20240709_140232-1024x751.jpg 1024w, https:\/\/uenf.br\/ccta\/nematologia\/files\/2024\/11\/20240709_140232-300x220.jpg 300w, https:\/\/uenf.br\/ccta\/nematologia\/files\/2024\/11\/20240709_140232-768x563.jpg 768w, https:\/\/uenf.br\/ccta\/nematologia\/files\/2024\/11\/20240709_140232-1536x1127.jpg 1536w, https:\/\/uenf.br\/ccta\/nematologia\/files\/2024\/11\/20240709_140232-2048x1502.jpg 2048w\" sizes=\"auto, (max-width: 457px) 100vw, 457px\" \/><\/p>\n<p><strong>Time de futebol formado por estudantes de Agronomia<\/strong><\/p>","protected":false},"excerpt":{"rendered":"<p>Prof. Ricardo M. Souza, Prof. Associado 1 Profa. Claudia Dolinski, Prof. Associado 1 (2002 a 2018) Dr. Alexandre M. Almeida,&#8230;<\/p>\n","protected":false},"author":4,"featured_media":0,"parent":0,"menu_order":3,"comment_status":"closed","ping_status":"closed","template":"","meta":{"footnotes":""},"class_list":["post-7","page","type-page","status-publish","hentry"],"_links":{"self":[{"href":"https:\/\/uenf.br\/ccta\/nematologia\/wp-json\/wp\/v2\/pages\/7","targetHints":{"allow":["GET"]}}],"collection":[{"href":"https:\/\/uenf.br\/ccta\/nematologia\/wp-json\/wp\/v2\/pages"}],"about":[{"href":"https:\/\/uenf.br\/ccta\/nematologia\/wp-json\/wp\/v2\/types\/page"}],"author":[{"embeddable":true,"href":"https:\/\/uenf.br\/ccta\/nematologia\/wp-json\/wp\/v2\/users\/4"}],"replies":[{"embeddable":true,"href":"https:\/\/uenf.br\/ccta\/nematologia\/wp-json\/wp\/v2\/comments?post=7"}],"version-history":[{"count":0,"href":"https:\/\/uenf.br\/ccta\/nematologia\/wp-json\/wp\/v2\/pages\/7\/revisions"}],"wp:attachment":[{"href":"https:\/\/uenf.br\/ccta\/nematologia\/wp-json\/wp\/v2\/media?parent=7"}],"curies":[{"name":"wp","href":"https:\/\/api.w.org\/{rel}","templated":true}]}}