{"id":70,"date":"2011-06-17T11:23:02","date_gmt":"2011-06-17T14:23:02","guid":{"rendered":"http:\/\/uenf.br\/ccta\/nematologia\/?page_id=70"},"modified":"2022-06-13T10:05:19","modified_gmt":"2022-06-13T13:05:19","slug":"programa-de-pos-graduacao-em-producao-vegetal","status":"publish","type":"page","link":"https:\/\/uenf.br\/ccta\/nematologia\/programa-de-pos-graduacao-em-producao-vegetal\/","title":{"rendered":"O Programa de p\u00f3s-gradua\u00e7\u00e3o em Produ\u00e7\u00e3o Vegetal"},"content":{"rendered":"<p><\/p>\n<p style=\"text-align: justify\">Todos os estudantes de p\u00f3s-gradua\u00e7\u00e3o do Grupo de Pesquisa em Nematologia pertencem ao Programa de P\u00f3s-gradua\u00e7\u00e3o em Produ\u00e7\u00e3o Vegetal da UENF (Mestrado e Doutorado). Para mais detalhes, veja este <a href=\"https:\/\/uenf.br\/posgraduacao\/producao-vegetal\/\" target=\"_blank\" rel=\"noopener\">site<\/a>.<\/p>\n<p style=\"text-align: justify\">Todos os p\u00f3s-graduandos da Nematologia tem bolsa de estudos (da UENF, Faperj, CNPq ou Capes).<\/p>\n<p><\/p>","protected":false},"excerpt":{"rendered":"<p>Todos os estudantes de p\u00f3s-gradua\u00e7\u00e3o do Grupo de Pesquisa em Nematologia pertencem ao Programa de P\u00f3s-gradua\u00e7\u00e3o em Produ\u00e7\u00e3o Vegetal da&#8230;<\/p>\n","protected":false},"author":4,"featured_media":0,"parent":0,"menu_order":5,"comment_status":"closed","ping_status":"open","template":"","meta":{"footnotes":""},"class_list":["post-70","page","type-page","status-publish","hentry"],"_links":{"self":[{"href":"https:\/\/uenf.br\/ccta\/nematologia\/wp-json\/wp\/v2\/pages\/70","targetHints":{"allow":["GET"]}}],"collection":[{"href":"https:\/\/uenf.br\/ccta\/nematologia\/wp-json\/wp\/v2\/pages"}],"about":[{"href":"https:\/\/uenf.br\/ccta\/nematologia\/wp-json\/wp\/v2\/types\/page"}],"author":[{"embeddable":true,"href":"https:\/\/uenf.br\/ccta\/nematologia\/wp-json\/wp\/v2\/users\/4"}],"replies":[{"embeddable":true,"href":"https:\/\/uenf.br\/ccta\/nematologia\/wp-json\/wp\/v2\/comments?post=70"}],"version-history":[{"count":0,"href":"https:\/\/uenf.br\/ccta\/nematologia\/wp-json\/wp\/v2\/pages\/70\/revisions"}],"wp:attachment":[{"href":"https:\/\/uenf.br\/ccta\/nematologia\/wp-json\/wp\/v2\/media?parent=70"}],"curies":[{"name":"wp","href":"https:\/\/api.w.org\/{rel}","templated":true}]}}