{"id":80,"date":"2011-06-17T11:35:18","date_gmt":"2011-06-17T14:35:18","guid":{"rendered":"http:\/\/uenf.br\/ccta\/nematologia\/?page_id=80"},"modified":"2022-06-13T10:46:48","modified_gmt":"2022-06-13T13:46:48","slug":"informacoes-gerais","status":"publish","type":"page","link":"https:\/\/uenf.br\/ccta\/nematologia\/informacoes-gerais\/","title":{"rendered":"Informa\u00e7\u00f5es gerais sobre a Universidade"},"content":{"rendered":"<p><\/p>\n<p style=\"text-align: justify\">A <a href=\"https:\/\/uenf.br\/portal\/\" target=\"_blank\" rel=\"noopener\">Universidade Estadual do Norte Fluminense Darcy Ribeiro<\/a> (UENF) foi criada em 1993 com o intuito de colaborar para o desenvolvimento da regi\u00e3o norte do Estado do Rio de Janeiro, historicamente a mais pobre do Estado. De fato, apesar de ser uma das regi\u00f5es de coloniza\u00e7\u00e3o mais antiga do pa\u00eds (sede da capitania de S\u00e3o Tom\u00e9), a regi\u00e3o norte fluminense n\u00e3o modernizou a sua agricultura ou se industrializou, sendo sua economia baseada na pecu\u00e1ria e na cultura canavieira.<\/p>\n<p style=\"text-align: justify\">Neste contexto, a UENF tem colaborado para o desenvolvimento da regi\u00e3o nas \u00e1reas de Agricultura (fruticultura, pecu\u00e1ria, cafeicultura etc) e ind\u00fastrias de cer\u00e2mica e de petr\u00f3leo, dentre outras.<\/p>\n<p style=\"text-align: justify\">A UENF est\u00e1 estruturada em quatro Centros: Ci\u00eancias e Tecnologias Agropecu\u00e1rias, Bioci\u00eancias e Biotecnologia, Ci\u00eancias do Homem e Ci\u00eancias e Tecnologias, contando tamb\u00e9m com quatro bibliotecas, praia de esportes, \u00e1reas de experimenta\u00e7\u00e3o agr\u00edcola, hospital veterin\u00e1rio, <em>campus<\/em> avan\u00e7ado no munic\u00edpio de Maca\u00e9 e um centro cultural.<\/p>\n<p style=\"text-align: justify\">A UENF \u00e9 composta por centenas de professores e funcion\u00e1rios e milhares de estudantes presenciais e EAD de gradua\u00e7\u00e3o e p\u00f3s-gradua\u00e7\u00e3o. Alguns dos cursos de gradua\u00e7\u00e3o s\u00e3o Agronomia, Veterin\u00e1ria, Biologia, Engenharia Civil, Engenharia Metalal\u00fargica e de Materiais, Engenharia de Explora\u00e7\u00e3o e Produ\u00e7\u00e3o de Petr\u00f3leo, Ci\u00eancias Sociais e da Educa\u00e7\u00e3o, Licenciaturas em Biologia, Qu\u00edmica, F\u00edsica e Matem\u00e1tica. Dentre os cursos\/programas de P\u00f3s-Gradua\u00e7\u00e3o temos <a href=\"https:\/\/uenf.br\/posgraduacao\/producao-vegetal\/\" target=\"_blank\" rel=\"noopener\">Produ\u00e7\u00e3o Vegetal<\/a>, Gen\u00e9tica e Melhoramento Vegetal, Ci\u00eancia Animal, Bioci\u00eancias e Biotecnologia, Ci\u00eancias da Engenharia, Engenharia de Reservat\u00f3rio e de Explora\u00e7\u00e3o, Engenharia e Ci\u00eancias dos Materiais, Cogni\u00e7\u00e3o e Linguagem e Pol\u00edticas Sociais.<\/p>\n<p style=\"text-align: justify\">A UENF\u00a0 est\u00e1 localizada na cidade de Campos dos Goytacazes (<a href=\"https:\/\/www.campos.rj.gov.br\/\" target=\"_blank\" rel=\"noopener\">site oficial da Prefeitura<\/a>), que localiza-se a 300 Km da cidade do Rio de Janeiro. Campos dos Goytacazes est\u00e1 pr\u00f3xima a \u00e1reas tur\u00edsticas, como as regi\u00f5es dos lagos e serrana do Estado do Rio e do Estado do Esp\u00edrito Santo. Os mais de 30.000 universit\u00e1rios que moram em Campos dos Goytacazes se beneficiam de boa estrutura banc\u00e1ria e hospitalar e um circuito cultural que inclui cineclube, cinemas e in\u00fameras pe\u00e7as de teatro, bal\u00e9 e shows de m\u00fasica de diversos estilos que ocorrem o ano todo em teatros, praias e praias p\u00fablicas da cidade.<\/p>\n<div id=\"attachment_229\" style=\"width: 603px\" class=\"wp-caption aligncenter\"><a href=\"http:\/\/uenf.br\/ccta\/nematologia\/files\/2011\/06\/UENFa\u00e9reaAndreZamana50.jpg\"><img loading=\"lazy\" decoding=\"async\" aria-describedby=\"caption-attachment-229\" class=\" wp-image-229 \" src=\"http:\/\/uenf.br\/ccta\/nematologia\/files\/2011\/06\/UENFa\u00e9reaAndreZamana50.jpg\" alt=\"Vista parcial de Campos dos Goytacazes, com a UENF \u00e0 frente. Foto por Andr\u00e9 Zamana.\" width=\"593\" height=\"395\" srcset=\"https:\/\/uenf.br\/ccta\/nematologia\/files\/2011\/06\/UENFa\u00e9reaAndreZamana50.jpg 1122w, https:\/\/uenf.br\/ccta\/nematologia\/files\/2011\/06\/UENFa\u00e9reaAndreZamana50-300x200.jpg 300w, https:\/\/uenf.br\/ccta\/nematologia\/files\/2011\/06\/UENFa\u00e9reaAndreZamana50-1024x682.jpg 1024w, https:\/\/uenf.br\/ccta\/nematologia\/files\/2011\/06\/UENFa\u00e9reaAndreZamana50-150x100.jpg 150w, https:\/\/uenf.br\/ccta\/nematologia\/files\/2011\/06\/UENFa\u00e9reaAndreZamana50-400x266.jpg 400w\" sizes=\"auto, (max-width: 593px) 100vw, 593px\" \/><\/a><p id=\"caption-attachment-229\" class=\"wp-caption-text\">Vista parcial de Campos dos Goytacazes, com a UENF \u00e0 frente. Foto por Andr\u00e9 Zamana.<\/p><\/div>\n<p style=\"text-align: center\">\n<p><\/p>","protected":false},"excerpt":{"rendered":"<p>A Universidade Estadual do Norte Fluminense Darcy Ribeiro (UENF) foi criada em 1993 com o intuito de colaborar para o&#8230;<\/p>\n","protected":false},"author":4,"featured_media":0,"parent":0,"menu_order":6,"comment_status":"closed","ping_status":"open","template":"","meta":{"footnotes":""},"class_list":["post-80","page","type-page","status-publish","hentry"],"_links":{"self":[{"href":"https:\/\/uenf.br\/ccta\/nematologia\/wp-json\/wp\/v2\/pages\/80","targetHints":{"allow":["GET"]}}],"collection":[{"href":"https:\/\/uenf.br\/ccta\/nematologia\/wp-json\/wp\/v2\/pages"}],"about":[{"href":"https:\/\/uenf.br\/ccta\/nematologia\/wp-json\/wp\/v2\/types\/page"}],"author":[{"embeddable":true,"href":"https:\/\/uenf.br\/ccta\/nematologia\/wp-json\/wp\/v2\/users\/4"}],"replies":[{"embeddable":true,"href":"https:\/\/uenf.br\/ccta\/nematologia\/wp-json\/wp\/v2\/comments?post=80"}],"version-history":[{"count":0,"href":"https:\/\/uenf.br\/ccta\/nematologia\/wp-json\/wp\/v2\/pages\/80\/revisions"}],"wp:attachment":[{"href":"https:\/\/uenf.br\/ccta\/nematologia\/wp-json\/wp\/v2\/media?parent=80"}],"curies":[{"name":"wp","href":"https:\/\/api.w.org\/{rel}","templated":true}]}}