{"id":2,"date":"2015-07-08T12:27:50","date_gmt":"2015-07-08T12:27:50","guid":{"rendered":"http:\/\/uenf.br\/dga\/gpaf\/?page_id=2"},"modified":"2016-06-08T15:05:01","modified_gmt":"2016-06-08T15:05:01","slug":"apresentacao","status":"publish","type":"page","link":"https:\/\/uenf.br\/dga\/gpaf\/","title":{"rendered":"Apresenta\u00e7\u00e3o"},"content":{"rendered":"<p><strong>Gerente:<\/strong>\u00a0Eliane do Esp\u00edrito Santo Dias de Freitas<\/p>\n<p>A Ger\u00eancia de Planejamento Administra\u00e7\u00e3o e Finan\u00e7as \u00e9 respons\u00e1vel pela execu\u00e7\u00e3o e controle or\u00e7ament\u00e1rio e financeiro das despesas da Universidade. \u00c9 composta por:<\/p>\n<ul>\n<li><strong>Setor de Conv\u00eanios &#8211; <\/strong>Ramal: 1692<br \/>\n\u00c9 a Unidade respons\u00e1vel pela coordena\u00e7\u00e3o dos contratos e conv\u00eanios institucionais da Universidade no que se refere \u00e0 administra\u00e7\u00e3o financeira e or\u00e7ament\u00e1ria e presta\u00e7\u00e3o de contas dos recursos recebidos.<\/li>\n<li><strong>Setor Financeiro &#8211; <\/strong>Ramal: 1405<br \/>\n\u00c9 a Unidade respons\u00e1vel pelo empenhamento, liquida\u00e7\u00e3o e pagamento das despesas da Administra\u00e7\u00e3o Central da UENF.<\/li>\n<\/ul>\n<p>Os pagamentos realizados pela UENF s\u00e3o efetuados atrav\u00e9s de dep\u00f3sito banc\u00e1rio, n\u00e3o havendo manipula\u00e7\u00e3o de dinheiro em esp\u00e9cie o que garante transpar\u00eancia e seguran\u00e7a nos processos.<\/p>\n<p>Os pagamentos realizados t\u00eam origens diferentes de acordo com a sua fonte pagadora. Despesas realizadas por fonte de recursos do Tesouro Estadual (Fonte 00) s\u00e3o pagas diretamente pela Secretaria Estadual de Finan\u00e7as; despesas realizadas com recursos de conv\u00eanios ou provenientes de arrecada\u00e7\u00e3o pr\u00f3pria (Fontes 10 e 13) s\u00e3o executadas pela pr\u00f3pria UENF.<\/p>\n","protected":false},"excerpt":{"rendered":"<p>Gerente:\u00a0Eliane do Esp\u00edrito Santo Dias de Freitas A Ger\u00eancia de Planejamento Administra\u00e7\u00e3o e Finan\u00e7as \u00e9 respons\u00e1vel pela execu\u00e7\u00e3o e controle&#8230;<\/p>\n","protected":false},"author":9,"featured_media":0,"parent":0,"menu_order":1,"comment_status":"open","ping_status":"closed","template":"","meta":{"footnotes":""},"class_list":["post-2","page","type-page","status-publish","hentry"],"_links":{"self":[{"href":"https:\/\/uenf.br\/dga\/gpaf\/wp-json\/wp\/v2\/pages\/2","targetHints":{"allow":["GET"]}}],"collection":[{"href":"https:\/\/uenf.br\/dga\/gpaf\/wp-json\/wp\/v2\/pages"}],"about":[{"href":"https:\/\/uenf.br\/dga\/gpaf\/wp-json\/wp\/v2\/types\/page"}],"author":[{"embeddable":true,"href":"https:\/\/uenf.br\/dga\/gpaf\/wp-json\/wp\/v2\/users\/9"}],"replies":[{"embeddable":true,"href":"https:\/\/uenf.br\/dga\/gpaf\/wp-json\/wp\/v2\/comments?post=2"}],"version-history":[{"count":0,"href":"https:\/\/uenf.br\/dga\/gpaf\/wp-json\/wp\/v2\/pages\/2\/revisions"}],"wp:attachment":[{"href":"https:\/\/uenf.br\/dga\/gpaf\/wp-json\/wp\/v2\/media?parent=2"}],"curies":[{"name":"wp","href":"https:\/\/api.w.org\/{rel}","templated":true}]}}