{"id":102,"date":"2018-03-14T14:59:26","date_gmt":"2018-03-14T14:59:26","guid":{"rendered":"http:\/\/uenf.br\/dga\/gpat\/?page_id=102"},"modified":"2018-03-14T14:59:26","modified_gmt":"2018-03-14T14:59:26","slug":"bens-que-foram-roubados-ou-furtados","status":"publish","type":"page","link":"https:\/\/uenf.br\/dga\/gpat\/bens-que-foram-roubados-ou-furtados\/","title":{"rendered":"Bens que foram roubados ou furtados"},"content":{"rendered":"<div id=\"tituloPrincipal\">Informa\u00e7\u00f5es aos Respons\u00e1veis por Bens Patrimoniais<\/div>\n<div id=\"materiaPrincipal\">\n<p>Com o objetivo de orientar os respons\u00e1veis\u00a0pelos bens permanentes quando houver furto do bem, estaremos relacionando abaixo os procedimentos que dever\u00e3o ser seguidos.<\/p>\n<p>&nbsp;<\/p>\n<p>1\u00ba) Quando o respons\u00e1vel\u00a0tiver conhecimento do furto do\u00a0bem permanente dever\u00e1 providenciar o mais breve poss\u00edvel o Registro de Ocorr\u00eancia Policial. Que deve conter as caracter\u00edsiticas do bem (descri\u00e7\u00e3o, n\u00famero de s\u00e9rie, n\u00famero de controle patrimonial, localiza\u00e7\u00e3o).<\/p>\n<p>2\u00ba) Solicitar abertura do Processo de Sindic\u00e2ncia para apura\u00e7\u00e3o dos fatos.\u00a0No processo\u00a0dever\u00e1\u00a0estar inclu\u00eddo o Registro de Ocorr\u00eancia Policial assim como a solicita\u00e7\u00e3o para a apura\u00e7\u00e3o da irregularidade.<\/p>\n<p>3\u00ba) O Processo de Sindic\u00e2ncia\u00a0dever\u00e1 ser encaminhado para a Chefia do Laborat\u00f3rio depois para a Dire\u00e7\u00e3o do Centro que dever\u00e1 encaminhar\u00a0para a Reitoria.<\/p>\n<p>4\u00ba) Informar a Ger\u00eancia de Patrim\u00f4nio sobre o furto ocorrido e o n\u00famero do Processo de Sindic\u00e2ncia.<\/p>\n<\/div>\n","protected":false},"excerpt":{"rendered":"<p>Informa\u00e7\u00f5es aos Respons\u00e1veis por Bens Patrimoniais Com o objetivo de orientar os respons\u00e1veis\u00a0pelos bens permanentes quando houver furto do bem,&#8230;<\/p>\n","protected":false},"author":18,"featured_media":0,"parent":0,"menu_order":0,"comment_status":"closed","ping_status":"closed","template":"","meta":{"footnotes":""},"class_list":["post-102","page","type-page","status-publish","hentry"],"_links":{"self":[{"href":"https:\/\/uenf.br\/dga\/gpat\/wp-json\/wp\/v2\/pages\/102","targetHints":{"allow":["GET"]}}],"collection":[{"href":"https:\/\/uenf.br\/dga\/gpat\/wp-json\/wp\/v2\/pages"}],"about":[{"href":"https:\/\/uenf.br\/dga\/gpat\/wp-json\/wp\/v2\/types\/page"}],"author":[{"embeddable":true,"href":"https:\/\/uenf.br\/dga\/gpat\/wp-json\/wp\/v2\/users\/18"}],"replies":[{"embeddable":true,"href":"https:\/\/uenf.br\/dga\/gpat\/wp-json\/wp\/v2\/comments?post=102"}],"version-history":[{"count":0,"href":"https:\/\/uenf.br\/dga\/gpat\/wp-json\/wp\/v2\/pages\/102\/revisions"}],"wp:attachment":[{"href":"https:\/\/uenf.br\/dga\/gpat\/wp-json\/wp\/v2\/media?parent=102"}],"curies":[{"name":"wp","href":"https:\/\/api.w.org\/{rel}","templated":true}]}}