{"id":32,"date":"2018-03-08T13:27:25","date_gmt":"2018-03-08T13:27:25","guid":{"rendered":"http:\/\/uenf.br\/dga\/gpat\/?page_id=32"},"modified":"2018-03-14T13:25:51","modified_gmt":"2018-03-14T13:25:51","slug":"legislacao-estadual","status":"publish","type":"page","link":"https:\/\/uenf.br\/dga\/gpat\/publicacoes\/legislacao-estadual\/","title":{"rendered":"Legisla\u00e7\u00e3o Estadual"},"content":{"rendered":"<div id=\"materiaPrincipal\">\n<p><strong>Decretos:<\/strong><\/p>\n<ul>\n<li><a href=\"http:\/\/uenf.br\/dga\/gpat\/legislacao\/legislacao-estadual\/decreto-no-40-877\/\">Decreto 40.877<\/a>\u00a0&#8211; Disp\u00f5e sobre a aliena\u00e7\u00e3o de ve\u00edculos da administra\u00e7\u00e3o p\u00fablica estadual, direta ou indireta, e d\u00e1 outras provid\u00eancias<\/li>\n<li><a href=\"http:\/\/www.fazenda.rj.gov.br\/sefaz\/ShowProperty?nodeId=%2FUCMServer%2FWCC207068%2F%2FidcPrimaryFile&amp;revision=latestreleased\" target=\"_blank\" rel=\"noopener\">Decreto n\u00ba 46223 de 24\/01\/18<\/a> &#8211; Regulamenta a gest\u00e3o dos bens m\u00f3veis, no \u00e2mbito do poder executivo do Estado do Rio de Janeiro. Obs: aten\u00e7\u00e3o ao art. 10 que trata da responsabilidade dos agentes patrimoniais.<\/li>\n<li><a href=\"http:\/\/www.uenf.br\/Uenf\/Downloads\/GPAT_8205_1301000687.doc\" target=\"_blank\" rel=\"noopener\">DECRETO N.\u00ba 153 DE 09 DE JUNHO DE 1975<\/a> &#8211; Regula a disponibilidade de material sem aplica\u00e7\u00e3o ou utilidade e da outras provid\u00eancias<\/li>\n<li><a href=\"http:\/\/www.uenf.br\/Uenf\/Downloads\/GPAT_8205_1301000527.doc\">DECRETO N\u00ba 4.025, DE 14 DE ABRIL DE 1981<\/a> &#8211; Estabelece normas para doa\u00e7\u00e3o de bens ao Estado.<\/li>\n<li><a href=\"http:\/\/www.uenf.br\/Uenf\/Downloads\/GPAT_8205_1301000050.doc\">DECRETO N\u00ba 7.526 DE 06 DE SETEMBRO DE 1984<\/a> &#8211; Aprova o Manual do Sindicante.<\/li>\n<li><a href=\"http:\/\/www.uenf.br\/Uenf\/Downloads\/GPAT_8205_1301000770.doc\">DECRETO-LEI N\u00ba 21, DE 15 DE MAR\u00c7O DE 1975<\/a> &#8211; Estabelece normas e princ\u00edpios de administra\u00e7\u00e3o financeira e execu\u00e7\u00e3o or\u00e7ament\u00e1ria, no Estado do Rio de Janeiro.<\/li>\n<li><a href=\"http:\/\/www.uenf.br\/Uenf\/Downloads\/GPAT_8205_1301000176.doc\">LEI COMPLEMENTAR N\u00ba 8, DE 25 DE OUTUBRO DE 1977<\/a>\u00a0-Esta lei regula a aquisi\u00e7\u00e3o, a utiliza\u00e7\u00e3o, a onera\u00e7\u00e3o e a aliena\u00e7\u00e3o dos bens im\u00f3veis do Estado.<\/li>\n<li><a href=\"http:\/\/www.uenf.br\/Uenf\/Downloads\/GPAT_8205_1301000931.doc\">LEI COMPLEMENTAR N.\u00ba 26 DE 06 DE DEZEMBRO DE 1981<\/a> &#8211; Altera\u00a0o par\u00e1grafo \u00fanico do art. 5\u00ba, o \u00a7 2\u00ba do art. 9\u00ba, os arts. 13, 26, 35, 36, inciso I, 37, 40, 41, inciso I e 44 da Lei Complementar n.\u00ba 8, de 25\/10\/77.<\/li>\n<li><a href=\"http:\/\/www.uenf.br\/Uenf\/Downloads\/GPAT_8205_1301000607.doc\">LEI COMPLEMENTAR N\u00ba 63, DE 01 DE AGOSTO DE 1990<\/a>. &#8211; Disp\u00f5e sobre a lei org\u00e2nica do tribunal de contas do Estado do Rio de Janeiro.<a href=\"http:\/\/www.uenf.br\/Uenf\/Downloads\/GPAT_8205_1301000995.doc\">LEI N\u00ba 287, DE 04 DE DEZEMBRO DE 1979<\/a>. &#8211; Aprova o c\u00f3digo da administra\u00e7\u00e3o financeira e contabilidade p\u00fablica do Estado do Rio de Janeiro<\/li>\n<\/ul>\n<p>&nbsp;<\/p>\n<\/div>\n","protected":false},"excerpt":{"rendered":"<p>Decretos: Decreto 40.877\u00a0&#8211; Disp\u00f5e sobre a aliena\u00e7\u00e3o de ve\u00edculos da administra\u00e7\u00e3o p\u00fablica estadual, direta ou indireta, e d\u00e1 outras provid\u00eancias&#8230;<\/p>\n","protected":false},"author":18,"featured_media":0,"parent":55,"menu_order":1,"comment_status":"closed","ping_status":"closed","template":"","meta":{"footnotes":""},"class_list":["post-32","page","type-page","status-publish","hentry"],"_links":{"self":[{"href":"https:\/\/uenf.br\/dga\/gpat\/wp-json\/wp\/v2\/pages\/32","targetHints":{"allow":["GET"]}}],"collection":[{"href":"https:\/\/uenf.br\/dga\/gpat\/wp-json\/wp\/v2\/pages"}],"about":[{"href":"https:\/\/uenf.br\/dga\/gpat\/wp-json\/wp\/v2\/types\/page"}],"author":[{"embeddable":true,"href":"https:\/\/uenf.br\/dga\/gpat\/wp-json\/wp\/v2\/users\/18"}],"replies":[{"embeddable":true,"href":"https:\/\/uenf.br\/dga\/gpat\/wp-json\/wp\/v2\/comments?post=32"}],"version-history":[{"count":0,"href":"https:\/\/uenf.br\/dga\/gpat\/wp-json\/wp\/v2\/pages\/32\/revisions"}],"up":[{"embeddable":true,"href":"https:\/\/uenf.br\/dga\/gpat\/wp-json\/wp\/v2\/pages\/55"}],"wp:attachment":[{"href":"https:\/\/uenf.br\/dga\/gpat\/wp-json\/wp\/v2\/media?parent=32"}],"curies":[{"name":"wp","href":"https:\/\/api.w.org\/{rel}","templated":true}]}}