{"id":55,"date":"2018-03-08T14:49:26","date_gmt":"2018-03-08T14:49:26","guid":{"rendered":"http:\/\/uenf.br\/dga\/gpat\/?page_id=55"},"modified":"2018-03-19T14:38:41","modified_gmt":"2018-03-19T14:38:41","slug":"publicacoes","status":"publish","type":"page","link":"https:\/\/uenf.br\/dga\/gpat\/publicacoes\/","title":{"rendered":"Nada Consta e agente patrimonial"},"content":{"rendered":"<p>Aten\u00e7\u00e3o ao art. 2\u00ba para o servidor que \u00e9 agente patrimonial:\u00a0 a ger\u00eancia de patrim\u00f4nio s\u00f3 emitir\u00e1 o formul\u00e1rio do nada consta, ap\u00f3s indica\u00e7\u00e3o de substitui\u00e7\u00e3o de agente patrimonial com os modelos 11 e 16 devidamente assinados.<\/p>\n<p>Regulamenta\u00e7\u00e3o do Nada Consta da GPAT, publicado no DO RJ de 14\/06\/13<\/p>\n<p style=\"font-weight: 400\"><strong>COLEGIADO EXECUTIVO<\/strong><\/p>\n<p style=\"font-weight: 400\"><strong>ATO DO REITOR<\/strong><\/p>\n<p style=\"font-weight: 400\"><strong>ATO EXECUTIVO N\u00ba 01 DE 28 DE MAIO DE 2013<\/strong><\/p>\n<p style=\"font-weight: 400\"><strong>DISP\u00d5E SOBRE A EXIG\u00caNCIA DE EMISS\u00c3O<\/strong><\/p>\n<p style=\"font-weight: 400\"><strong>DE DOCUMENTO DE NADA CONSTA DA GER\u00caNCIA<\/strong><\/p>\n<p style=\"font-weight: 400\"><strong>DE PATRIM\u00d4NIO DA UNIVERSIDADE<\/strong><\/p>\n<p style=\"font-weight: 400\"><strong>ESTADUAL DO NORTE FLUMINENSE DARCY<\/strong><\/p>\n<p style=\"font-weight: 400\"><strong>RIBEIRO, E D\u00c1 OUTRAS PROVID\u00caNCIAS.<\/strong><\/p>\n<p style=\"font-weight: 400\"><strong>O COLEGIADO EXECUTIVO (COLEX) DA UNIVERSIDADE ESTADUAL<\/strong><\/p>\n<p style=\"font-weight: 400\"><strong>DO NORTE FLUMINENSE DARCY RIBEIRO (UENF),\u00a0<\/strong>no uso<\/p>\n<p style=\"font-weight: 400\">de suas atribui\u00e7\u00f5es legais e estatut\u00e1rias e de acordo com o aprovado<\/p>\n<p style=\"font-weight: 400\">em sua reuni\u00e3o de 30 de abril de 2013, e o que consta no Processo<\/p>\n<p style=\"font-weight: 400\">n\u00ba E-26\/009\/572\/2013,<\/p>\n<p style=\"font-weight: 400\"><strong>RESOLVE:<\/strong><\/p>\n<p style=\"font-weight: 400\"><strong>\u00a0<\/strong><\/p>\n<p style=\"font-weight: 400\"><strong>Art. 1\u00ba\u00a0<\/strong>&#8211; Estabelecer procedimentos para a emiss\u00e3o de documento de<\/p>\n<p style=\"font-weight: 400\">nada consta da Ger\u00eancia de Patrim\u00f4nio (GPAT) da Universidade Estadual<\/p>\n<p style=\"font-weight: 400\">do Norte Fluminense Darcy Ribeiro.<\/p>\n<p style=\"font-weight: 400\"><span style=\"color: #ff0000\"><strong>Art. 2\u00ba\u00a0<\/strong>&#8211; O servidor dever\u00e1 solicitar o documento de nada consta \u00e0<\/span><\/p>\n<p style=\"font-weight: 400\"><span style=\"color: #ff0000\">Ger\u00eancia de Patrim\u00f4nio da UENF, para os seguintes casos de afastamento<\/span><\/p>\n<p style=\"font-weight: 400\"><span style=\"color: #ff0000\">tempor\u00e1rio ou definitivo:<\/span><\/p>\n<p style=\"font-weight: 400\"><span style=\"color: #ff0000\"><strong>I-\u00a0<\/strong>Aposentadoria;<\/span><\/p>\n<p style=\"font-weight: 400\"><span style=\"color: #ff0000\"><strong>II-\u00a0<\/strong>Exonera\u00e7\u00e3o a pedido;<\/span><\/p>\n<p style=\"font-weight: 400\"><span style=\"color: #ff0000\"><strong>III-\u00a0<\/strong>Licen\u00e7as superiores a 30 dias, exceto licen\u00e7as m\u00e9dicas;<\/span><\/p>\n<p style=\"font-weight: 400\"><span style=\"color: #ff0000\"><strong>IV-\u00a0<\/strong>Transfer\u00eancia para outro Centro ou Laborat\u00f3rio;<\/span><\/p>\n<p style=\"font-weight: 400\"><span style=\"color: #ff0000\"><strong>V-\u00a0<\/strong>Candidatura a cargo eletivo;<\/span><\/p>\n<p style=\"font-weight: 400\"><span style=\"color: #ff0000\"><strong>VI-\u00a0<\/strong>Afastamento para o exterior superior a 30 dias;<\/span><\/p>\n<p style=\"font-weight: 400\"><span style=\"color: #ff0000\"><strong>VII-\u00a0<\/strong>Afastamento para p\u00f3s-doutoramento ou est\u00e1gio s\u00eanior;<\/span><\/p>\n<p style=\"font-weight: 400\"><span style=\"color: #ff0000\"><strong>VIII-\u00a0<\/strong>Cess\u00e3o para outro \u00f3rg\u00e3o.<\/span><\/p>\n<p style=\"font-weight: 400\"><span style=\"color: #ff0000\"><strong>Par\u00e1grafo \u00danico\u00a0<\/strong>&#8211; O processo administrativo de solicita\u00e7\u00e3o de afastamento,<\/span><\/p>\n<p style=\"font-weight: 400\"><span style=\"color: #ff0000\">nos casos previstos neste artigo, dever\u00e1 ser instru\u00eddo com o<\/span><\/p>\n<p style=\"font-weight: 400\"><span style=\"color: #ff0000\">documento de declara\u00e7\u00e3o de nada consta emitido pela GPAT, antes<\/span><\/p>\n<p style=\"font-weight: 400\"><span style=\"color: #ff0000\">de sua concess\u00e3o.<\/span><\/p>\n<p style=\"font-weight: 400\"><strong>Art. 3\u00ba\u00a0<\/strong>&#8211; A contrata\u00e7\u00e3o de ex-servidores da Universidade a t\u00edtulo de<\/p>\n<p style=\"font-weight: 400\">professor visitante ou por meio de cargo em comiss\u00e3o ou outro tipo<\/p>\n<p style=\"font-weight: 400\">de v\u00ednculo ficar\u00e1 condicionada a emiss\u00e3o do documento de nada<\/p>\n<p style=\"font-weight: 400\">consta pela GPAT.<\/p>\n<p style=\"font-weight: 400\"><strong>Art. 4\u00ba\u00a0<\/strong>&#8211; O servidor dever\u00e1 solicitar o documento de nada consta, por<\/p>\n<p style=\"font-weight: 400\">meio de preenchimento do formul\u00e1rio anexo, \u00e0 Ger\u00eancia de Patrim\u00f4nio<\/p>\n<p style=\"font-weight: 400\">da UENF, com anteced\u00eancia m\u00ednima de 30 dias do afastamento<\/p>\n<p style=\"font-weight: 400\">ou contrata\u00e7\u00e3o.<\/p>\n<p style=\"font-weight: 400\"><strong>Art. 5\u00ba\u00a0<\/strong>&#8211; Os casos omissos ser\u00e3o decididos pelo Colegiado Executivo<\/p>\n<p style=\"font-weight: 400\">da UENF.<\/p>\n<p style=\"font-weight: 400\"><strong>Art. 6\u00ba\u00a0<\/strong>&#8211; Este ato executivo entrar\u00e1 em vigor na data de sua publica\u00e7\u00e3o.<\/p>\n<p style=\"font-weight: 400\">Campos dos Goytacazes, 28 de maio de 2013<\/p>\n<p style=\"font-weight: 400\"><strong>\u00a0<\/strong><strong>SILV\u00c9RIO DE PAIVA FREITAS<\/strong><\/p>\n<p>&nbsp;<\/p>\n","protected":false},"excerpt":{"rendered":"<p>Aten\u00e7\u00e3o ao art. 2\u00ba para o servidor que \u00e9 agente patrimonial:\u00a0 a ger\u00eancia de patrim\u00f4nio s\u00f3 emitir\u00e1 o formul\u00e1rio do&#8230;<\/p>\n","protected":false},"author":18,"featured_media":0,"parent":0,"menu_order":1,"comment_status":"closed","ping_status":"closed","template":"","meta":{"footnotes":""},"class_list":["post-55","page","type-page","status-publish","hentry"],"_links":{"self":[{"href":"https:\/\/uenf.br\/dga\/gpat\/wp-json\/wp\/v2\/pages\/55","targetHints":{"allow":["GET"]}}],"collection":[{"href":"https:\/\/uenf.br\/dga\/gpat\/wp-json\/wp\/v2\/pages"}],"about":[{"href":"https:\/\/uenf.br\/dga\/gpat\/wp-json\/wp\/v2\/types\/page"}],"author":[{"embeddable":true,"href":"https:\/\/uenf.br\/dga\/gpat\/wp-json\/wp\/v2\/users\/18"}],"replies":[{"embeddable":true,"href":"https:\/\/uenf.br\/dga\/gpat\/wp-json\/wp\/v2\/comments?post=55"}],"version-history":[{"count":0,"href":"https:\/\/uenf.br\/dga\/gpat\/wp-json\/wp\/v2\/pages\/55\/revisions"}],"wp:attachment":[{"href":"https:\/\/uenf.br\/dga\/gpat\/wp-json\/wp\/v2\/media?parent=55"}],"curies":[{"name":"wp","href":"https:\/\/api.w.org\/{rel}","templated":true}]}}