{"id":83,"date":"2018-03-14T13:43:10","date_gmt":"2018-03-14T13:43:10","guid":{"rendered":"http:\/\/uenf.br\/dga\/gpat\/?page_id=83"},"modified":"2018-03-14T13:43:10","modified_gmt":"2018-03-14T13:43:10","slug":"legislacao-federal","status":"publish","type":"page","link":"https:\/\/uenf.br\/dga\/gpat\/legislacao-federal\/","title":{"rendered":"Legisla\u00e7\u00e3o Federal"},"content":{"rendered":"<p><a href=\"http:\/\/www.uenf.br\/Uenf\/Downloads\/GPAT_8202_1300312366.doc\">DECRETO N\u00ba 3.725 &#8211; DE 10 DE JANEIRO DE 2001 &#8211; DOU DE 11\/1\/2001<\/a>\u00a0 &#8211; Regulamenta a Lei n\u00ba 9.636, de 15 de maio de 1998, que disp\u00f5e sobre a regulariza\u00e7\u00e3o, administra\u00e7\u00e3o, aforamento e aliena\u00e7\u00e3o de bens im\u00f3veis de dom\u00ednio da Uni\u00e3o, e d\u00e1 outras provid\u00eancias.<\/p>\n","protected":false},"excerpt":{"rendered":"<p>DECRETO N\u00ba 3.725 &#8211; DE 10 DE JANEIRO DE 2001 &#8211; DOU DE 11\/1\/2001\u00a0 &#8211; Regulamenta a Lei n\u00ba 9.636,&#8230;<\/p>\n","protected":false},"author":18,"featured_media":0,"parent":0,"menu_order":0,"comment_status":"closed","ping_status":"closed","template":"","meta":{"footnotes":""},"class_list":["post-83","page","type-page","status-publish","hentry"],"_links":{"self":[{"href":"https:\/\/uenf.br\/dga\/gpat\/wp-json\/wp\/v2\/pages\/83","targetHints":{"allow":["GET"]}}],"collection":[{"href":"https:\/\/uenf.br\/dga\/gpat\/wp-json\/wp\/v2\/pages"}],"about":[{"href":"https:\/\/uenf.br\/dga\/gpat\/wp-json\/wp\/v2\/types\/page"}],"author":[{"embeddable":true,"href":"https:\/\/uenf.br\/dga\/gpat\/wp-json\/wp\/v2\/users\/18"}],"replies":[{"embeddable":true,"href":"https:\/\/uenf.br\/dga\/gpat\/wp-json\/wp\/v2\/comments?post=83"}],"version-history":[{"count":0,"href":"https:\/\/uenf.br\/dga\/gpat\/wp-json\/wp\/v2\/pages\/83\/revisions"}],"wp:attachment":[{"href":"https:\/\/uenf.br\/dga\/gpat\/wp-json\/wp\/v2\/media?parent=83"}],"curies":[{"name":"wp","href":"https:\/\/api.w.org\/{rel}","templated":true}]}}