{"id":89,"date":"2018-03-14T14:23:18","date_gmt":"2018-03-14T14:23:18","guid":{"rendered":"http:\/\/uenf.br\/dga\/gpat\/?page_id=89"},"modified":"2018-09-17T13:19:09","modified_gmt":"2018-09-17T13:19:09","slug":"orientacoes","status":"publish","type":"page","link":"https:\/\/uenf.br\/dga\/gpat\/orientacoes\/","title":{"rendered":"Orienta\u00e7\u00f5es aos agentes patrimoniais"},"content":{"rendered":"<p style=\"text-align: center\">Aos agentes patrimoniais &#8211; Aten\u00e7\u00e3o ao Decreto Estadual n\u00ba 46223 de 11\/01\/2018<\/p>\n<p style=\"font-weight: 400\"><strong>DEFINI\u00c7\u00c3O:\u00a0\u00a0<\/strong>Agentes Patrimoniais s\u00e3o os funcion\u00e1rios respons\u00e1veis pelos bens patrimoniais da institui\u00e7\u00e3o.<\/p>\n<p style=\"font-weight: 400\"><strong>CARACTER\u00cdSTICAS:<\/strong><\/p>\n<ul style=\"font-weight: 400\">\n<li>A responsabilidade sobre os bens \u00e9 transferida aos Agentes Patrimoniais atrav\u00e9s da publica\u00e7\u00e3o em Di\u00e1rio Oficial.<\/li>\n<li>Cabe aos Agentes Patrimoniais conferirem a presen\u00e7a dos bens que estiverem sob sua responsabilidade, isto \u00e9, se realmente os bens est\u00e3ofisicamente no local indicado.<\/li>\n<li>\u00c9 de responsabilidade dos Agentes Patrimoniais o controle da movimenta\u00e7\u00e3o f\u00edsica dos bens patrimoniais.<\/li>\n<li>A responsabilidade dos Agentes Patrimoniais\u00a0perdura enquanto os mesmos estiverem com carga no respectivo setor de localiza\u00e7\u00e3o.<\/li>\n<li>Qualquer servidor que utilize, efetivamente, o bem m\u00f3vel para o desempenho de suas atribui\u00e7\u00f5es tem responsabilidade pela gest\u00e3o desses bens.<\/li>\n<\/ul>\n<h1>\u00a0 DEVERES DOS AGENTES PATRIMONIAIS:<\/h1>\n<ul>\n<li style=\"font-weight: 400\">\u00a0Certificar o recebimento dos bens patrimoniais destinados ao setor.<\/li>\n<li style=\"font-weight: 400\">\u00a0Utilizar o Formul\u00e1rio de Transfer\u00eancia Interna nos seguintes casos:<\/li>\n<\/ul>\n<ol>\n<li style=\"font-weight: 400\">Movimenta\u00e7\u00e3o f\u00edsica dos bens para outros setores.<\/li>\n<li style=\"font-weight: 400\">Manuten\u00e7\u00e3o dos bens \u2013 uso tempor\u00e1rio, at\u00e9 o retorno do bem \u2013 tanto dentro da institui\u00e7\u00e3o como fora. Acrescentar data de sa\u00edda e previs\u00e3o de retorno.<\/li>\n<li style=\"font-weight: 400\">Empr\u00e9stimo do bem para outro setor \u2013 uso tempor\u00e1rio, at\u00e9 o retorno do bem.<\/li>\n<\/ol>\n<ul>\n<li style=\"font-weight: 400\">Manter atualizada a rela\u00e7\u00e3o dos bens sob sua guarda, bem como as caracter\u00edsticas completas de identifica\u00e7\u00e3o dos mesmos.<\/li>\n<li style=\"font-weight: 400\">Informar \u00e0 Ger\u00eancia de Patrim\u00f4nio caso haja algum bem sem a devida plaqueta de identifica\u00e7\u00e3o.<\/li>\n<li style=\"font-weight: 400\">Informar \u00e0 Ger\u00eancia de Patrim\u00f4nio se algum bem for destru\u00eddo ou quebrado e, tamb\u00e9m, se tiver sido extraviado.<\/li>\n<\/ul>\n<p style=\"font-weight: 400\">\u00a0&#8211; Para manter os registros do patrim\u00f4nio atualizados, \u00e9 preciso realizar invent\u00e1rio atrav\u00e9s da verifica\u00e7\u00e3o f\u00edsica:<\/p>\n<ol>\n<li style=\"font-weight: 400\">a)Anualmente, de todos os bens patrimoniais sob a responsabilidade dos Agentes Patrimoniais, por setor.<\/li>\n<li style=\"font-weight: 400\">b)Quando os respectivos Agentes patrimoniais forem substitu\u00eddos.<\/li>\n<\/ol>\n<p style=\"font-weight: 400\">\u00a0<strong>RECOMENDA\u00c7\u00d5ES GERAIS:<\/strong><\/p>\n<p style=\"font-weight: 400\"><strong>\u00a0<\/strong>O Agente Patrimonial deve trabalhar em parceria com a Ger\u00eancia de Patrim\u00f4nio a fim de manter um efetivo controle dos bens patrimoniais.<\/p>\n<ul style=\"font-weight: 400\">\n<li>O Agente Patrimonial deve cumprir um papel de administrador do patrim\u00f4nio sob sua guarda.<\/li>\n<li>O Agente Patrimonial deve ajudar a conscientizar os demais funcion\u00e1rios da necessidade de zelar pelos bens patrimoniais da institui\u00e7\u00e3o, evitando danos ou desgastes desnecess\u00e1rios.\n<div id=\"tituloPrincipal\"><\/div>\n<div id=\"tituloPrincipal\"><\/div>\n<div id=\"tituloPrincipal\"><\/div>\n<div id=\"tituloPrincipal\"><\/div>\n<div id=\"tituloPrincipal\" style=\"text-align: center\">ORIENTA\u00c7\u00d5ES AO PESQUISADORES<\/div>\n<div id=\"materiaPrincipal\">\n<p align=\"justify\">Lembramos aos pesquisadores sobre a import\u00e2ncia do controle patrimonial dos bens m\u00f3veis adquiridos atrav\u00e9s de verbas de conv\u00eanio (de qualquer origem) sob sua responsabilidade.<br \/>\nOs bens devem estar devidamente identificados, com a sua localiza\u00e7\u00e3o atualizada e sob a guarda de um respons\u00e1vel nomeado oficialmente atrav\u00e9s de \u201cTermo de Responsabilidade\u201d.<br \/>\nEm caso de bens que ficar\u00e3o localizados em outras institui\u00e7\u00f5es, estes s\u00f3 poder\u00e3o ser entregues atrav\u00e9s de Termo de Cess\u00e3o de Uso ou outro dispositivo legal.<\/p>\n<p align=\"justify\">\n<\/div>\n<\/li>\n<\/ul>\n","protected":false},"excerpt":{"rendered":"<p>Aos agentes patrimoniais &#8211; Aten\u00e7\u00e3o ao Decreto Estadual n\u00ba 46223 de 11\/01\/2018 DEFINI\u00c7\u00c3O:\u00a0\u00a0Agentes Patrimoniais s\u00e3o os funcion\u00e1rios respons\u00e1veis pelos bens&#8230;<\/p>\n","protected":false},"author":18,"featured_media":0,"parent":0,"menu_order":0,"comment_status":"closed","ping_status":"closed","template":"","meta":{"footnotes":""},"class_list":["post-89","page","type-page","status-publish","hentry"],"_links":{"self":[{"href":"https:\/\/uenf.br\/dga\/gpat\/wp-json\/wp\/v2\/pages\/89","targetHints":{"allow":["GET"]}}],"collection":[{"href":"https:\/\/uenf.br\/dga\/gpat\/wp-json\/wp\/v2\/pages"}],"about":[{"href":"https:\/\/uenf.br\/dga\/gpat\/wp-json\/wp\/v2\/types\/page"}],"author":[{"embeddable":true,"href":"https:\/\/uenf.br\/dga\/gpat\/wp-json\/wp\/v2\/users\/18"}],"replies":[{"embeddable":true,"href":"https:\/\/uenf.br\/dga\/gpat\/wp-json\/wp\/v2\/comments?post=89"}],"version-history":[{"count":0,"href":"https:\/\/uenf.br\/dga\/gpat\/wp-json\/wp\/v2\/pages\/89\/revisions"}],"wp:attachment":[{"href":"https:\/\/uenf.br\/dga\/gpat\/wp-json\/wp\/v2\/media?parent=89"}],"curies":[{"name":"wp","href":"https:\/\/api.w.org\/{rel}","templated":true}]}}