{"id":96,"date":"2018-03-14T14:52:43","date_gmt":"2018-03-14T14:52:43","guid":{"rendered":"http:\/\/uenf.br\/dga\/gpat\/?page_id=96"},"modified":"2018-03-14T14:52:43","modified_gmt":"2018-03-14T14:52:43","slug":"bens-cnpq","status":"publish","type":"page","link":"https:\/\/uenf.br\/dga\/gpat\/bens-cnpq\/","title":{"rendered":"Bens CNPQ"},"content":{"rendered":"<div id=\"tituloPrincipal\">BENS PROVENIENTES DE PROJETOS FINANCIADOS PELO CNPq<\/div>\n<div id=\"materiaPrincipal\">\n<p>&nbsp;<\/p>\n<p align=\"justify\"><span style=\"color: #000000;font-family: verdana, arial, helvetica;font-size: small\">Com o objetivo de orientar, facilitar e unificar os procedimentos para incorporar ao patrim\u00f4nio da UENF os bens adquiridos atrav\u00e9s de Projetos de Pesquisas financiados pelo CNPq, segue abaixo uma listagem com orienta\u00e7\u00f5es que dever\u00e3o ser seguidas pelo Pesquisador respons\u00e1vel pelo Projeto.<\/span><\/p>\n<p align=\"justify\"><span style=\"font-family: verdana, arial, helvetica\"><span style=\"font-size: small\"><span style=\"color: #000000\"><strong>1\u00ba) DOCUMENTOS NECESS\u00c1RIOS<\/strong>:<\/span><\/span><\/span><\/p>\n<p align=\"justify\"><span style=\"color: #000000;font-family: verdana, arial, helvetica;font-size: small\">\u00a0\u00a0 Ao adquirir bens permanentes via CNPq, \u00e9 necess\u00e1rio encaminhar \u00e0 Ger\u00eancia de Patrim\u00f4nio os seguintes documentos:<\/span><\/p>\n<ul>\n<li>\n<div align=\"justify\"><span style=\"color: #000000;font-family: verdana, arial, helvetica;font-size: small\">Formul\u00e1rio para Encaminhamento de Notas Fiscais de Bens Patrimoniais (Modelo\u00a0encontrado no site do CNPq).<\/span><\/div>\n<\/li>\n<li>\n<div align=\"justify\"><span style=\"color: #000000;font-family: verdana, arial, helvetica;font-size: small\">C\u00f3pias das notas fiscais. As c\u00f3pias das notas fiscais devem ser leg\u00edveis\u00a0e conter todos os bens permanentes adquiridos com a discrimina\u00e7\u00e3o de seus respectivos valores.\u00a0\u00c9 necess\u00e1rio ressaltar que a fatura de compra n\u00e3o substitui a nota fiscal.\u00a0<\/span><\/div>\n<\/li>\n<\/ul>\n<p class=\"Section1\" align=\"justify\"><span style=\"color: #000000;font-family: verdana, arial, helvetica;font-size: small\">Obs.: O contato do Pesquisador com a Ger\u00eancia de Patrim\u00f4nio pode ser feito a partir da compra do primeiro bem. Ou seja: n\u00e3o \u00e9 necess\u00e1rio esperar o t\u00e9rmino do projeto para fazer este controle. A cada lote de compra, o Pequisador pode enviar \u00e0 Ger\u00eancia de Patrim\u00f4nio os documentos descritos acima.\u00a0\u00c1 medida que os formul\u00e1rios v\u00e3o sendo encaminhados ao CNPq, ser\u00e3o gerados (pelo CNPq) os Termos de Dep\u00f3sitos.<\/span><\/p>\n<p class=\"Section1\" align=\"justify\"><span style=\"font-family: verdana, arial, helvetica\"><span style=\"font-size: small\"><span style=\"color: #000000\"><strong>2\u00ba) VERIFICA\u00c7\u00c3O F\u00cdSICA DOS BENS<\/strong>:<\/span><\/span><\/span><\/p>\n<p class=\"Section1\" align=\"justify\"><span style=\"color: #000000;font-family: verdana, arial, helvetica;font-size: small\">\u00a0\u00a0 De posse dos documentos relacionados no 1\u00ba item, a Ger\u00eancia de Patrim\u00f4nio agendar\u00e1 a verifica\u00e7\u00e3o f\u00edsica dos bens descritos no Formul\u00e1rio de Encaminhamento de Notas Fiscais de Bens Patrimoniais. Nesta verifica\u00e7\u00e3o, \u00e9 necess\u00e1rio que todos\u00a0os bens relacionados sejam identificados e localizados. Os bens receber\u00e3o uma etiqueta indicando o n\u00famero de controle e a etiqueta do CNPq.<\/span><\/p>\n<p class=\"Section1\" align=\"justify\"><span style=\"font-family: verdana, arial, helvetica\"><span style=\"font-size: small\"><span style=\"color: #000000\">\u00a0\u00a0<strong>3\u00b0) ENCAMINHAMENTO AO CNPq:<\/strong><\/span><\/span><\/span><\/p>\n<p class=\"Section1\" align=\"justify\"><span style=\"color: #000000;font-family: verdana, arial, helvetica;font-size: small\">\u00a0\u00a0 Ap\u00f3s verifica\u00e7\u00e3o f\u00edsica dos bens, a Ger\u00eancia de Patrim\u00f4nio devolver\u00e1 o Formul\u00e1rio de Encaminhamento de Notas Fiscais de Bens Patrimoniais ao Pesquisador devidamente assinado pelo Respons\u00e1vel do Setor de Patrim\u00f4nio. Este\u00a0Formul\u00e1rio dever\u00e1 ser encaminhado pelo Pesquisador ao CNPq.<\/span><\/p>\n<p class=\"Section1\" align=\"justify\"><strong><span style=\"color: #000000;font-family: verdana, arial, helvetica;font-size: small\">4\u00ba) TERMO DE DEP\u00d3SITO:\u00a0<\/span><\/strong><\/p>\n<p class=\"Section1\" align=\"justify\"><span style=\"color: #000000;font-family: verdana, arial, helvetica;font-size: small\">\u00a0 Ap\u00f3s o fechamento deste lote de compra, o CNPq enviar\u00e1 \u00e0 Ger\u00eancia de Patrim\u00f4nio 03 vias do Termo de Dep\u00f3sito que dever\u00e1 ser assinado pelo Pesquisador e Pelo Agente Patrimonial. A devolu\u00e7\u00e3o ao CNPq de 01 via deste Termo ficar\u00e1 a cargo da Ger\u00eancia de Patrim\u00f4nio atrav\u00e9s de Of\u00edcio e A.R..As demais vias s\u00e3o do Pesquisador e do Agente Patrimonial do Setor.<\/span><\/p>\n<p class=\"Section1\" align=\"justify\"><strong><span style=\"color: #000000;font-family: verdana, arial, helvetica;font-size: small\">5\u00ba) NO CASO DE MATERIAL IMPORTADO:<\/span><\/strong><\/p>\n<p class=\"Section1\" align=\"justify\"><span style=\"color: #000000;font-family: verdana, arial, helvetica;font-size: small\">\u00a0\u00a0Prestar conta anexando a declara\u00e7\u00e3o de importa\u00e7\u00e3o (DI). A INVOICE N\u00c3O \u00c9 SUFICIENTE. Anexar tamb\u00e9m a presta\u00e7\u00e3o de contas do \u00f3rg\u00e3o\u00a0importador.<\/span><\/p>\n<p class=\"Section1\" align=\"justify\"><strong><span style=\"color: #000000;font-family: verdana, arial, helvetica;font-size: small\">Observa\u00e7\u00f5es:\u00a0<\/span><\/strong><\/p>\n<p class=\"Section1\" align=\"justify\"><span style=\"font-family: verdana, arial, helvetica\"><span style=\"font-size: small\"><span style=\"color: #000000\"><u><strong>BEM INCORPOR\u00c1VEL\u00a0<\/strong><\/u>&#8211; todo e qualquer bem do estado, de natureza duradoura (bens m\u00f3veis, im\u00f3veis\u00a0 e de natureza industrial), adquirido ou n\u00e3o pela administra\u00e7\u00e3o p\u00fablica, para uso de Secretaria Estadual, Autarquia, Funda\u00e7\u00e3o ou Empresa de Economia Mista.<\/span><\/span><\/span><\/p>\n<p class=\"Section1\" align=\"justify\"><span style=\"font-family: verdana, arial, helvetica\"><span style=\"font-size: small\"><span style=\"color: #000000\"><strong><u>BEM N\u00c3O INCORPOR\u00c1VEL\u00a0<\/u><\/strong>&#8211; \u00e9 o tipo de bem que faz parte de instala\u00e7\u00e3o do im\u00f3vel, tais como: m\u00f3veis embutidos, aparelhagem de ar condicionado central, lavat\u00f3rios de lou\u00e7as, portas, janelas, etc.<\/span><\/span><\/span><\/p>\n<\/div>\n","protected":false},"excerpt":{"rendered":"<p>BENS PROVENIENTES DE PROJETOS FINANCIADOS PELO CNPq &nbsp; Com o objetivo de orientar, facilitar e unificar os procedimentos para incorporar&#8230;<\/p>\n","protected":false},"author":18,"featured_media":0,"parent":0,"menu_order":0,"comment_status":"closed","ping_status":"closed","template":"","meta":{"footnotes":""},"class_list":["post-96","page","type-page","status-publish","hentry"],"_links":{"self":[{"href":"https:\/\/uenf.br\/dga\/gpat\/wp-json\/wp\/v2\/pages\/96","targetHints":{"allow":["GET"]}}],"collection":[{"href":"https:\/\/uenf.br\/dga\/gpat\/wp-json\/wp\/v2\/pages"}],"about":[{"href":"https:\/\/uenf.br\/dga\/gpat\/wp-json\/wp\/v2\/types\/page"}],"author":[{"embeddable":true,"href":"https:\/\/uenf.br\/dga\/gpat\/wp-json\/wp\/v2\/users\/18"}],"replies":[{"embeddable":true,"href":"https:\/\/uenf.br\/dga\/gpat\/wp-json\/wp\/v2\/comments?post=96"}],"version-history":[{"count":0,"href":"https:\/\/uenf.br\/dga\/gpat\/wp-json\/wp\/v2\/pages\/96\/revisions"}],"wp:attachment":[{"href":"https:\/\/uenf.br\/dga\/gpat\/wp-json\/wp\/v2\/media?parent=96"}],"curies":[{"name":"wp","href":"https:\/\/api.w.org\/{rel}","templated":true}]}}