{"id":13,"date":"2016-06-08T13:54:14","date_gmt":"2016-06-08T13:54:14","guid":{"rendered":"http:\/\/uenf.br\/dga\/sepof\/?page_id=13"},"modified":"2016-06-08T14:13:40","modified_gmt":"2016-06-08T14:13:40","slug":"procedimentos","status":"publish","type":"page","link":"https:\/\/uenf.br\/dga\/sepof\/procedimentos\/","title":{"rendered":"Procedimentos"},"content":{"rendered":"<p><strong>Como Proceder<\/strong><\/p>\n<p align=\"justify\">As mat\u00e9rias para publica\u00e7\u00e3o ser\u00e3o encaminhadas ao Setor de Publica\u00e7\u00f5es Oficiais da UENF, via e-mail , para que sejam verificadas e inseridas no Sistema Eletr\u00f4nico de Envio de Documentos Oficiais &#8211; E-DOFS, da Imprensa Oficial, at\u00e9 \u00e0s 12 horas, conforme <a href=\"http:\/\/www.uenf.br\/Uenf\/Downloads\/SEPOF_2748_1202992279.pdf\">Resolu\u00e7\u00e3o CC n\u00ba 56 de 20\/12\/2007<\/a>, visando a publica\u00e7\u00e3o no dia \u00fatil imediato, por isso \u00e9 necess\u00e1rio que as mat\u00e9rias sejam enviadas para o e-mail <a href=\"mailto:sepof@uenf.br\">sepof@uenf.br<\/a>, at\u00e9 \u00e0s 11 horas, garantindo sua publica\u00e7\u00e3o.<br \/>\n\u00c9 importante que as informa\u00e7\u00f5es contidas nas mat\u00e9rias estejam corretas e sigam as normas para Publica\u00e7\u00f5es Oficiais, dispon\u00edveis nesta p\u00e1gina, para assim evitarmos retifica\u00e7\u00f5es.<\/p>\n<p align=\"justify\">Ap\u00f3s publicada a mat\u00e9ria no Di\u00e1rio Oficial do Estado do Rio de Janeiro, ser\u00e1 informada por e-mail ou guia de remessa ao solicitante da mat\u00e9ria.<\/p>\n<p align=\"justify\">Observa\u00e7\u00e3o: As mat\u00e9rias de Atos Normativos, Portarias e Resolu\u00e7\u00f5es, assim como editais de concursos, dever\u00e3o ser encaminhados juntamente com os processos.<\/p>\n<p align=\"justify\"><strong>Como proceder:<\/strong> <a href=\"https:\/\/uenf.br\/dga\/sepof\/files\/2016\/06\/Como-Proceder_SEPOF.pdf\" target=\"_blank\">Download<\/a><\/p>\n","protected":false},"excerpt":{"rendered":"<p>Como Proceder As mat\u00e9rias para publica\u00e7\u00e3o ser\u00e3o encaminhadas ao Setor de Publica\u00e7\u00f5es Oficiais da UENF, via e-mail , para que&#8230;<\/p>\n","protected":false},"author":1,"featured_media":0,"parent":0,"menu_order":2,"comment_status":"closed","ping_status":"closed","template":"","meta":{"footnotes":""},"class_list":["post-13","page","type-page","status-publish","hentry"],"_links":{"self":[{"href":"https:\/\/uenf.br\/dga\/sepof\/wp-json\/wp\/v2\/pages\/13","targetHints":{"allow":["GET"]}}],"collection":[{"href":"https:\/\/uenf.br\/dga\/sepof\/wp-json\/wp\/v2\/pages"}],"about":[{"href":"https:\/\/uenf.br\/dga\/sepof\/wp-json\/wp\/v2\/types\/page"}],"author":[{"embeddable":true,"href":"https:\/\/uenf.br\/dga\/sepof\/wp-json\/wp\/v2\/users\/1"}],"replies":[{"embeddable":true,"href":"https:\/\/uenf.br\/dga\/sepof\/wp-json\/wp\/v2\/comments?post=13"}],"version-history":[{"count":0,"href":"https:\/\/uenf.br\/dga\/sepof\/wp-json\/wp\/v2\/pages\/13\/revisions"}],"wp:attachment":[{"href":"https:\/\/uenf.br\/dga\/sepof\/wp-json\/wp\/v2\/media?parent=13"}],"curies":[{"name":"wp","href":"https:\/\/api.w.org\/{rel}","templated":true}]}}