{"id":17,"date":"2016-06-08T13:56:10","date_gmt":"2016-06-08T13:56:10","guid":{"rendered":"http:\/\/uenf.br\/dga\/sepof\/?page_id=17"},"modified":"2016-06-08T14:12:56","modified_gmt":"2016-06-08T14:12:56","slug":"normas-para-publicacao","status":"publish","type":"page","link":"https:\/\/uenf.br\/dga\/sepof\/normas-para-publicacao\/","title":{"rendered":"Normas para publica\u00e7\u00e3o"},"content":{"rendered":"<ul>\n<li><strong>Resolu\u00e7\u00e3o SAD n\u00ba 2681, 03\/04\/97 &#8211; <a href=\"https:\/\/uenf.br\/dga\/sepof\/files\/2016\/06\/Resolu\u00e7\u00e3o-SAD-n-2681-03_04_97.pdf\" target=\"_blank\">Download<\/a><br \/>\n<\/strong>Estabelece normas e procedimentos para a publica\u00e7\u00e3o em extratos dos atos administrativos e d\u00e1 outras provid\u00eancias.<br \/>\n<a href=\"http:\/\/uenf.br\/Uenf\/Downloads\/SEPOF_2750_1132246378.pdf\" target=\"_blank\"><br \/>\n<\/a><\/li>\n<li><strong>Altera\u00e7\u00f5es das Normas &#8211; <a href=\"https:\/\/uenf.br\/dga\/sepof\/files\/2016\/06\/Altera\u00e7\u00e3o-das-Normas.pdf\" target=\"_blank\">Download<\/a><br \/>\n<\/strong>Altera as normas de publica\u00e7\u00e3o no Di\u00e1rio Oficial do Estado do Rio de Janeiro. D.O. de 29\/07\/04, Parte I\u00a0e 05\/08\/04, Parte I.<\/li>\n<\/ul>\n","protected":false},"excerpt":{"rendered":"<p>Resolu\u00e7\u00e3o SAD n\u00ba 2681, 03\/04\/97 &#8211; Download Estabelece normas e procedimentos para a publica\u00e7\u00e3o em extratos dos atos administrativos e&#8230;<\/p>\n","protected":false},"author":1,"featured_media":0,"parent":0,"menu_order":3,"comment_status":"closed","ping_status":"closed","template":"","meta":{"footnotes":""},"class_list":["post-17","page","type-page","status-publish","hentry"],"_links":{"self":[{"href":"https:\/\/uenf.br\/dga\/sepof\/wp-json\/wp\/v2\/pages\/17","targetHints":{"allow":["GET"]}}],"collection":[{"href":"https:\/\/uenf.br\/dga\/sepof\/wp-json\/wp\/v2\/pages"}],"about":[{"href":"https:\/\/uenf.br\/dga\/sepof\/wp-json\/wp\/v2\/types\/page"}],"author":[{"embeddable":true,"href":"https:\/\/uenf.br\/dga\/sepof\/wp-json\/wp\/v2\/users\/1"}],"replies":[{"embeddable":true,"href":"https:\/\/uenf.br\/dga\/sepof\/wp-json\/wp\/v2\/comments?post=17"}],"version-history":[{"count":0,"href":"https:\/\/uenf.br\/dga\/sepof\/wp-json\/wp\/v2\/pages\/17\/revisions"}],"wp:attachment":[{"href":"https:\/\/uenf.br\/dga\/sepof\/wp-json\/wp\/v2\/media?parent=17"}],"curies":[{"name":"wp","href":"https:\/\/api.w.org\/{rel}","templated":true}]}}