{"id":2,"date":"2015-07-08T12:29:30","date_gmt":"2015-07-08T12:29:30","guid":{"rendered":"http:\/\/uenf.br\/dga\/sepof\/?page_id=2"},"modified":"2016-06-08T13:53:51","modified_gmt":"2016-06-08T13:53:51","slug":"apresentacao","status":"publish","type":"page","link":"https:\/\/uenf.br\/dga\/sepof\/","title":{"rendered":"Apresenta\u00e7\u00e3o"},"content":{"rendered":"<p align=\"justify\">O Setor de Publica\u00e7\u00f5es Oficiais foi criado com objetivo de centralizar e\u00a0otimizar as publica\u00e7\u00f5es da UENF no Di\u00e1rio Oficial do Estado do Rio de Janeiro. Situado na Ger\u00eancia de Recursos Humanos, sala 217, Pr\u00e9dio da Reitoria, este setor auxiliar\u00e1 a tramita\u00e7\u00e3o de processos, recebendo mat\u00e9rias, conferindo, encaminhando e acompanhando-as at\u00e9 sua publica\u00e7\u00e3o.<\/p>\n<p><strong>\u00c9 de compet\u00eancia do\u00a0SEPOF: <\/strong><\/p>\n<p>-Normatizar, orientar, coordenar e controlar as atividades relacionadas \u00e0s publica\u00e7\u00f5es oficiais da UENF;<br \/>\n-Receber, revisar e corrigir mat\u00e9rias, organizando-as para fins de encaminhamento atrav\u00e9s do Sistema Eletr\u00f4nico de Envio de Documentos Oficiais &#8211; E-DOFS\u00a0\u00e0 Imprensa Oficial do Estado para publica\u00e7\u00e3o;<br \/>\n-Controlar a publica\u00e7\u00e3o da mat\u00e9ria\u00a0em Di\u00e1rio Oficial;<br \/>\n-Receber processos e atos, encaminhando-os aos devidos setores ap\u00f3s publica\u00e7\u00e3o;<br \/>\n-Divulgar por e-mail ou Guia de Remessa as publica\u00e7\u00f5es;<br \/>\n-Atualizar p\u00e1gina da SEPOF, na Rede com informa\u00e7\u00f5es publicadas no Di\u00e1rio Oficial do Estado do Rio de Janeiro.<\/p>\n","protected":false},"excerpt":{"rendered":"<p>O Setor de Publica\u00e7\u00f5es Oficiais foi criado com objetivo de centralizar e\u00a0otimizar as publica\u00e7\u00f5es da UENF no Di\u00e1rio Oficial do&#8230;<\/p>\n","protected":false},"author":11,"featured_media":0,"parent":0,"menu_order":1,"comment_status":"open","ping_status":"closed","template":"","meta":{"footnotes":""},"class_list":["post-2","page","type-page","status-publish","hentry"],"_links":{"self":[{"href":"https:\/\/uenf.br\/dga\/sepof\/wp-json\/wp\/v2\/pages\/2","targetHints":{"allow":["GET"]}}],"collection":[{"href":"https:\/\/uenf.br\/dga\/sepof\/wp-json\/wp\/v2\/pages"}],"about":[{"href":"https:\/\/uenf.br\/dga\/sepof\/wp-json\/wp\/v2\/types\/page"}],"author":[{"embeddable":true,"href":"https:\/\/uenf.br\/dga\/sepof\/wp-json\/wp\/v2\/users\/11"}],"replies":[{"embeddable":true,"href":"https:\/\/uenf.br\/dga\/sepof\/wp-json\/wp\/v2\/comments?post=2"}],"version-history":[{"count":0,"href":"https:\/\/uenf.br\/dga\/sepof\/wp-json\/wp\/v2\/pages\/2\/revisions"}],"wp:attachment":[{"href":"https:\/\/uenf.br\/dga\/sepof\/wp-json\/wp\/v2\/media?parent=2"}],"curies":[{"name":"wp","href":"https:\/\/api.w.org\/{rel}","templated":true}]}}